{"id":8399,"date":"2011-05-11T18:32:01","date_gmt":"2011-05-11T16:32:01","guid":{"rendered":"http:\/\/klubmamgdynia.pl\/index.php\/produkt\/generator-pary-braun-carestyle-compact-is-2055bk\/"},"modified":"2026-04-04T10:20:51","modified_gmt":"2026-04-04T08:20:51","slug":"generator-pary-braun-carestyle-compact-is-2055bk","status":"publish","type":"product","link":"http:\/\/klubmamgdynia.pl\/index.php\/produkt\/generator-pary-braun-carestyle-compact-is-2055bk\/","title":{"rendered":"Generator pary BRAUN CareStyle Compact IS 2055BK"},"content":{"rendered":"<p>\u017belazko z generatorem pary CareStyle 2 IS 2055 BK<\/p>\n<p>CareStyle 2 &#8211; najmniejsze \u017celazko z generatorem pary Braun \u2013 zaskakuje funkcjonalno\u015bci\u0105 i u\u0142atwia codzienne dbanie o garderob\u0119. Posiada unikalny, pionowy kszta\u0142t, a jego podstawa mie\u015bci si\u0119 na kartce A4, dzi\u0119ki czemu jest niezwykle proste w u\u017cytkowaniu i przechowywaniu. Wyposa\u017cone w inteligentn\u0105 technologi\u0119 iCare, mocny wyrzut pary, pierwsz\u0105 na \u015bwiecie stop\u0119 Eloxal FreeGlide3D oraz szereg innowacji, bez problemu poradzi sobie z najtrudniejszymi zagnieceniami tkanin. Dzi\u0119ki por\u0119cznemu zbiornikowi na wod\u0119, niskiej wadze \u017celazka oraz jego kompaktowym wymiarom prasowanie nawet du\u017cej ilo\u015bci ubra\u0144, po\u015bcieli czy r\u0119cznik\u00f3w b\u0119dzie szybkie, efektywne i przyjemne. Z CareStyle Compact zaoszcz\u0119dzisz a\u017c 50% czasu, po\u015bwi\u0119canego do tej pory na prasowanie oraz 50% miejsca, kt\u00f3re zajmuje \u017celazko.* *50% zaoszcz\u0119dzonego czasu (wewn\u0119trzne badania laboratoryjne, w por\u00f3wnaniu do \u017celazka parowego Braun TS5) i 50% zaoszcz\u0119dzonego miejsca (w por\u00f3wnaniu do \u017celazka z generatorem pary Braun IS7056)                            <\/p>\n<p>            Innowacyjna stopa <\/p>\n<p>\u017belazko z generatorem pary CareStyle Compact zosta\u0142o wyposa\u017cone w pierwsz\u0105 na \u015bwiecie stop\u0119 Eloxal, FreeGlide3D zapewniaj\u0105c\u0105 niezwyk\u0142\u0105 \u0142atwo\u015b\u0107 manewr\u00f3w 360\u00b0 po tkaninie &#8211; w prz\u00f3d i w ty\u0142, nawet przy suwakach, kieszeniach czy guzikach. Zaokr\u0105glony, wygi\u0119ty u do\u0142u kszta\u0142t stopy \u2013 inspirowany desk\u0105 snowboardow\u0105 pozwala na szybsze i efektywne prasowanie, u\u0142atwiaj\u0105c dotarcie do trudno dost\u0119pnych miejsc, takich jak: zaszewki, zamki czy fa\u0142dy oraz umo\u017cliwia g\u0142adki po\u015blizg \u017celazkiem po tkaninie tak\u017ce w ty\u0142, bez marszczenia materia\u0142u. Pokrycie stopy z eloxalu jest dwukrotnie twardsze od stali nierdzewnej, co gwarantuje wyj\u0105tkow\u0105 odporno\u015b\u0107 na zarysowania.                            <\/p>\n<p>            Moc pary <\/p>\n<p>Si\u0142\u0105 i gwarancj\u0105 skuteczno\u015bci CareStyle Compact jest mocny wyrzut pary wodnej, kt\u00f3ry pozwala usun\u0105\u0107 wszelkie niedoskona\u0142o\u015bci, bez wzgl\u0119du na to, jak bardzo pognieciony jest materia\u0142. Moc 2200 W w po\u0142\u0105czeniu z silnym wyrzutem pary \u2013 a\u017c 125g\/min &#8211; pozwala szybko i precyzyjnie wyprasowa\u0107 ka\u017cd\u0105 cz\u0119\u015b\u0107 garderoby, docieraj\u0105c tak\u017ce do najtrudniej dost\u0119pnych miejsc. Dodatkowe uderzenie pary (400 g\/min) pozwala jej dok\u0142adnie przenika\u0107 tkaniny, aby zaoszcz\u0119dzi\u0107 czas, sp\u0119dzony na prasowaniu, a do osi\u0105gni\u0119cia doskona\u0142ych efekt\u00f3w nie trzeba by\u0142o u\u017cywa\u0107 tyle si\u0142y, co dotychczas. Dzi\u0119ki mo\u017cliwo\u015bci prasowania par\u0105 w pionie, mo\u017cesz te\u017c szybko od\u015bwie\u017cy\u0107 ubrania.                            <\/p>\n<p>            Zaoszcz\u0119d\u017a 50% miejsca<\/p>\n<p>CareStyle 2 jest najmniejszym \u017celazkiem z generatorem pary Braun. Posiada unikalny, pionowy kszta\u0142t, a jego podstawa mie\u015bci si\u0119 na kartce A4. Kompaktowe wymiary i unikalny projekt, u\u0142atwiaj\u0105 jego u\u017cytkowanie i przechowywanie, np. w szafce lub na p\u00f3\u0142ce w garderobie. Dzi\u0119ki specjalnej pokrywie zbiornika na wod\u0119, nie musisz martwi\u0107 si\u0119 o zachlapania przy przek\u0142adaniu \u017celazka, a blokada pozwala bezpiecznie przenosi\u0107 je jedn\u0105 r\u0119k\u0105. Urz\u0105dzenie wyposa\u017cono tak\u017ce w wygodny uchwyt na kabel.                            <\/p>\n<p>            Technologia Double Steam<\/p>\n<p>Aktywne strefy pary, z silnym wyrzutem w pionie i poziomie u\u0142atwi\u0105 prasowanie najtrudniejszych obszar\u00f3w: okr\u0105g\u0142ych guzik\u00f3w, ko\u0142nierzy, mankiet\u00f3w, kieszeni, koronek czy falban. Wst\u0119pne nawil\u017canie pozwala parze lepiej wnikn\u0105\u0107 w ubranie, za\u015b jej pe\u0142ny wyrzut idealnie usunie nawet najg\u0142\u0119bsze zagniecenia. Technologia Double Steam wytwarza ponad dwa razy wi\u0119cej pary ni\u017c zwyk\u0142e \u017celazka parowe.* * Na bazie wewn\u0119trznych test\u00f3w Braun, w por\u00f3wnaniu do \u017celazek TexStyle.                            <\/p>\n<p>            Precyzyjny wyrzut pary z czubka <\/p>\n<p>Precyzyjny wyrzut pary z czubka gwarantuje staranne wyprasowanie najbardziej uporczywych zagniece\u0144, nawet tych miedzy guzikami, wok\u00f3\u0142 kieszeni i w innych k\u0142opotliwych miejscach.                             <\/p>\n<p>            Zaawansowana technologia iCare<\/p>\n<p>Nowoczesna technologia iCare zmienia prasowanie w intuicyjn\u0105 i prost\u0105 czynno\u015b\u0107, bez potrzeby sortowania ubra\u0144 i niezale\u017cnie od specyfiki poszczeg\u00f3lnych tkanin. iCare chroni materia\u0142y poprzez automatyczne nastawienie bezpiecznej temperatury. Dostosowuje j\u0105 nawet do delikatnych tkanin, bez konieczno\u015bci oczekiwania na nagrzanie lub sch\u0142odzenie stopy. W ten spos\u00f3b nie tylko pozwala zaoszcz\u0119dzi\u0107 du\u017co czasu, ale tak\u017ce dba o Twoje ubrania, chroni\u0105c je tak\u017ce przed przypaleniem. Nawet, gdy zostawisz \u017celazko z generatorem pary bez nadzoru, system ochroni tkanin\u0119 przed spaleniem.                             <\/p>\n<p>            Zbiornik na wod\u0119 (1,3L)<\/p>\n<p>Praktyczny zbiornik na wod\u0119 mie\u015bci wi\u0119cej p\u0142ynu, ni\u017c tradycyjne \u017celazko, a otw\u00f3r do wlewania wody XL u\u0142atwia jego nape\u0142nianie. Jego pojemno\u015b\u0107 pozwala znacznie skr\u00f3ci\u0107 czas prasowania. Mo\u017cesz prasowa\u0107 nawet 1,5 h bez przerwy po jednym uzupe\u0142nieniu zbiornika. Pojemnik jest zintegrowany ze stacj\u0105, wi\u0119c nie zwi\u0119ksza wagi \u017celazka.                             <\/p>\n<p>            Pe\u0142na wygoda u\u017cytkowania<\/p>\n<p>Odk\u0142adanie \u017celazka tak\u017ce jest wygodne i por\u0119czne, dzi\u0119ki 3 opcjonalnym pozycjom: pionowo lub poziomo na desce do prasowania lub pionowo na podstawie stacji.                            <\/p>\n<p>            Zapobieganie osadzaniu kamienia<\/p>\n<p>CareStyle 2055 posiada dwa filtry antywapienne w zestawie, kt\u00f3re pozwalaj\u0105 zadba\u0107 o czysto\u015b\u0107 \u017celazka, chroni\u0105c je przed osadzaniem kamienia. Wystarczaj\u0105 na rok u\u017cytkowania i bardzo \u0142atwo si\u0119 je wymienia. Wyd\u0142u\u017caj\u0105 \u017cywotno\u015b\u0107 \u017celazka a\u017c pi\u0119ciokrotnie.* *W por\u00f3wnaniu do CareStyle Compact bez wymiany filtra.                            <\/p>\n<p>            System automatycznego wy\u0142\u0105czania 10 min Auto-off <\/p>\n<p>Praktyczny system Auto-off zapewnia pe\u0142ne bezpiecze\u0144stwo u\u017cytkowania \u017celazka z generatorem pary. Gdy przestaje by\u0107 u\u017cywane, nast\u0119puje automatyczne wy\u0142\u0105czenie nagrzewania po 10 minutach. Kiedy w po\u015bpiechu ko\u0144czysz prasowanie lub zapomnisz wy\u0142\u0105czy\u0107 \u017celazka, system automatycznie od\u0142\u0105czy zasilanie po 10 minutach, co gwarantuje bezpiecze\u0144stwo dla domu oraz zapewnia optymalne wykorzystanie energii elektrycznej.                            <\/p>\n<p>            Blokada kapania<\/p>\n<p>Dzi\u0119ki zaawansowanej technologii, zastosowanej w stacjach pary CareStyle, temperatura jest kontrolowana skuteczniej. W tradycyjnych \u017celazkach z generatorem pary z termostatem, przy maksymalnym ustawieniu pokr\u0119t\u0142a pary, po w\u0142\u0105czeniu urz\u0105dzenia przez kilka pierwszych sekund wydobywa si\u0119 z niego woda, poniewa\u017c nienagrzana stopa nie zmieni\u0142a jej jeszcze w par\u0119 wodn\u0105. To powoduje k\u0142opotliwe zachlapania prasowanych ubra\u0144. Innowacyjna, blokada kapania dzia\u0142a ju\u017c od momentu w\u0142\u0105czenia \u017celazka, zapobiegaj\u0105c dystrybucji wody, dop\u00f3ki urz\u0105dzenie si\u0119 nie rozgrzeje. Dzi\u0119ki niej oszcz\u0119dzasz czas, a samo prasowanie jest jeszcze \u0142atwiejsze, bo nie musisz skupia\u0107 si\u0119 na ustawieniach \u017celazka.                            <\/p>\n<p>            Tryb ECO<\/p>\n<p>Tryb Eco pozwala na ustawienie optymalnej temperatury dla doskona\u0142ych rezultat\u00f3w prasowania delikatnych materia\u0142\u00f3w, takich jak: jedwab, satyna, we\u0142na czy materia\u0142y syntetyczne. Co wi\u0119cej, umo\u017cliwia dbanie o \u015brodowisko, oszcz\u0119dzaj\u0105c podczas prasowania ponad 30% energii elektrycznej*. Wystarczy w\u0142\u0105czy\u0107 przycisk ECO, aby uzyska\u0107 mniejsz\u0105 ilo\u015b\u0107 pary i tak znaczn\u0105 oszcz\u0119dno\u015b\u0107 energii.*W por\u00f3wnaniu do innych ustawie\u0144.                            <\/p>\n<p>            CareStyle Compact &#8211; oszcz\u0119dno\u015b\u0107 czasu i miejsca<\/p>\n<p>Korzystaj\u0105c z \u017celazka z generatorem pary CareStyle 2, oszcz\u0119dzasz a\u017c 50% czasu, po\u015bwi\u0119canego do tej pory na prasowanie oraz miejsca, kt\u00f3re zajmuje \u017celazko.* Nie musisz d\u0142ugo czeka\u0107 na nagrzanie urz\u0105dzenia, co pozwala szybko uprasowa\u0107 ubrania, gdy bardzo si\u0119 spieszysz. Dzi\u0119ki technologii iCare, stacja parowa ustawia bezpieczn\u0105 temperatur\u0119 nawet do najbardziej delikatnych tkanin, bez konieczno\u015bci oczekiwania na nagrzanie lub sch\u0142odzenie stopy, oszcz\u0119dzaj\u0105c Tw\u00f3j czas. *50% zaoszcz\u0119dzonego czasu (wewn\u0119trzne badania laboratoryjne, w por\u00f3wnaniu do \u017celazka parowego Braun TS5) i 50% zaoszcz\u0119dzonego miejsca (w por\u00f3wnaniu do \u017celazka z generatorem pary Braun IS7056)                            <\/p>\n<p>            Poznaj \u017celazka z generatorem pary CareStyle Compact<\/p>\n<p>            Zaoszcz\u0119d\u017a 50% w szafie<\/p>\n<p>            Koniec z odkamienianiem, wystrczy prosta wymiana filtra<\/p>\n<h2>Generator pary BRAUN CareStyle Compact IS 2055BK Braun<\/h2>\n<p>rysowanie po \u015bladzie, imi\u0119 kostek, wz\u00f3r dyplomu do pobrania, jak zapakowa\u0107 prezent dla dziecka, quiz o samochodach, najlepsze zarty na prima aprilis, wzory dyplom\u00f3w dyplomy do druku, malowanki do wydruku, trudne zagadki logiczne z odpowiedziami, nela w krainie wombat\u00f3w, bajka na dobranoc do czytania, znaczenie imiona marcel, quiz dzieci z bullerbyn, znaki drogowe test online, opisy do zdj\u0119\u0107 dziecka, zima z\u0142a tekst, julian znaczenie imienia<\/p>\n<p>yyyyy<\/p>\n<p>&nbsp;<\/p>\n","protected":false},"excerpt":{"rendered":"<p>\u017belazko z generatorem pary CareStyle 2 IS 2055 BK CareStyle 2 &#8211; najmniejsze \u017celazko z generatorem pary Braun \u2013 zaskakuje funkcjonalno\u015bci\u0105 i u\u0142atwia codzienne dbanie o garderob\u0119. Posiada unikalny, pionowy kszta\u0142t, a jego podstawa mie\u015bci si\u0119 na kartce A4, dzi\u0119ki czemu jest niezwykle proste w u\u017cytkowaniu i przechowywaniu. Wyposa\u017cone w inteligentn\u0105 technologi\u0119 iCare, mocny wyrzut [&hellip;]<\/p>\n","protected":false},"featured_media":8400,"comment_status":"closed","ping_status":"open","template":"","meta":[],"product_cat":[1319,1320],"product_tag":[611,620,773],"class_list":["post-8399","product","type-product","status-publish","has-post-thumbnail","hentry","product_cat-braun","product_cat-stacje-parowe","product_tag-bajki-do-czytania-psi-patrol","product_tag-quiz-opowiesci-z-narnii","product_tag-test-z-lektury-opowiesci-z-narnii-lew-czarownica-i-stara-szafa"],"_links":{"self":[{"href":"http:\/\/klubmamgdynia.pl\/index.php\/wp-json\/wp\/v2\/product\/8399","targetHints":{"allow":["GET"]}}],"collection":[{"href":"http:\/\/klubmamgdynia.pl\/index.php\/wp-json\/wp\/v2\/product"}],"about":[{"href":"http:\/\/klubmamgdynia.pl\/index.php\/wp-json\/wp\/v2\/types\/product"}],"replies":[{"embeddable":true,"href":"http:\/\/klubmamgdynia.pl\/index.php\/wp-json\/wp\/v2\/comments?post=8399"}],"wp:featuredmedia":[{"embeddable":true,"href":"http:\/\/klubmamgdynia.pl\/index.php\/wp-json\/wp\/v2\/media\/8400"}],"wp:attachment":[{"href":"http:\/\/klubmamgdynia.pl\/index.php\/wp-json\/wp\/v2\/media?parent=8399"}],"wp:term":[{"taxonomy":"product_cat","embeddable":true,"href":"http:\/\/klubmamgdynia.pl\/index.php\/wp-json\/wp\/v2\/product_cat?post=8399"},{"taxonomy":"product_tag","embeddable":true,"href":"http:\/\/klubmamgdynia.pl\/index.php\/wp-json\/wp\/v2\/product_tag?post=8399"}],"curies":[{"name":"wp","href":"https:\/\/api.w.org\/{rel}","templated":true}]}}