{"id":84,"date":"2017-06-12T10:19:18","date_gmt":"2017-06-12T08:19:18","guid":{"rendered":"http:\/\/klubmamgdynia.pl\/index.php\/produkt\/costway-elektryczny-samochod-dla-dzieci-audi-q8-czerwony\/"},"modified":"2026-04-19T04:13:28","modified_gmt":"2026-04-19T02:13:28","slug":"costway-elektryczny-samochod-dla-dzieci-audi-q8-czerwony","status":"publish","type":"product","link":"http:\/\/klubmamgdynia.pl\/index.php\/produkt\/costway-elektryczny-samochod-dla-dzieci-audi-q8-czerwony\/","title":{"rendered":"Costway Elektryczny Samoch\u00f3d Dla Dzieci Audi Q8 Czerwony"},"content":{"rendered":"<p>Elektryczny samoch\u00f3d dla dzieci Audi Q8 Czerwony<\/p>\n<h2>Costway Elektryczny Samoch\u00f3d Dla Dzieci Audi Q8 Czerwony Costway<\/h2>\n<p>prezenty dla nastolatk\u00f3w do 50 z\u0142, rymowanki o pisankach, prezent na roczek dla chrze\u015bniaka, jak zrobi\u0107 samolot z papieru, znaczenie imiona kinga, lektura asiunia &#8211; test, cytat rodzina, halszka, europa stolice quiz, kolorowanka konie<\/p>\n<p>yyyyy<\/p>\n<p>&nbsp;<\/p>\n","protected":false},"excerpt":{"rendered":"<p>Elektryczny samoch\u00f3d dla dzieci Audi Q8 Czerwony Costway Elektryczny Samoch\u00f3d Dla Dzieci Audi Q8 Czerwony Costway prezenty dla nastolatk\u00f3w do 50 z\u0142, rymowanki o pisankach, prezent na roczek dla chrze\u015bniaka, jak zrobi\u0107 samolot z papieru, znaczenie imiona kinga, lektura asiunia &#8211; test, cytat rodzina, halszka, europa stolice quiz, kolorowanka konie yyyyy &nbsp;<\/p>\n","protected":false},"featured_media":85,"comment_status":"closed","ping_status":"open","template":"","meta":[],"product_cat":[57,24],"product_tag":[861,638,826,741],"class_list":["post-84","product","type-product","status-publish","has-post-thumbnail","hentry","product_cat-costway","product_cat-samochody-dla-dzieci","product_tag-jak-narysowac-psa","product_tag-miastodzieci","product_tag-prezent-dla-15-latka","product_tag-wlochy"],"_links":{"self":[{"href":"http:\/\/klubmamgdynia.pl\/index.php\/wp-json\/wp\/v2\/product\/84","targetHints":{"allow":["GET"]}}],"collection":[{"href":"http:\/\/klubmamgdynia.pl\/index.php\/wp-json\/wp\/v2\/product"}],"about":[{"href":"http:\/\/klubmamgdynia.pl\/index.php\/wp-json\/wp\/v2\/types\/product"}],"replies":[{"embeddable":true,"href":"http:\/\/klubmamgdynia.pl\/index.php\/wp-json\/wp\/v2\/comments?post=84"}],"wp:featuredmedia":[{"embeddable":true,"href":"http:\/\/klubmamgdynia.pl\/index.php\/wp-json\/wp\/v2\/media\/85"}],"wp:attachment":[{"href":"http:\/\/klubmamgdynia.pl\/index.php\/wp-json\/wp\/v2\/media?parent=84"}],"wp:term":[{"taxonomy":"product_cat","embeddable":true,"href":"http:\/\/klubmamgdynia.pl\/index.php\/wp-json\/wp\/v2\/product_cat?post=84"},{"taxonomy":"product_tag","embeddable":true,"href":"http:\/\/klubmamgdynia.pl\/index.php\/wp-json\/wp\/v2\/product_tag?post=84"}],"curies":[{"name":"wp","href":"https:\/\/api.w.org\/{rel}","templated":true}]}}