{"id":840,"date":"2019-08-11T22:08:07","date_gmt":"2019-08-11T20:08:07","guid":{"rendered":"http:\/\/klubmamgdynia.pl\/index.php\/produkt\/lol-surprise-omg-2-pak-roller-chick-chillax-423188\/"},"modified":"2026-05-17T22:16:51","modified_gmt":"2026-05-17T20:16:51","slug":"lol-surprise-omg-2-pak-roller-chick-chillax-423188","status":"publish","type":"product","link":"http:\/\/klubmamgdynia.pl\/index.php\/produkt\/lol-surprise-omg-2-pak-roller-chick-chillax-423188\/","title":{"rendered":"LOL Surprise OMG 2-pak Roller Chick Chillax 423188"},"content":{"rendered":"<p>Nadchodz\u0105 L.O.L. Surprise O.M.G. \u2013 najnowsze odkrycie sezonu! Modne, odwa\u017cne, zwariowane\u2026 i wi\u0119ksze siostry znanych laleczek L.O.L. Surprise. Czy wy te\u017c oszaleli\u015bcie na ich punkcie? O tak, LOL Surprise O.M.G. nie pozwol\u0105 nikomu przej\u015b\u0107 oboj\u0119tnie. Maj\u0105 wspania\u0142e stroje i akcesoria modowe, kt\u00f3re spakowano w pude\u0142eczka i pokrowce, a ich absolutnie przepi\u0119knie wystylizowane fryzury i makija\u017ce, zachwycaj\u0105 kolorystyk\u0105 i oryginalno\u015bci\u0105. Czy jeste\u015bcie gotowe na tak\u0105 dawk\u0119 niespodzianek z LOL Surprise O.M.G.?L.O.L. Surprise O.M.G. to zabawa w odkrywanie z lalk\u0105 typu \u201efashion\u201d. Teraz dwie ulubione postacie znajduj\u0105 si\u0119 w jednym opakowaniu. Opakowanie skonstruowano tak, by dziewczynki na ka\u017cdym etapie rozpakowywania kolejnych niespodzianek czu\u0142y dreszczyk emocji, otwieraj\u0105c a\u017c 40 r\u00f3\u017cnych element\u00f3w zestawu. Ka\u017cde kolorowe pude\u0142ko ma form\u0119 garderoby \u2013 przymierzalni, co doskonale koresponduje z tematyk\u0105 serii, ale pozwala tak\u017ce na wykorzystanie podczas zabawy. W\u015br\u00f3d niespodzianek znajduj\u0105 si\u0119 akcesoria do stylizowania lalek, od odjazdowych ubra\u0144, po dodatki, np. bi\u017cuteria, okulary. Ca\u0142o\u015b\u0107 pozwala na stworzenie wyj\u0105tkowej i oryginalnej stylizacji. Bo przecie\u017c lalki L.O.L. Surprise O.M.G. w\u0142a\u015bnie takie s\u0105 \u2013 wyj\u0105tkowe i oryginalne!Zawarto\u015b\u0107 zestawu:Lalka \u201efashion\u201d &#8211; L.O.L. Surprise O.M.G. Seria 3 &#8211; Roller ChickLalka \u201efashion\u201d &#8211; L.O.L. Surprise O.M.G. Seria 3 &#8211; Chillax40 r\u00f3\u017cnych niespodzianek \u2013 akcesori\u00f3w do stylizacji lalekKolorowe, zaskakuj\u0105ce opakowania, kt\u00f3re zamieniaj\u0105 si\u0119 w garderob\u0119 \u2013 przymierzalni\u0119<\/p>\n<h2>LOL Surprise OMG 2-pak Roller Chick Chillax 423188 LOL Surprise<\/h2>\n<p>zagadki \u015bmieszne podchwytliwe, na roczek, w uk\u0142adzie s\u0142onecznym, pomys\u0142y na prezent na roczek, kolorowanki pokemon, znaki drogowe do druku, zagadki o zwierz\u0119tach domowych, nadia imi\u0119, nietypowe imiona \u017ce\u0144skie, aniela znaczenie imienia, zagadki \u015bmieszne podchwytliwe, bajki dla noworodka, quiz o zwierz\u0119tach domowych, czapka g\u00f3rnika kolorowanka, rysowanki, podchwytliwe zagadki, zagadki slowne, co na roczek dla dziewczynki, prezenty dla rocznego dziecka<\/p>\n<p>yyyyy<\/p>\n<p>&nbsp;<\/p>\n","protected":false},"excerpt":{"rendered":"<p>Nadchodz\u0105 L.O.L. Surprise O.M.G. \u2013 najnowsze odkrycie sezonu! Modne, odwa\u017cne, zwariowane\u2026 i wi\u0119ksze siostry znanych laleczek L.O.L. Surprise. Czy wy te\u017c oszaleli\u015bcie na ich punkcie? O tak, LOL Surprise O.M.G. nie pozwol\u0105 nikomu przej\u015b\u0107 oboj\u0119tnie. Maj\u0105 wspania\u0142e stroje i akcesoria modowe, kt\u00f3re spakowano w pude\u0142eczka i pokrowce, a ich absolutnie przepi\u0119knie wystylizowane fryzury i makija\u017ce, [&hellip;]<\/p>\n","protected":false},"featured_media":841,"comment_status":"closed","ping_status":"open","template":"","meta":[],"product_cat":[65,294],"product_tag":[667,729,639,609,794],"class_list":["post-840","product","type-product","status-publish","has-post-thumbnail","hentry","product_cat-lalki","product_cat-lol-surprise","product_tag-kolorowanka-lol","product_tag-madre-bajki-dla-dzieci-do-czytania","product_tag-nela-imie","product_tag-quiz-flagi-europy","product_tag-test-opowiesci-z-narnii-lew-czarownica-i-stara-szafa-do-druku"],"_links":{"self":[{"href":"http:\/\/klubmamgdynia.pl\/index.php\/wp-json\/wp\/v2\/product\/840","targetHints":{"allow":["GET"]}}],"collection":[{"href":"http:\/\/klubmamgdynia.pl\/index.php\/wp-json\/wp\/v2\/product"}],"about":[{"href":"http:\/\/klubmamgdynia.pl\/index.php\/wp-json\/wp\/v2\/types\/product"}],"replies":[{"embeddable":true,"href":"http:\/\/klubmamgdynia.pl\/index.php\/wp-json\/wp\/v2\/comments?post=840"}],"wp:featuredmedia":[{"embeddable":true,"href":"http:\/\/klubmamgdynia.pl\/index.php\/wp-json\/wp\/v2\/media\/841"}],"wp:attachment":[{"href":"http:\/\/klubmamgdynia.pl\/index.php\/wp-json\/wp\/v2\/media?parent=840"}],"wp:term":[{"taxonomy":"product_cat","embeddable":true,"href":"http:\/\/klubmamgdynia.pl\/index.php\/wp-json\/wp\/v2\/product_cat?post=840"},{"taxonomy":"product_tag","embeddable":true,"href":"http:\/\/klubmamgdynia.pl\/index.php\/wp-json\/wp\/v2\/product_tag?post=840"}],"curies":[{"name":"wp","href":"https:\/\/api.w.org\/{rel}","templated":true}]}}