{"id":8403,"date":"2021-08-07T03:26:36","date_gmt":"2021-08-07T01:26:36","guid":{"rendered":"http:\/\/klubmamgdynia.pl\/index.php\/produkt\/rastar-audi-r8-lms-114-bialo-czerwone\/"},"modified":"2026-04-06T20:45:21","modified_gmt":"2026-04-06T18:45:21","slug":"rastar-audi-r8-lms-114-bialo-czerwone","status":"publish","type":"product","link":"http:\/\/klubmamgdynia.pl\/index.php\/produkt\/rastar-audi-r8-lms-114-bialo-czerwone\/","title":{"rendered":"Rastar Audi R8 LMS 1:14 Bia\u0142o Czerwone"},"content":{"rendered":"<p>Auto R\/C Audi R8 LMS Rastar 1:14 Bia\u0142o CzerwoneJe\u017celi chcesz zosta\u0107 mistrzem kierownicy samochodu wy\u015bcigowego, to b\u0119dzie idealny zestaw dla Ciebie. Znakomity licencjonowany samoch\u00f3d zdalnie sterowany Audi R8 LMS w skali 1:14. Model wykonany na licencji Audi odwzorowany zosta\u0142 w najmniejszych szczeg\u00f3\u0142ach. Jest to bardzo pi\u0119kny i szybki model. Zar\u00f3wno karoseria, jak i pozosta\u0142e detale pojazdu zosta\u0142y przeniesione do mniejszej skali. Na drodze, sylwetka maszyny prezentuje si\u0119 lekko i dynamicznie. Amortyzowane zawieszenie daje p\u0142ynn\u0105 jazd\u0119. Frajd\u0119 zwi\u0119kszaj\u0105 \u015bwiec\u0105ce przednie i tylne \u015bwiat\u0142a zapalaj\u0105ce si\u0119 w trakcie ruchu. Ta wielofunkcyjna zabawka, bawi\u0105c jednocze\u015bnie rozwija koordynacj\u0119 ruchow\u0105 i sprawno\u015b\u0107 motoryczn\u0105 malucha. Wygodny do trzymania pilot zapewnia sterowanie do przodu, do ty\u0142u oraz skr\u0119canie w prawo i w lewo.G\u0142\u00f3wne zalety samochodu:- gumowe ko\u0142a \u015bwietnie imituj\u0105 opony- skala: 1:14- kolor: bia\u0142o czerwony- licencja: Audi- efekty \u015bwietlne- zdalnie sterowany- realistyczne wn\u0119trze pojazduElementy zestawu:- samoch\u00f3d wy\u015bcigowy- kontroler do zdalnego sterowania- antenka do kontrolera- instrukcja obs\u0142ugiWymiary element\u00f3w zestawu:- samoch\u00f3d wy\u015bcigowy: 31 cm x 15.5 cm x 8.5 cm- kontroler do zdalnego sterowania: 13.5 cm x 10 cmWymiary opakowania:43.5 cm x 17.5 cm x 23 cmAuto zasilane pi\u0119cioma bateriami &#8222;AA&#8221; 1.5 V (brak w zestawie), kontroler potrzebuje bateri\u0119 9 V (brak w zestawie). Zabawka przeznaczona jest dla dzieci powy\u017cej 6. roku \u017cycia. Zestaw posiada certyfikat CE i jest zgodna z norm\u0105 EN 71. Zapakowany jest w kartonik z przezroczyst\u0105 witrynk\u0105, dzi\u0119ki czemu idealnie nadaje si\u0119 na prezent.<\/p>\n<h2>Rastar Audi R8 LMS 1:14 Bia\u0142o Czerwone Rastar<\/h2>\n<p>cukierku ty \u0142obuzie test, pytania do lektury asiunia, trudne zagadki logiczne z odpowiedziami, bajka do czytania na dobranoc, imi\u0119 gaja, wielkanocne zagadki, wiersz o wakacjach, nadia imi\u0119, zabawki na roczek dla ch\u0142opca, m\u0105dre cytaty dla dzieci, znaki drogowe quizy<\/p>\n<p>yyyyy<\/p>\n<p>&nbsp;<\/p>\n","protected":false},"excerpt":{"rendered":"<p>Auto R\/C Audi R8 LMS Rastar 1:14 Bia\u0142o CzerwoneJe\u017celi chcesz zosta\u0107 mistrzem kierownicy samochodu wy\u015bcigowego, to b\u0119dzie idealny zestaw dla Ciebie. Znakomity licencjonowany samoch\u00f3d zdalnie sterowany Audi R8 LMS w skali 1:14. Model wykonany na licencji Audi odwzorowany zosta\u0142 w najmniejszych szczeg\u00f3\u0142ach. Jest to bardzo pi\u0119kny i szybki model. Zar\u00f3wno karoseria, jak i pozosta\u0142e detale [&hellip;]<\/p>\n","protected":false},"featured_media":8404,"comment_status":"closed","ping_status":"open","template":"","meta":[],"product_cat":[504,337],"product_tag":[603,670,849,820],"class_list":["post-8403","product","type-product","status-publish","has-post-thumbnail","hentry","product_cat-rastar","product_cat-zabawki-zdalnie-sterowane","product_tag-bajki-do-czytania","product_tag-irma","product_tag-zagadki-matematyczne-dla-dzieci","product_tag-ziemia-wyspa-zielona-tekst"],"_links":{"self":[{"href":"http:\/\/klubmamgdynia.pl\/index.php\/wp-json\/wp\/v2\/product\/8403","targetHints":{"allow":["GET"]}}],"collection":[{"href":"http:\/\/klubmamgdynia.pl\/index.php\/wp-json\/wp\/v2\/product"}],"about":[{"href":"http:\/\/klubmamgdynia.pl\/index.php\/wp-json\/wp\/v2\/types\/product"}],"replies":[{"embeddable":true,"href":"http:\/\/klubmamgdynia.pl\/index.php\/wp-json\/wp\/v2\/comments?post=8403"}],"wp:featuredmedia":[{"embeddable":true,"href":"http:\/\/klubmamgdynia.pl\/index.php\/wp-json\/wp\/v2\/media\/8404"}],"wp:attachment":[{"href":"http:\/\/klubmamgdynia.pl\/index.php\/wp-json\/wp\/v2\/media?parent=8403"}],"wp:term":[{"taxonomy":"product_cat","embeddable":true,"href":"http:\/\/klubmamgdynia.pl\/index.php\/wp-json\/wp\/v2\/product_cat?post=8403"},{"taxonomy":"product_tag","embeddable":true,"href":"http:\/\/klubmamgdynia.pl\/index.php\/wp-json\/wp\/v2\/product_tag?post=8403"}],"curies":[{"name":"wp","href":"https:\/\/api.w.org\/{rel}","templated":true}]}}