{"id":8405,"date":"2024-02-06T10:25:28","date_gmt":"2024-02-06T09:25:28","guid":{"rendered":"http:\/\/klubmamgdynia.pl\/?post_type=product&#038;p=8405"},"modified":"2026-04-04T04:00:39","modified_gmt":"2026-04-04T02:00:39","slug":"cobi-blinger-urzadzenie-do-stylizacji-wlosow-krysztalki","status":"publish","type":"product","link":"http:\/\/klubmamgdynia.pl\/index.php\/produkt\/cobi-blinger-urzadzenie-do-stylizacji-wlosow-krysztalki\/","title":{"rendered":"Cobi Blinger Urz\u0105dzenie Do Stylizacji W\u0142os\u00f3w Kryszta\u0142ki"},"content":{"rendered":"<p>Blinger Urz\u0105dzenie Do Stylizacji W\u0142os\u00f3w Kryszta\u0142ki<\/p>\n<h2>Cobi Blinger Urz\u0105dzenie Do Stylizacji W\u0142os\u00f3w Kryszta\u0142ki Cobi<\/h2>\n<p>co kupi\u0107 dziewczynce na roczek, prosta zagadka, b\u0105k ptak, imi\u0119 kuba<\/p>\n<p>yyyyy<\/p>\n<p>&nbsp;<\/p>\n","protected":false},"excerpt":{"rendered":"<p>Blinger Urz\u0105dzenie Do Stylizacji W\u0142os\u00f3w Kryszta\u0142ki Cobi Blinger Urz\u0105dzenie Do Stylizacji W\u0142os\u00f3w Kryszta\u0142ki Cobi co kupi\u0107 dziewczynce na roczek, prosta zagadka, b\u0105k ptak, imi\u0119 kuba yyyyy &nbsp;<\/p>\n","protected":false},"featured_media":8406,"comment_status":"closed","ping_status":"open","template":"","meta":[],"product_cat":[484,21],"product_tag":[610,790,583,606],"class_list":["post-8405","product","type-product","status-publish","has-post-thumbnail","hentry","product_cat-cobi","product_cat-zabawki-plastyczne","product_tag-co-na-prezent-dla-nastolatkow","product_tag-gry-planszowe-dla-nastolatkow","product_tag-kolysanki-dla-dzieci-tekst","product_tag-stala-pod-sniegiem"],"_links":{"self":[{"href":"http:\/\/klubmamgdynia.pl\/index.php\/wp-json\/wp\/v2\/product\/8405","targetHints":{"allow":["GET"]}}],"collection":[{"href":"http:\/\/klubmamgdynia.pl\/index.php\/wp-json\/wp\/v2\/product"}],"about":[{"href":"http:\/\/klubmamgdynia.pl\/index.php\/wp-json\/wp\/v2\/types\/product"}],"replies":[{"embeddable":true,"href":"http:\/\/klubmamgdynia.pl\/index.php\/wp-json\/wp\/v2\/comments?post=8405"}],"wp:featuredmedia":[{"embeddable":true,"href":"http:\/\/klubmamgdynia.pl\/index.php\/wp-json\/wp\/v2\/media\/8406"}],"wp:attachment":[{"href":"http:\/\/klubmamgdynia.pl\/index.php\/wp-json\/wp\/v2\/media?parent=8405"}],"wp:term":[{"taxonomy":"product_cat","embeddable":true,"href":"http:\/\/klubmamgdynia.pl\/index.php\/wp-json\/wp\/v2\/product_cat?post=8405"},{"taxonomy":"product_tag","embeddable":true,"href":"http:\/\/klubmamgdynia.pl\/index.php\/wp-json\/wp\/v2\/product_tag?post=8405"}],"curies":[{"name":"wp","href":"https:\/\/api.w.org\/{rel}","templated":true}]}}