{"id":8407,"date":"2018-09-23T14:43:24","date_gmt":"2018-09-23T12:43:24","guid":{"rendered":"http:\/\/klubmamgdynia.pl\/index.php\/produkt\/leantoys-mega-jeep-fulltime-naped-4x4-1x12v-wolny-start-miekkie-kola-funkcja-bujania-7588\/"},"modified":"2026-05-17T22:03:43","modified_gmt":"2026-05-17T20:03:43","slug":"leantoys-mega-jeep-fulltime-naped-4x4-1x12v-wolny-start-miekkie-kola-funkcja-bujania-7588","status":"publish","type":"product","link":"http:\/\/klubmamgdynia.pl\/index.php\/produkt\/leantoys-mega-jeep-fulltime-naped-4x4-1x12v-wolny-start-miekkie-kola-funkcja-bujania-7588\/","title":{"rendered":"LeanToys Mega Jeep Fulltime Nap\u0119d 4X4, 1X12V Wolny Start Mi\u0119kkie Ko\u0142a Funkcja Bujania 7588"},"content":{"rendered":"<p>Auto na Akumulator Jeep BRD-7588 Czerwony 4&#215;4<\/p>\n<h2>LeanToys Mega Jeep Fulltime Nap\u0119d 4X4, 1X12V Wolny Start Mi\u0119kkie Ko\u0142a Funkcja Bujania 7588 Lean Toys<\/h2>\n<p>test z lektury kajko i kokosz, wierszyki na \u015bmigus dyngus, anastazja imi\u0119, miko\u0142ajki dla dzieci warszawa 2021, kolorowanki harry potter<\/p>\n<p>yyyyy<\/p>\n<p>&nbsp;<\/p>\n","protected":false},"excerpt":{"rendered":"<p>Auto na Akumulator Jeep BRD-7588 Czerwony 4&#215;4 LeanToys Mega Jeep Fulltime Nap\u0119d 4X4, 1X12V Wolny Start Mi\u0119kkie Ko\u0142a Funkcja Bujania 7588 Lean Toys test z lektury kajko i kokosz, wierszyki na \u015bmigus dyngus, anastazja imi\u0119, miko\u0142ajki dla dzieci warszawa 2021, kolorowanki harry potter yyyyy &nbsp;<\/p>\n","protected":false},"featured_media":8408,"comment_status":"closed","ping_status":"open","template":"","meta":[],"product_cat":[37,73],"product_tag":[765,722,619,688,735,868],"class_list":["post-8407","product","type-product","status-publish","has-post-thumbnail","hentry","product_cat-jeepy-i-quady","product_cat-lean-toys","product_tag-atrakcje-dla-dzieci-warszawa","product_tag-cytaty-o-przyjazni","product_tag-iwo-imie","product_tag-kolysanki-tekst","product_tag-prezent-na-roczek-dziewczynka","product_tag-quizy-dla-dzieci"],"_links":{"self":[{"href":"http:\/\/klubmamgdynia.pl\/index.php\/wp-json\/wp\/v2\/product\/8407","targetHints":{"allow":["GET"]}}],"collection":[{"href":"http:\/\/klubmamgdynia.pl\/index.php\/wp-json\/wp\/v2\/product"}],"about":[{"href":"http:\/\/klubmamgdynia.pl\/index.php\/wp-json\/wp\/v2\/types\/product"}],"replies":[{"embeddable":true,"href":"http:\/\/klubmamgdynia.pl\/index.php\/wp-json\/wp\/v2\/comments?post=8407"}],"wp:featuredmedia":[{"embeddable":true,"href":"http:\/\/klubmamgdynia.pl\/index.php\/wp-json\/wp\/v2\/media\/8408"}],"wp:attachment":[{"href":"http:\/\/klubmamgdynia.pl\/index.php\/wp-json\/wp\/v2\/media?parent=8407"}],"wp:term":[{"taxonomy":"product_cat","embeddable":true,"href":"http:\/\/klubmamgdynia.pl\/index.php\/wp-json\/wp\/v2\/product_cat?post=8407"},{"taxonomy":"product_tag","embeddable":true,"href":"http:\/\/klubmamgdynia.pl\/index.php\/wp-json\/wp\/v2\/product_tag?post=8407"}],"curies":[{"name":"wp","href":"https:\/\/api.w.org\/{rel}","templated":true}]}}