{"id":8409,"date":"2016-05-06T16:40:53","date_gmt":"2016-05-06T14:40:53","guid":{"rendered":"http:\/\/klubmamgdynia.pl\/index.php\/produkt\/renesans-blok-do-akwareli-a4-teczka-100-bawelna\/"},"modified":"2026-04-06T01:52:30","modified_gmt":"2026-04-05T23:52:30","slug":"renesans-blok-do-akwareli-a4-teczka-100-bawelna","status":"publish","type":"product","link":"http:\/\/klubmamgdynia.pl\/index.php\/produkt\/renesans-blok-do-akwareli-a4-teczka-100-bawelna\/","title":{"rendered":"Renesans Blok Do Akwareli A4 Teczka 100% Bawe\u0142na"},"content":{"rendered":"<p>Papier do akwareli w teczce Renesans Italia &#8211; A4, 300 g, 10 ark., 100% bawe\u0142nyPapier akwarelowy Italia Cold Press w\u0142oskiej firmy Magnani 1404 zosta\u0142 wytworzony tradycyjnymi metodami na cylindrycznych automatach b\u0119bnowych. Charakteryzuje si\u0119 100% zawarto\u015bci\u0105 bawe\u0142ny. Jego bezkwasowy charakter gwarantuje wysok\u0105 odporno\u015b\u0107 na \u017c\u00f3\u0142kni\u0119cie oraz procesy starzenia. Dzi\u0119ki mocnemu wi\u0105zaniu i zastosowaniu bawe\u0142ny w pierwotnej postaci, bardzo dobrze znosi wszelkie poprawki i usuwanie farb z powierzchni. Spojony za pomoc\u0105 syntetycznego odpowiednika \u017celatyny, dzi\u0119ki czemu produkt jest ca\u0142kowicie wega\u0144ski.Papier ma wyj\u0105tkowo wysok\u0105 ch\u0142onno\u015b\u0107 i nie ulega nieestetycznym odkszta\u0142ceniom. Blok Italia polecany jest do malowania farbami akwarelowymi, temperowymi, gwaszowymi, tuszowymi i akrylowymi. Arkusze znajduj\u0105 si\u0119 w przyjaznej \u015brodowisku, kartonowej, wi\u0105zanej teczce.DANE TECHNICZNERodzaj: Arkusze papieruKolor: Bia\u0142yPrzeznaczenie: Do akwareliFormat: A4Gramatura: 300 g\/m2Ilo\u015b\u0107 arkuszy: 10Rodzaj papieru: Faktura<\/p>\n<h2>Renesans Blok Do Akwareli A4 Teczka 100% Bawe\u0142na <\/h2>\n<p>wszystkie flagi \u015bwiata quiz, znaczenie imiona pola, opis do zdj\u0119cia dziecka, kolorowanka lego ninjago, natalia, julian znaczenie imienia, zagadki matematyczne z odpowiedziami, iwo imie, na wyspach bergamutach tekst, mia imie, zaproszenie na urodziny do druku pdf, zagadka nie do rozwi\u0105zania, maurycy, ozdoby wielkanocne kt\u00f3re mog\u0105 zrobi\u0107 dzieci, mi\u0142osz imie, test narnia lew czarownica i stara szafa, \u015bmieszne zagadki matematyczne<\/p>\n<p>yyyyy<\/p>\n<p>&nbsp;<\/p>\n","protected":false},"excerpt":{"rendered":"<p>Papier do akwareli w teczce Renesans Italia &#8211; A4, 300 g, 10 ark., 100% bawe\u0142nyPapier akwarelowy Italia Cold Press w\u0142oskiej firmy Magnani 1404 zosta\u0142 wytworzony tradycyjnymi metodami na cylindrycznych automatach b\u0119bnowych. Charakteryzuje si\u0119 100% zawarto\u015bci\u0105 bawe\u0142ny. Jego bezkwasowy charakter gwarantuje wysok\u0105 odporno\u015b\u0107 na \u017c\u00f3\u0142kni\u0119cie oraz procesy starzenia. Dzi\u0119ki mocnemu wi\u0105zaniu i zastosowaniu bawe\u0142ny w pierwotnej [&hellip;]<\/p>\n","protected":false},"featured_media":8410,"comment_status":"closed","ping_status":"open","template":"","meta":[],"product_cat":[325],"product_tag":[837,797,628],"class_list":["post-8409","product","type-product","status-publish","has-post-thumbnail","hentry","product_cat-szkolne-artykuly-papiernicze","product_tag-cicha-noc-po-angielsku","product_tag-kiekrz","product_tag-zagadka"],"_links":{"self":[{"href":"http:\/\/klubmamgdynia.pl\/index.php\/wp-json\/wp\/v2\/product\/8409","targetHints":{"allow":["GET"]}}],"collection":[{"href":"http:\/\/klubmamgdynia.pl\/index.php\/wp-json\/wp\/v2\/product"}],"about":[{"href":"http:\/\/klubmamgdynia.pl\/index.php\/wp-json\/wp\/v2\/types\/product"}],"replies":[{"embeddable":true,"href":"http:\/\/klubmamgdynia.pl\/index.php\/wp-json\/wp\/v2\/comments?post=8409"}],"wp:featuredmedia":[{"embeddable":true,"href":"http:\/\/klubmamgdynia.pl\/index.php\/wp-json\/wp\/v2\/media\/8410"}],"wp:attachment":[{"href":"http:\/\/klubmamgdynia.pl\/index.php\/wp-json\/wp\/v2\/media?parent=8409"}],"wp:term":[{"taxonomy":"product_cat","embeddable":true,"href":"http:\/\/klubmamgdynia.pl\/index.php\/wp-json\/wp\/v2\/product_cat?post=8409"},{"taxonomy":"product_tag","embeddable":true,"href":"http:\/\/klubmamgdynia.pl\/index.php\/wp-json\/wp\/v2\/product_tag?post=8409"}],"curies":[{"name":"wp","href":"https:\/\/api.w.org\/{rel}","templated":true}]}}