{"id":8411,"date":"2011-12-12T06:51:48","date_gmt":"2011-12-12T05:51:48","guid":{"rendered":"http:\/\/klubmamgdynia.pl\/index.php\/produkt\/wowwee-pasek-do-gitary-paper-jamz-6-wz-6273\/"},"modified":"2026-04-27T21:19:32","modified_gmt":"2026-04-27T19:19:32","slug":"wowwee-pasek-do-gitary-paper-jamz-6-wz-6273","status":"publish","type":"product","link":"http:\/\/klubmamgdynia.pl\/index.php\/produkt\/wowwee-pasek-do-gitary-paper-jamz-6-wz-6273\/","title":{"rendered":"Wowwee Pasek Do Gitary Paper Jamz 6 Wz. 6273"},"content":{"rendered":"<p>PROMOCJA &#8211; TANIA DOSTAWA ! &#8211; Wowwee Pasek do gitary paper jamz 6wz. &#8211; PACZKOMAT, POCZTA, KURIER<\/p>\n<h2>Wowwee Pasek Do Gitary Paper Jamz 6 Wz. 6273 WOWWEE<\/h2>\n<p>litera y do druku, place zabaw warszawa, zagadki o wio\u015bnie dla dzieci, konkurs dla dzieci, prezent dla nastoletniego ch\u0142opca, zagadki o bajkach, mitologia grecka quiz, pia, desery dla dzieci, sa\u0142atki dla dzieci, wobies, gad\u017cety dla nastolatk\u00f3w 2021, ilona, kolorowanki do druku dla dziewczyn, filmy wigilijne dla dzieci, zagadki o psach, tekst ko\u0142ysanki, test z dzieci z bullerbyn, mini zoo \u015bl\u0105sk, zagadki kr\u00f3tkie<\/p>\n<p>yyyyy<\/p>\n<p>&nbsp;<\/p>\n","protected":false},"excerpt":{"rendered":"<p>PROMOCJA &#8211; TANIA DOSTAWA ! &#8211; Wowwee Pasek do gitary paper jamz 6wz. &#8211; PACZKOMAT, POCZTA, KURIER Wowwee Pasek Do Gitary Paper Jamz 6 Wz. 6273 WOWWEE litera y do druku, place zabaw warszawa, zagadki o wio\u015bnie dla dzieci, konkurs dla dzieci, prezent dla nastoletniego ch\u0142opca, zagadki o bajkach, mitologia grecka quiz, pia, desery dla [&hellip;]<\/p>\n","protected":false},"featured_media":8412,"comment_status":"closed","ping_status":"open","template":"","meta":[],"product_cat":[382,155],"product_tag":[651,843,659,623],"class_list":["post-8411","product","type-product","status-publish","has-post-thumbnail","hentry","product_cat-wowwee","product_cat-zabawki-muzyczne","product_tag-quizy-online","product_tag-smieszne-zagadki-dla-dzieci","product_tag-tupu-tup-po-sniegu-tekst","product_tag-zagadki-logiczne-smieszne"],"_links":{"self":[{"href":"http:\/\/klubmamgdynia.pl\/index.php\/wp-json\/wp\/v2\/product\/8411","targetHints":{"allow":["GET"]}}],"collection":[{"href":"http:\/\/klubmamgdynia.pl\/index.php\/wp-json\/wp\/v2\/product"}],"about":[{"href":"http:\/\/klubmamgdynia.pl\/index.php\/wp-json\/wp\/v2\/types\/product"}],"replies":[{"embeddable":true,"href":"http:\/\/klubmamgdynia.pl\/index.php\/wp-json\/wp\/v2\/comments?post=8411"}],"wp:featuredmedia":[{"embeddable":true,"href":"http:\/\/klubmamgdynia.pl\/index.php\/wp-json\/wp\/v2\/media\/8412"}],"wp:attachment":[{"href":"http:\/\/klubmamgdynia.pl\/index.php\/wp-json\/wp\/v2\/media?parent=8411"}],"wp:term":[{"taxonomy":"product_cat","embeddable":true,"href":"http:\/\/klubmamgdynia.pl\/index.php\/wp-json\/wp\/v2\/product_cat?post=8411"},{"taxonomy":"product_tag","embeddable":true,"href":"http:\/\/klubmamgdynia.pl\/index.php\/wp-json\/wp\/v2\/product_tag?post=8411"}],"curies":[{"name":"wp","href":"https:\/\/api.w.org\/{rel}","templated":true}]}}