{"id":8413,"date":"2012-01-23T07:13:53","date_gmt":"2012-01-23T06:13:53","guid":{"rendered":"http:\/\/klubmamgdynia.pl\/index.php\/produkt\/rastar-lamborghini-sesto-elemento-v168\/"},"modified":"2026-04-05T06:20:29","modified_gmt":"2026-04-05T04:20:29","slug":"rastar-lamborghini-sesto-elemento-v168","status":"publish","type":"product","link":"http:\/\/klubmamgdynia.pl\/index.php\/produkt\/rastar-lamborghini-sesto-elemento-v168\/","title":{"rendered":"Rastar Lamborghini Sesto Elemento (V168)"},"content":{"rendered":"<p>Lamborghini Sesto Elemento Specyfikacja Zdalnie sterowany model renomowanej marki RASTAR, wykonany z najwy\u017csz\u0105 dba\u0142o\u015bci\u0105 o detale. Pojazd wykonany jest z wysokiej jako\u015bci plastiku ABS oraz najwy\u017cszej jako\u015bci podzespo\u0142\u00f3w mechanicznych i elektronicznych. Autko jest wiernym odwzorowaniem prawdziwych modeli pojazd\u00f3w. Samochody marki Rastar poruszaj\u0105 si\u0119 szybko i niezwykle precyzyjnie. Skala 1\/24 Cz\u0119stotliwo\u015b\u0107 R\/C 27\/40 MHz Detale jazda we wszystkich kierunkach (prz\u00f3d-ty\u0142-lewo-prawo), gumowe ko\u0142a, niezale\u017cne amortyzatory, mechanizm regulacji kierunku jazdy, Certyfikaty CE\/EN71\/RoHs Zasilanie Pilot 2 baterie typu AA (brak w zestawie) Samoch\u00f3d 3 baterie typu AA (brak w zestawie) Wymiary Rozmiar Samochodu ok. 19 cm x 8,5 cm x 5 cm, Rozmiar Opakowania ok. 38,5 cm x 12 cm x 10 cm, Wyposa\u017cenie Zestawu Samoch\u00f3d, Pilot Zdalnego Sterowania, Instrukcja, Kolorowe Opakowanie<\/p>\n<h2>Rastar Lamborghini Sesto Elemento (V168) Rastar<\/h2>\n<p>gad\u017cety dla nastolatk\u00f3w 2021, rysunki \u0142atwe, przyja\u017a\u0144, znaki drogowe test online<\/p>\n<p>yyyyy<\/p>\n<p>&nbsp;<\/p>\n","protected":false},"excerpt":{"rendered":"<p>Lamborghini Sesto Elemento Specyfikacja Zdalnie sterowany model renomowanej marki RASTAR, wykonany z najwy\u017csz\u0105 dba\u0142o\u015bci\u0105 o detale. Pojazd wykonany jest z wysokiej jako\u015bci plastiku ABS oraz najwy\u017cszej jako\u015bci podzespo\u0142\u00f3w mechanicznych i elektronicznych. Autko jest wiernym odwzorowaniem prawdziwych modeli pojazd\u00f3w. Samochody marki Rastar poruszaj\u0105 si\u0119 szybko i niezwykle precyzyjnie. Skala 1\/24 Cz\u0119stotliwo\u015b\u0107 R\/C 27\/40 MHz Detale jazda [&hellip;]<\/p>\n","protected":false},"featured_media":8414,"comment_status":"closed","ping_status":"open","template":"","meta":[],"product_cat":[83,504],"product_tag":[642,749,842,870,796],"class_list":["post-8413","product","type-product","status-publish","has-post-thumbnail","hentry","product_cat-auta-i-inne-pojazdy-do-zabawy","product_cat-rastar","product_tag-mia-imie","product_tag-najlepsze-zarty-na-prima-aprilis","product_tag-plac-zabaw-poznan","product_tag-prezent-dla-chlopca-na-roczek","product_tag-zagatki"],"_links":{"self":[{"href":"http:\/\/klubmamgdynia.pl\/index.php\/wp-json\/wp\/v2\/product\/8413","targetHints":{"allow":["GET"]}}],"collection":[{"href":"http:\/\/klubmamgdynia.pl\/index.php\/wp-json\/wp\/v2\/product"}],"about":[{"href":"http:\/\/klubmamgdynia.pl\/index.php\/wp-json\/wp\/v2\/types\/product"}],"replies":[{"embeddable":true,"href":"http:\/\/klubmamgdynia.pl\/index.php\/wp-json\/wp\/v2\/comments?post=8413"}],"wp:featuredmedia":[{"embeddable":true,"href":"http:\/\/klubmamgdynia.pl\/index.php\/wp-json\/wp\/v2\/media\/8414"}],"wp:attachment":[{"href":"http:\/\/klubmamgdynia.pl\/index.php\/wp-json\/wp\/v2\/media?parent=8413"}],"wp:term":[{"taxonomy":"product_cat","embeddable":true,"href":"http:\/\/klubmamgdynia.pl\/index.php\/wp-json\/wp\/v2\/product_cat?post=8413"},{"taxonomy":"product_tag","embeddable":true,"href":"http:\/\/klubmamgdynia.pl\/index.php\/wp-json\/wp\/v2\/product_tag?post=8413"}],"curies":[{"name":"wp","href":"https:\/\/api.w.org\/{rel}","templated":true}]}}