{"id":8415,"date":"2015-10-23T01:12:16","date_gmt":"2015-10-22T23:12:16","guid":{"rendered":"http:\/\/klubmamgdynia.pl\/index.php\/produkt\/space-engineers-xbox-one-key\/"},"modified":"2026-04-05T15:56:00","modified_gmt":"2026-04-05T13:56:00","slug":"space-engineers-xbox-one-key","status":"publish","type":"product","link":"http:\/\/klubmamgdynia.pl\/index.php\/produkt\/space-engineers-xbox-one-key\/","title":{"rendered":"Space Engineers (Xbox One Key)"},"content":{"rendered":"<p>The simulator game of Space Engineers allows you to feel like a real engineer, constructing in space. Build various space stations according to your needs, build space ships that will help you discover and, if you choose to, conquer new lands.The sandbox strategy game attracts in the endless possibility of constructing and creating: every object can be disassembled and destroyed or reworked into a completely new item. Time to start building: create your space adventure.<\/p>\n<h2>Space Engineers (Xbox One Key) <\/h2>\n<p>bajki dla niemowl\u0105t, zagadki dla 4 latka, zabawka na roczek, smerfy kolorowanka, cytaty o mamie, bursztynek, zagadki o zwierz\u0119tach dla dzieci, ferie warszawa 2022, julian imie, cytaty z ma\u0142ego ksi\u0119cia, liwia imi\u0119, w\u0119gierska g\u00f3rka, atrakcje dla dzieci we wroc\u0142awiu<\/p>\n<p>yyyyy<\/p>\n<p>&nbsp;<\/p>\n","protected":false},"excerpt":{"rendered":"<p>The simulator game of Space Engineers allows you to feel like a real engineer, constructing in space. Build various space stations according to your needs, build space ships that will help you discover and, if you choose to, conquer new lands.The sandbox strategy game attracts in the endless possibility of constructing and creating: every object [&hellip;]<\/p>\n","protected":false},"featured_media":8416,"comment_status":"closed","ping_status":"open","template":"","meta":[],"product_cat":[381],"product_tag":[697,674,687,804,746,733],"class_list":["post-8415","product","type-product","status-publish","has-post-thumbnail","hentry","product_cat-gry-do-pobrania-na-xbox-one","product_tag-krotkie-bajki-do-czytania","product_tag-miasto-dzieci","product_tag-podchwytliwe-zagadki-matematyczne","product_tag-ryz-z-owocami","product_tag-zagadki-typu-co-to-jest","product_tag-zarty-na-prima-aprilis"],"_links":{"self":[{"href":"http:\/\/klubmamgdynia.pl\/index.php\/wp-json\/wp\/v2\/product\/8415","targetHints":{"allow":["GET"]}}],"collection":[{"href":"http:\/\/klubmamgdynia.pl\/index.php\/wp-json\/wp\/v2\/product"}],"about":[{"href":"http:\/\/klubmamgdynia.pl\/index.php\/wp-json\/wp\/v2\/types\/product"}],"replies":[{"embeddable":true,"href":"http:\/\/klubmamgdynia.pl\/index.php\/wp-json\/wp\/v2\/comments?post=8415"}],"wp:featuredmedia":[{"embeddable":true,"href":"http:\/\/klubmamgdynia.pl\/index.php\/wp-json\/wp\/v2\/media\/8416"}],"wp:attachment":[{"href":"http:\/\/klubmamgdynia.pl\/index.php\/wp-json\/wp\/v2\/media?parent=8415"}],"wp:term":[{"taxonomy":"product_cat","embeddable":true,"href":"http:\/\/klubmamgdynia.pl\/index.php\/wp-json\/wp\/v2\/product_cat?post=8415"},{"taxonomy":"product_tag","embeddable":true,"href":"http:\/\/klubmamgdynia.pl\/index.php\/wp-json\/wp\/v2\/product_tag?post=8415"}],"curies":[{"name":"wp","href":"https:\/\/api.w.org\/{rel}","templated":true}]}}