{"id":8417,"date":"2019-09-20T17:37:39","date_gmt":"2019-09-20T15:37:39","guid":{"rendered":"http:\/\/klubmamgdynia.pl\/index.php\/produkt\/lisciani-giochi-crazy-science-laboratorium-przerazajacych-zombie-68678\/"},"modified":"2026-04-05T20:01:26","modified_gmt":"2026-04-05T18:01:26","slug":"lisciani-giochi-crazy-science-laboratorium-przerazajacych-zombie-68678","status":"publish","type":"product","link":"http:\/\/klubmamgdynia.pl\/index.php\/produkt\/lisciani-giochi-crazy-science-laboratorium-przerazajacych-zombie-68678\/","title":{"rendered":"Lisciani Giochi Crazy Science Laboratorium Przera\u017cajacych Zombie 68678"},"content":{"rendered":"<p>LISCIANI GIOCHI CRAZY SCIENCE LABORATORIUM PRZERA\u017bAJACYCH ZOMBIE 68678<\/p>\n<p>Akademia Szalonej i Zabawnej Nauki w Laboratorium przera\u017caj\u0105cych zombie.<br \/>\nBawi\u0105c si\u0119 tym zestawem dowiesz si\u0119 w jaki spos\u00f3b przej\u015b\u0107 transformacj\u0119 w<br \/>\nzombie i nawet jej dokonasz, u\u017cywaj\u0105c do\u0142\u0105czonych w zestawie akcesori\u00f3w. Crazy<br \/>\nScience to nowa seria gier Lisciani w kt\u00f3rej dzieci zag\u0142\u0119biaj\u0105 si\u0119 w naukowy<br \/>\n\u015bwiat z przymru\u017ceniem oka. Przez ca\u0142\u0105 seri\u0119 towarzyszy im Cillo &#8211; zabawna<br \/>\nbakteria, kt\u00f3ra przedstawia kolejnych naukowc\u00f3w i krok po kroku opisuje w jaki<br \/>\nspos\u00f3b bezpiecznie wykona\u0107 do\u015bwiadczenia.                            <\/p>\n<p>Zestaw zawiera :gluty zombieforemki do tworzenia zombiezombie \u015bwiec\u0105ce w ciemno\u015bciachdu\u017co materia\u0142\u00f3w do<br \/>\n     eksperyment\u00f3wilustrowany przewodnik<\/p>\n<h2>Lisciani Giochi Crazy Science Laboratorium Przera\u017cajacych Zombie 68678 Lisciani<\/h2>\n<p>jak narysowa\u0107, kolorowanki dla ch\u0142opc\u00f3w do druku, zaproszenie na urodziny do druku pdf, zaproszenie na urodziny dziecka do druku, najtrudniejsze zagadki, bajka o smoku, marianna, zagadki na inteligencje, cytat o przyja\u017ani, bajki do czytania, pokemon do druku, zaproszenie na urodziny do druku<\/p>\n<p>yyyyy<\/p>\n<p>&nbsp;<\/p>\n","protected":false},"excerpt":{"rendered":"<p>LISCIANI GIOCHI CRAZY SCIENCE LABORATORIUM PRZERA\u017bAJACYCH ZOMBIE 68678 Akademia Szalonej i Zabawnej Nauki w Laboratorium przera\u017caj\u0105cych zombie. Bawi\u0105c si\u0119 tym zestawem dowiesz si\u0119 w jaki spos\u00f3b przej\u015b\u0107 transformacj\u0119 w zombie i nawet jej dokonasz, u\u017cywaj\u0105c do\u0142\u0105czonych w zestawie akcesori\u00f3w. Crazy Science to nowa seria gier Lisciani w kt\u00f3rej dzieci zag\u0142\u0119biaj\u0105 si\u0119 w naukowy \u015bwiat z [&hellip;]<\/p>\n","protected":false},"featured_media":8418,"comment_status":"closed","ping_status":"open","template":"","meta":[],"product_cat":[362,72],"product_tag":[685,673,751,608],"class_list":["post-8417","product","type-product","status-publish","has-post-thumbnail","hentry","product_cat-lisciani","product_cat-mali-naukowcy","product_tag-cytaty-o-rodzinie","product_tag-juz-blisko-koleda-tekst","product_tag-psi-patrol-kolorowanka","product_tag-zagadki-i-odpowiedzi"],"_links":{"self":[{"href":"http:\/\/klubmamgdynia.pl\/index.php\/wp-json\/wp\/v2\/product\/8417","targetHints":{"allow":["GET"]}}],"collection":[{"href":"http:\/\/klubmamgdynia.pl\/index.php\/wp-json\/wp\/v2\/product"}],"about":[{"href":"http:\/\/klubmamgdynia.pl\/index.php\/wp-json\/wp\/v2\/types\/product"}],"replies":[{"embeddable":true,"href":"http:\/\/klubmamgdynia.pl\/index.php\/wp-json\/wp\/v2\/comments?post=8417"}],"wp:featuredmedia":[{"embeddable":true,"href":"http:\/\/klubmamgdynia.pl\/index.php\/wp-json\/wp\/v2\/media\/8418"}],"wp:attachment":[{"href":"http:\/\/klubmamgdynia.pl\/index.php\/wp-json\/wp\/v2\/media?parent=8417"}],"wp:term":[{"taxonomy":"product_cat","embeddable":true,"href":"http:\/\/klubmamgdynia.pl\/index.php\/wp-json\/wp\/v2\/product_cat?post=8417"},{"taxonomy":"product_tag","embeddable":true,"href":"http:\/\/klubmamgdynia.pl\/index.php\/wp-json\/wp\/v2\/product_tag?post=8417"}],"curies":[{"name":"wp","href":"https:\/\/api.w.org\/{rel}","templated":true}]}}