{"id":8419,"date":"2025-06-19T07:56:48","date_gmt":"2025-06-19T05:56:48","guid":{"rendered":"http:\/\/klubmamgdynia.pl\/?post_type=product&#038;p=8419"},"modified":"2026-05-17T23:49:59","modified_gmt":"2026-05-17T21:49:59","slug":"swede-traktor","status":"publish","type":"product","link":"http:\/\/klubmamgdynia.pl\/index.php\/produkt\/swede-traktor\/","title":{"rendered":"Swede Traktor"},"content":{"rendered":"<p>Traktor do zabawy dla dzieci. Traktor posiada z ty\u0142u haczyk wi\u0119c mo\u017cna zaczepi\u0107 do niego np. ci\u0105gnik lub przyczep\u0119.Produkt zapakowany w kartonowe opakowanie z przezroczystym okienkiem.Zabawka przeznaczona dla dzieci powy\u017cej 3 lat.Podane wymiary stanowi\u0105 wymiar opakowania.<\/p>\n<h2>Swede Traktor Swede<\/h2>\n<p>1 listopada dzie\u0144 wszystkich \u015bwi\u0119tych kolorowanki, mia, quizy hobbit, laurka dla babci, jak narysowa\u0107 konia, atrakcje dla dzieci warszawa, weso\u0142e pisanki tekst, test z tajemniczego ogrodu, zagadki na logik\u0119, list do miko\u0142aja wz\u00f3r pdf, tymoteusz znaczenie imienia<\/p>\n<p>yyyyy<\/p>\n<p>&nbsp;<\/p>\n","protected":false},"excerpt":{"rendered":"<p>Traktor do zabawy dla dzieci. Traktor posiada z ty\u0142u haczyk wi\u0119c mo\u017cna zaczepi\u0107 do niego np. ci\u0105gnik lub przyczep\u0119.Produkt zapakowany w kartonowe opakowanie z przezroczystym okienkiem.Zabawka przeznaczona dla dzieci powy\u017cej 3 lat.Podane wymiary stanowi\u0105 wymiar opakowania. Swede Traktor Swede 1 listopada dzie\u0144 wszystkich \u015bwi\u0119tych kolorowanki, mia, quizy hobbit, laurka dla babci, jak narysowa\u0107 konia, atrakcje [&hellip;]<\/p>\n","protected":false},"featured_media":8420,"comment_status":"closed","ping_status":"open","template":"","meta":[],"product_cat":[83,171],"product_tag":[784,654,764,811],"class_list":["post-8419","product","type-product","status-publish","has-post-thumbnail","hentry","product_cat-auta-i-inne-pojazdy-do-zabawy","product_cat-swede","product_tag-hymn-gorniczy","product_tag-krotkie-bajki-dla-dzieci-do-czytania","product_tag-prezenty-na-roczek-dla-dziewczynki","product_tag-zagadki-logiczne-dla-dzieci"],"_links":{"self":[{"href":"http:\/\/klubmamgdynia.pl\/index.php\/wp-json\/wp\/v2\/product\/8419","targetHints":{"allow":["GET"]}}],"collection":[{"href":"http:\/\/klubmamgdynia.pl\/index.php\/wp-json\/wp\/v2\/product"}],"about":[{"href":"http:\/\/klubmamgdynia.pl\/index.php\/wp-json\/wp\/v2\/types\/product"}],"replies":[{"embeddable":true,"href":"http:\/\/klubmamgdynia.pl\/index.php\/wp-json\/wp\/v2\/comments?post=8419"}],"wp:featuredmedia":[{"embeddable":true,"href":"http:\/\/klubmamgdynia.pl\/index.php\/wp-json\/wp\/v2\/media\/8420"}],"wp:attachment":[{"href":"http:\/\/klubmamgdynia.pl\/index.php\/wp-json\/wp\/v2\/media?parent=8419"}],"wp:term":[{"taxonomy":"product_cat","embeddable":true,"href":"http:\/\/klubmamgdynia.pl\/index.php\/wp-json\/wp\/v2\/product_cat?post=8419"},{"taxonomy":"product_tag","embeddable":true,"href":"http:\/\/klubmamgdynia.pl\/index.php\/wp-json\/wp\/v2\/product_tag?post=8419"}],"curies":[{"name":"wp","href":"https:\/\/api.w.org\/{rel}","templated":true}]}}