{"id":842,"date":"2015-05-12T22:56:19","date_gmt":"2015-05-12T20:56:19","guid":{"rendered":"http:\/\/klubmamgdynia.pl\/index.php\/produkt\/lol-surprise-spray-do-ciala-200-ml-99914\/"},"modified":"2026-04-30T16:01:56","modified_gmt":"2026-04-30T14:01:56","slug":"lol-surprise-spray-do-ciala-200-ml-99914","status":"publish","type":"product","link":"http:\/\/klubmamgdynia.pl\/index.php\/produkt\/lol-surprise-spray-do-ciala-200-ml-99914\/","title":{"rendered":"LOL Surprise spray do cia\u0142a 200 ml 99914"},"content":{"rendered":"<p>EP Line LOL Surprise Spray do cia\u0142a 200ml                            <\/p>\n<p>Spray do cia\u0142a EP Line LOL Surprise odzwierciedla \u015bwiat kolorowych lalek z r\u00f3\u017cnymi fryzurami i modnymi akcesoriami \u2013 podobnie jak woda toaletowa i inne kosmetyki z tej serii. Spray do cia\u0142a LOL Surprise z 2019 roku zadowoli ka\u017cd\u0105 ma\u0142\u0105 panienk\u0119, poniewa\u017c to zapach i zabawka jednocze\u015bnie. A dziewczynki to uwielbiaj\u0105!                            <\/p>\n<p>Czym Ci\u0119 oczaruje zapach dla dzieci EP Line LOL Surprise?\u00a0dziewcz\u0119cy owocowo-kwiatowy zapach w kusz\u0105cym r\u00f3\u017cowym opakowaniu,\u00a0delikatna formu\u0142a \u0142agodna dla sk\u00f3ry dziecka,\u00a0nie zawiera paraben\u00f3w ani siarczan\u00f3w,\u00a0jest testowany dermatologicznie.                            <\/p>\n<p>Zabawna linia kosmetyk\u00f3w EP Line jest szczeg\u00f3lnie odpowiednia dla dzieci i m\u0142odzie\u017cy, dlatego ma naturalny i przyjazny dla sk\u00f3ry sk\u0142ad. Produkty marki EP Line obejmuj\u0105 wody toaletowe i spraye do cia\u0142a, takie jak LOL Surprise, \u017cele pod prysznic dla dzieci, pasty do z\u0119b\u00f3w, szampony, a tak\u017ce dezodoranty i pianki do golenia dla nastolatk\u00f3w. Produkty kosmetyczne EP Line w pe\u0142ni spe\u0142niaj\u0105 surowe normy europejskie, wi\u0119c mo\u017cesz na nich polega\u0107 w 100%. Powoli Twoje dzieci doprowadz\u0105 do kosmetyki \u201edla doros\u0142ych\u201d, w kt\u00f3rej pomog\u0105 im zorientowa\u0107 si\u0119 bez \u017cadnych problem\u00f3w. Teraz mog\u0105 si\u0119 uczy\u0107 ze sprayem do cia\u0142a EP Line LOL Surprise.<\/p>\n<h2>LOL Surprise spray do cia\u0142a 200 ml 99914 LOL Surprise<\/h2>\n<p>film rodzinny o \u015bwi\u0119tach, wiersz o marzannie, prezent na 1 urodziny, wpad\u0142a bomba do piwnicy, liwia imi\u0119, bajki na dobranoc dla dzieci, zabawy na bal karnawa\u0142owy w przedszkolu, wierszyki o wakacjach kr\u00f3tkie, matylda imi\u0119, zaproszenia na urodziny do wydruku czarno bia\u0142e, \u015bmieszne zagadki dla dzieci, ozdoby na choinke przedszkole, pokemony kolorowanka, pierniki na bo\u017ce narodzenie<\/p>\n<p>yyyyy<\/p>\n<p>&nbsp;<\/p>\n","protected":false},"excerpt":{"rendered":"<p>EP Line LOL Surprise Spray do cia\u0142a 200ml Spray do cia\u0142a EP Line LOL Surprise odzwierciedla \u015bwiat kolorowych lalek z r\u00f3\u017cnymi fryzurami i modnymi akcesoriami \u2013 podobnie jak woda toaletowa i inne kosmetyki z tej serii. Spray do cia\u0142a LOL Surprise z 2019 roku zadowoli ka\u017cd\u0105 ma\u0142\u0105 panienk\u0119, poniewa\u017c to zapach i zabawka jednocze\u015bnie. A [&hellip;]<\/p>\n","protected":false},"featured_media":843,"comment_status":"closed","ping_status":"open","template":"","meta":[],"product_cat":[294,295],"product_tag":[776,689,783,739,762,581],"class_list":["post-842","product","type-product","status-publish","has-post-thumbnail","hentry","product_cat-lol-surprise","product_cat-pozostale-zabawki","product_tag-dobrej-nocy","product_tag-linda","product_tag-prezenty-na-roczek-dla-chlopca","product_tag-prima-aprilis-w-szkole","product_tag-trudne-zagadki-dla-dzieci","product_tag-zagadki-dla-8-latka"],"_links":{"self":[{"href":"http:\/\/klubmamgdynia.pl\/index.php\/wp-json\/wp\/v2\/product\/842","targetHints":{"allow":["GET"]}}],"collection":[{"href":"http:\/\/klubmamgdynia.pl\/index.php\/wp-json\/wp\/v2\/product"}],"about":[{"href":"http:\/\/klubmamgdynia.pl\/index.php\/wp-json\/wp\/v2\/types\/product"}],"replies":[{"embeddable":true,"href":"http:\/\/klubmamgdynia.pl\/index.php\/wp-json\/wp\/v2\/comments?post=842"}],"wp:featuredmedia":[{"embeddable":true,"href":"http:\/\/klubmamgdynia.pl\/index.php\/wp-json\/wp\/v2\/media\/843"}],"wp:attachment":[{"href":"http:\/\/klubmamgdynia.pl\/index.php\/wp-json\/wp\/v2\/media?parent=842"}],"wp:term":[{"taxonomy":"product_cat","embeddable":true,"href":"http:\/\/klubmamgdynia.pl\/index.php\/wp-json\/wp\/v2\/product_cat?post=842"},{"taxonomy":"product_tag","embeddable":true,"href":"http:\/\/klubmamgdynia.pl\/index.php\/wp-json\/wp\/v2\/product_tag?post=842"}],"curies":[{"name":"wp","href":"https:\/\/api.w.org\/{rel}","templated":true}]}}