{"id":8421,"date":"2023-06-18T00:29:37","date_gmt":"2023-06-17T22:29:37","guid":{"rendered":"http:\/\/klubmamgdynia.pl\/?post_type=product&#038;p=8421"},"modified":"2026-04-04T12:02:49","modified_gmt":"2026-04-04T10:02:49","slug":"beniamin-zeszyt-a5-kraft-liner-avengers","status":"publish","type":"product","link":"http:\/\/klubmamgdynia.pl\/index.php\/produkt\/beniamin-zeszyt-a5-kraft-liner-avengers\/","title":{"rendered":"Beniamin Zeszyt A5 Kraft Liner Avengers"},"content":{"rendered":"<h2>Beniamin Zeszyt A5 Kraft Liner Avengers Beniamin<\/h2>\n<p>zagadki dla doros\u0142ych, celina, quiz online, wyci\u0119cia szablon korony do druku, znaczenie imiona alan, co kupi\u0107 na roczek dla dziewczynki, gdzie strumyk p\u0142ynie z wolna, przyjazn, rysunki dla pocz\u0105tkuj\u0105cych, \u015bwi\u0119ty przemys\u0142aw, prezent dla roczniaka, ekskluzywny prezent na roczek<\/p>\n<p>yyyyy<\/p>\n<p>&nbsp;<\/p>\n","protected":false},"excerpt":{"rendered":"<p>Beniamin Zeszyt A5 Kraft Liner Avengers Beniamin zagadki dla doros\u0142ych, celina, quiz online, wyci\u0119cia szablon korony do druku, znaczenie imiona alan, co kupi\u0107 na roczek dla dziewczynki, gdzie strumyk p\u0142ynie z wolna, przyjazn, rysunki dla pocz\u0105tkuj\u0105cych, \u015bwi\u0119ty przemys\u0142aw, prezent dla roczniaka, ekskluzywny prezent na roczek yyyyy &nbsp;<\/p>\n","protected":false},"featured_media":8422,"comment_status":"closed","ping_status":"open","template":"","meta":[],"product_cat":[1376,325],"product_tag":[765,676,654],"class_list":["post-8421","product","type-product","status-publish","has-post-thumbnail","hentry","product_cat-beniamin","product_cat-szkolne-artykuly-papiernicze","product_tag-atrakcje-dla-dzieci-warszawa","product_tag-bursztynek","product_tag-krotkie-bajki-dla-dzieci-do-czytania"],"_links":{"self":[{"href":"http:\/\/klubmamgdynia.pl\/index.php\/wp-json\/wp\/v2\/product\/8421","targetHints":{"allow":["GET"]}}],"collection":[{"href":"http:\/\/klubmamgdynia.pl\/index.php\/wp-json\/wp\/v2\/product"}],"about":[{"href":"http:\/\/klubmamgdynia.pl\/index.php\/wp-json\/wp\/v2\/types\/product"}],"replies":[{"embeddable":true,"href":"http:\/\/klubmamgdynia.pl\/index.php\/wp-json\/wp\/v2\/comments?post=8421"}],"wp:featuredmedia":[{"embeddable":true,"href":"http:\/\/klubmamgdynia.pl\/index.php\/wp-json\/wp\/v2\/media\/8422"}],"wp:attachment":[{"href":"http:\/\/klubmamgdynia.pl\/index.php\/wp-json\/wp\/v2\/media?parent=8421"}],"wp:term":[{"taxonomy":"product_cat","embeddable":true,"href":"http:\/\/klubmamgdynia.pl\/index.php\/wp-json\/wp\/v2\/product_cat?post=8421"},{"taxonomy":"product_tag","embeddable":true,"href":"http:\/\/klubmamgdynia.pl\/index.php\/wp-json\/wp\/v2\/product_tag?post=8421"}],"curies":[{"name":"wp","href":"https:\/\/api.w.org\/{rel}","templated":true}]}}