{"id":8423,"date":"2020-05-30T06:49:25","date_gmt":"2020-05-30T04:49:25","guid":{"rendered":"http:\/\/klubmamgdynia.pl\/index.php\/produkt\/aig-zdalnie-sterowany-rekin-jezdzi-robi-banki-mydlane\/"},"modified":"2026-05-17T22:39:51","modified_gmt":"2026-05-17T20:39:51","slug":"aig-zdalnie-sterowany-rekin-jezdzi-robi-banki-mydlane","status":"publish","type":"product","link":"http:\/\/klubmamgdynia.pl\/index.php\/produkt\/aig-zdalnie-sterowany-rekin-jezdzi-robi-banki-mydlane\/","title":{"rendered":"Aig Zdalnie Sterowany Rekin Je\u017adzi Robi Ba\u0144ki Mydlane"},"content":{"rendered":"<p>Zdalnie sterowany rekin shark bubbles<\/p>\n<h2>Aig Zdalnie Sterowany Rekin Je\u017adzi Robi Ba\u0144ki Mydlane <\/h2>\n<p>kanapki na urodziny dziecka, jak namalowa\u0107 kota, quiz o bajkach, kornelia, zagadki o lesie, zagadki halloween dla dzieci, kundel bury tekst, labirynt dla dzieci, zaproszenia na urodziny do wydruku czarno bia\u0142e, quiz minecraft, kostek imi\u0119, gry dla m\u0142odzie\u017cy, leon imi\u0119<\/p>\n<p>yyyyy<\/p>\n<p>&nbsp;<\/p>\n","protected":false},"excerpt":{"rendered":"<p>Zdalnie sterowany rekin shark bubbles Aig Zdalnie Sterowany Rekin Je\u017adzi Robi Ba\u0144ki Mydlane kanapki na urodziny dziecka, jak namalowa\u0107 kota, quiz o bajkach, kornelia, zagadki o lesie, zagadki halloween dla dzieci, kundel bury tekst, labirynt dla dzieci, zaproszenia na urodziny do wydruku czarno bia\u0142e, quiz minecraft, kostek imi\u0119, gry dla m\u0142odzie\u017cy, leon imi\u0119 yyyyy &nbsp;<\/p>\n","protected":false},"featured_media":8424,"comment_status":"closed","ping_status":"open","template":"","meta":[],"product_cat":[337],"product_tag":[723,741,796],"class_list":["post-8423","product","type-product","status-publish","has-post-thumbnail","hentry","product_cat-zabawki-zdalnie-sterowane","product_tag-krotkie-bajki-do-czytania-na-dobranoc","product_tag-wlochy","product_tag-zagatki"],"_links":{"self":[{"href":"http:\/\/klubmamgdynia.pl\/index.php\/wp-json\/wp\/v2\/product\/8423","targetHints":{"allow":["GET"]}}],"collection":[{"href":"http:\/\/klubmamgdynia.pl\/index.php\/wp-json\/wp\/v2\/product"}],"about":[{"href":"http:\/\/klubmamgdynia.pl\/index.php\/wp-json\/wp\/v2\/types\/product"}],"replies":[{"embeddable":true,"href":"http:\/\/klubmamgdynia.pl\/index.php\/wp-json\/wp\/v2\/comments?post=8423"}],"wp:featuredmedia":[{"embeddable":true,"href":"http:\/\/klubmamgdynia.pl\/index.php\/wp-json\/wp\/v2\/media\/8424"}],"wp:attachment":[{"href":"http:\/\/klubmamgdynia.pl\/index.php\/wp-json\/wp\/v2\/media?parent=8423"}],"wp:term":[{"taxonomy":"product_cat","embeddable":true,"href":"http:\/\/klubmamgdynia.pl\/index.php\/wp-json\/wp\/v2\/product_cat?post=8423"},{"taxonomy":"product_tag","embeddable":true,"href":"http:\/\/klubmamgdynia.pl\/index.php\/wp-json\/wp\/v2\/product_tag?post=8423"}],"curies":[{"name":"wp","href":"https:\/\/api.w.org\/{rel}","templated":true}]}}