{"id":8425,"date":"2021-07-16T06:57:12","date_gmt":"2021-07-16T04:57:12","guid":{"rendered":"http:\/\/klubmamgdynia.pl\/index.php\/produkt\/llorens-joelle-lalka-placzaca-z-rozowym-kocykiem-38cm\/"},"modified":"2026-04-27T14:26:06","modified_gmt":"2026-04-27T12:26:06","slug":"llorens-joelle-lalka-placzaca-z-rozowym-kocykiem-38cm","status":"publish","type":"product","link":"http:\/\/klubmamgdynia.pl\/index.php\/produkt\/llorens-joelle-lalka-placzaca-z-rozowym-kocykiem-38cm\/","title":{"rendered":"Llorens Joelle Lalka P\u0142acz\u0105ca Z R\u00f3\u017cowym Kocykiem 38Cm"},"content":{"rendered":"<p>Lalka Llorens Joelle p\u0142acz\u0105ca 38 cm. Zaopiekuj si\u0119 dzidziusiem! Uroczy wygl\u0105d i eleganckie ubranko zachwyc\u0105 dziecko! Lalka pozwoli rozwin\u0105\u0107 u dziecka wra\u017cliwo\u015b\u0107 i uczy odpowiedzialno\u015bci Przyjemna w dotyku i starannie wykonana z materia\u0142\u00f3w wysokiej jako\u015bci Wspania\u0142a, rozwijaj\u0105ca zabawa! Lalka p\u0142acz\u0105ca Joelle 38 cm to wspania\u0142a zabawka dla dzieci w ka\u017cdym wieku. Zosta\u0142a r\u0119cznie wyprodukowana przez hiszpa\u0144sk\u0105 mark\u0119 Llorens. Wszystkie szczeg\u00f3\u0142y, dzi\u0119ki kt\u00f3rym lalka wygl\u0105da jak prawdziwe dziecko, zosta\u0142y odwzorowane z wielk\u0105 staranno\u015bci\u0105. Joelle posiada winylowe, ruchome r\u0105czki, n\u00f3\u017cki oraz g\u0142\u00f3wk\u0119 a brzuszek materia\u0142owy wype\u0142niony mi\u0119kk\u0105 wy\u015bci\u00f3\u0142k\u0105. W zestawie znajduje si\u0119 jej ulubiony smoczek, gdy go zabierzemy lalka b\u0119dzie p\u0142aka\u0107 i wo\u0142a\u0107 mama, papa. R\u00f3\u017cowa stylizacja lalki jak i kocyk, kt\u00f3rym mo\u017cemy j\u0105 otuli\u0107 do snu, zosta\u0142y wykonane z mi\u0119kkiego oraz trwa\u0142ego materia\u0142u. Lalka zosta\u0142a zapakowana w ozdobny karton. Kochamy hiszpa\u0144skie lalki Llorens! Zaopiekuj si\u0119 dzidziusiem! Zabawa lalkami to dla dziecka okazja do rozwini\u0119cia swojej wyobra\u017ani, a tak\u017ce rozwini\u0119cia swej empatii i nauczenia si\u0119 nazywania swoich emocji. Lalki pozwalaj\u0105 dzieciom tak\u017ce na\u015bladowa\u0107 zachowania doros\u0142ych, co mo\u017ce przyczyni\u0107 si\u0119 do nauki, czym jest odpowiedzialno\u015b\u0107. Zdj\u0119cie jest przyk\u0142adowe i nie przedstawia oferowanego produktu. Zachwyca swym wygl\u0105dem Lalki bobasy z najnowszej kolekcji hiszpa\u0144skiej manufaktury Llorens wygl\u0105dem przypominaj\u0105 prawdziwego niemowlaka i s\u0105 idealn\u0105 zabawk\u0105 dla dzieci w r\u00f3\u017cnym wieku. Producent zadba\u0142 o szczeg\u00f3\u0142y naturalistycznego wygl\u0105du takie jak p\u0142e\u0107, fa\u0142dki czy mimika twarzy co sprawia, \u017ce lalki te wygl\u0105daj\u0105 jak \u017cywe, prawdziwe dziecko. Oczywi\u015bcie zapewniono tak\u017ce wysokiej jako\u015bci, pi\u0119kne ubranka i liczne dodatkowe akcesoria, tak aby zabawa tymi bobasami cieszy\u0142a nasze ukochane dzieci.<\/p>\n<h2>Llorens Joelle Lalka P\u0142acz\u0105ca Z R\u00f3\u017cowym Kocykiem 38Cm Llorens<\/h2>\n<p>carmen imi\u0119, prosta zagadka, atrakcje we wroc\u0142awiu dla dzieci, \u017carty na prima aprilis dla rodzic\u00f3w, \u015bmigus dyngus lany poniedzia\u0142ek zyczenia, pieski ma\u0142e dwa tekst, dyplomy do druku, bianka, cytaty rodzina, bajki dla dzieci od 7 do 10 lat<\/p>\n<p>yyyyy<\/p>\n<p>&nbsp;<\/p>\n","protected":false},"excerpt":{"rendered":"<p>Lalka Llorens Joelle p\u0142acz\u0105ca 38 cm. Zaopiekuj si\u0119 dzidziusiem! Uroczy wygl\u0105d i eleganckie ubranko zachwyc\u0105 dziecko! Lalka pozwoli rozwin\u0105\u0107 u dziecka wra\u017cliwo\u015b\u0107 i uczy odpowiedzialno\u015bci Przyjemna w dotyku i starannie wykonana z materia\u0142\u00f3w wysokiej jako\u015bci Wspania\u0142a, rozwijaj\u0105ca zabawa! Lalka p\u0142acz\u0105ca Joelle 38 cm to wspania\u0142a zabawka dla dzieci w ka\u017cdym wieku. Zosta\u0142a r\u0119cznie wyprodukowana przez [&hellip;]<\/p>\n","protected":false},"featured_media":8426,"comment_status":"closed","ping_status":"open","template":"","meta":[],"product_cat":[65,1166],"product_tag":[610,692,835,632,779],"class_list":["post-8425","product","type-product","status-publish","has-post-thumbnail","hentry","product_cat-lalki","product_cat-llorens","product_tag-co-na-prezent-dla-nastolatkow","product_tag-prezenty-na-roczek","product_tag-radosc-dziecka-cytaty","product_tag-warszawa-atrakcje-dla-mlodziezy","product_tag-zarty-na-prima-aprilis-w-domu"],"_links":{"self":[{"href":"http:\/\/klubmamgdynia.pl\/index.php\/wp-json\/wp\/v2\/product\/8425","targetHints":{"allow":["GET"]}}],"collection":[{"href":"http:\/\/klubmamgdynia.pl\/index.php\/wp-json\/wp\/v2\/product"}],"about":[{"href":"http:\/\/klubmamgdynia.pl\/index.php\/wp-json\/wp\/v2\/types\/product"}],"replies":[{"embeddable":true,"href":"http:\/\/klubmamgdynia.pl\/index.php\/wp-json\/wp\/v2\/comments?post=8425"}],"wp:featuredmedia":[{"embeddable":true,"href":"http:\/\/klubmamgdynia.pl\/index.php\/wp-json\/wp\/v2\/media\/8426"}],"wp:attachment":[{"href":"http:\/\/klubmamgdynia.pl\/index.php\/wp-json\/wp\/v2\/media?parent=8425"}],"wp:term":[{"taxonomy":"product_cat","embeddable":true,"href":"http:\/\/klubmamgdynia.pl\/index.php\/wp-json\/wp\/v2\/product_cat?post=8425"},{"taxonomy":"product_tag","embeddable":true,"href":"http:\/\/klubmamgdynia.pl\/index.php\/wp-json\/wp\/v2\/product_tag?post=8425"}],"curies":[{"name":"wp","href":"https:\/\/api.w.org\/{rel}","templated":true}]}}