{"id":8427,"date":"2024-05-09T07:41:12","date_gmt":"2024-05-09T05:41:12","guid":{"rendered":"http:\/\/klubmamgdynia.pl\/?post_type=product&#038;p=8427"},"modified":"2026-04-03T22:47:17","modified_gmt":"2026-04-03T20:47:17","slug":"siku-zestaw-znakow-lodz-s5592","status":"publish","type":"product","link":"http:\/\/klubmamgdynia.pl\/index.php\/produkt\/siku-zestaw-znakow-lodz-s5592\/","title":{"rendered":"Siku Zestaw Znak\u00f3w + \u0141\u00f3d\u017a S5592"},"content":{"rendered":"<p>SIKU 5592AKCESORIA WODNE ZNAKI BOJE MOTOR\u00d3WKAWiek: 3+Firma Siku jest producentem wysokiej klasy zmontowanych i pomalowanych modeli samochod\u00f3w osobowych, ci\u0119\u017car\u00f3wek, autobus\u00f3w, ci\u0119\u017ckich maszyn budowlanych oraz pot\u0119\u017cnych maszyn rolniczych i traktor\u00f3w.Wszystkie repliki pojazd\u00f3w wykonane s\u0105 ze szczeg\u00f3ln\u0105 dba\u0142o\u015bci\u0105 o detale, posiadaj\u0105 wiele ruchomych element\u00f3w i gumowe ko\u0142a dzi\u0119ki czemu wiernie odwzorowuj\u0105 orygina\u0142. Podstawowym materia\u0142em, kt\u00f3ry pos\u0142u\u017cy\u0142 do produkcji jest metal, drobne detale wykonano z barwionego tworzywa.Modele firmy Siku to wspania\u0142a propozycja nie tylko dla kolekcjoner\u00f3w ale r\u00f3wnie\u017c dzieci.<\/p>\n<h2>Siku Zestaw Znak\u00f3w + \u0141\u00f3d\u017a S5592 Siku<\/h2>\n<p>ach \u015bpij kochanie tekst, ko\u0142ysanki dla dzieci + tekst, bursztynek, warsztaty dla dzieci warszawa<\/p>\n<p>yyyyy<\/p>\n<p>&nbsp;<\/p>\n","protected":false},"excerpt":{"rendered":"<p>SIKU 5592AKCESORIA WODNE ZNAKI BOJE MOTOR\u00d3WKAWiek: 3+Firma Siku jest producentem wysokiej klasy zmontowanych i pomalowanych modeli samochod\u00f3w osobowych, ci\u0119\u017car\u00f3wek, autobus\u00f3w, ci\u0119\u017ckich maszyn budowlanych oraz pot\u0119\u017cnych maszyn rolniczych i traktor\u00f3w.Wszystkie repliki pojazd\u00f3w wykonane s\u0105 ze szczeg\u00f3ln\u0105 dba\u0142o\u015bci\u0105 o detale, posiadaj\u0105 wiele ruchomych element\u00f3w i gumowe ko\u0142a dzi\u0119ki czemu wiernie odwzorowuj\u0105 orygina\u0142. Podstawowym materia\u0142em, kt\u00f3ry pos\u0142u\u017cy\u0142 do [&hellip;]<\/p>\n","protected":false},"featured_media":8428,"comment_status":"closed","ping_status":"open","template":"","meta":[],"product_cat":[83,300],"product_tag":[689,620,868,737],"class_list":["post-8427","product","type-product","status-publish","has-post-thumbnail","hentry","product_cat-auta-i-inne-pojazdy-do-zabawy","product_cat-siku","product_tag-linda","product_tag-quiz-opowiesci-z-narnii","product_tag-quizy-dla-dzieci","product_tag-test-z-lektury-felix-net-i-nika-oraz-gang-niewidzialnych-ludzi"],"_links":{"self":[{"href":"http:\/\/klubmamgdynia.pl\/index.php\/wp-json\/wp\/v2\/product\/8427","targetHints":{"allow":["GET"]}}],"collection":[{"href":"http:\/\/klubmamgdynia.pl\/index.php\/wp-json\/wp\/v2\/product"}],"about":[{"href":"http:\/\/klubmamgdynia.pl\/index.php\/wp-json\/wp\/v2\/types\/product"}],"replies":[{"embeddable":true,"href":"http:\/\/klubmamgdynia.pl\/index.php\/wp-json\/wp\/v2\/comments?post=8427"}],"wp:featuredmedia":[{"embeddable":true,"href":"http:\/\/klubmamgdynia.pl\/index.php\/wp-json\/wp\/v2\/media\/8428"}],"wp:attachment":[{"href":"http:\/\/klubmamgdynia.pl\/index.php\/wp-json\/wp\/v2\/media?parent=8427"}],"wp:term":[{"taxonomy":"product_cat","embeddable":true,"href":"http:\/\/klubmamgdynia.pl\/index.php\/wp-json\/wp\/v2\/product_cat?post=8427"},{"taxonomy":"product_tag","embeddable":true,"href":"http:\/\/klubmamgdynia.pl\/index.php\/wp-json\/wp\/v2\/product_tag?post=8427"}],"curies":[{"name":"wp","href":"https:\/\/api.w.org\/{rel}","templated":true}]}}