{"id":8429,"date":"2022-09-06T21:55:05","date_gmt":"2022-09-06T19:55:05","guid":{"rendered":"http:\/\/klubmamgdynia.pl\/index.php\/produkt\/janod-zestaw-kreatywny-mozaika-wrozki-5-j07901\/"},"modified":"2026-04-29T16:03:42","modified_gmt":"2026-04-29T14:03:42","slug":"janod-zestaw-kreatywny-mozaika-wrozki-5-j07901","status":"publish","type":"product","link":"http:\/\/klubmamgdynia.pl\/index.php\/produkt\/janod-zestaw-kreatywny-mozaika-wrozki-5-j07901\/","title":{"rendered":"Janod Zestaw Kreatywny Mozaika Wr\u00f3\u017cki 5+ J07901"},"content":{"rendered":"<p>Janod Zestaw Kreatywny Mozaika Wr\u00f3\u017cki                            <\/p>\n<p>a                            <\/p>\n<p>Zestaw kreatywny Mozaika Wr\u00f3\u017cki francuskiej marki JANOD zawiera 5 kartonowych plansz-obrazk\u00f3w, kt\u00f3re przedstawiaj\u0105 uskrzydlone wr\u00f3\u017cki w\u015br\u00f3d kwiat\u00f3w, magicznych stworze\u0144, a nawet \u2013 na ksi\u0119\u017cycu. Do ilustracji tych mo\u017cna \u2013 zar\u00f3wno w sugerowanych miejscach, jak i dowolnie \u2013 przykleja\u0107 do\u0142\u0105czone do zestawu drobne kwadratowe piankowe naklejki w r\u00f3\u017cnych (ponad 1000 sztuk!) oraz w 10 r\u00f3\u017cnych kolorach (ka\u017cdy na osobnym arkuszu), w tym 4 z efektem po\u0142ysku. Naklejanie to dla dziecka d\u0142ugie godziny anga\u017cuj\u0105cej i jednocze\u015bnie uspokajaj\u0105cej, wyciszaj\u0105cej zabawy, a gotowe obrazki stan\u0105 si\u0119 wspania\u0142ym elementem dekoracyjnym dzieci\u0119cego pokoju.Zestaw zaprojektowano we Francji we wsp\u00f3\u0142pracy z francusk\u0105 grup\u0105 mediow\u0105 i wydawnicz\u0105 Hachette. Zapakowany jest w stylowe kartonowe pude\u0142ko. Idealnie nadaje si\u0119 na prezent.                            <\/p>\n<p>a                            <\/p>\n<p>Zestawy artystyczne marki Janod to zbi\u00f3r kreatywnych zada\u0144 do samodzielnego wykonania przez dziecko, kt\u00f3re wspaniale kszta\u0142tuj\u0105 koordynacj\u0119 r\u0119ka-oko, poprawiaj\u0105 sprawno\u015b\u0107 manualn\u0105, pobudzaj\u0105 wyobra\u017ani\u0119 i ucz\u0105 koncentracji. To doskona\u0142y pomys\u0142 na zabaw\u0119 dla dzieci, kt\u00f3re lubi\u0105 tworzy\u0107 \u2013 sk\u0142ada\u0107, klei\u0107, malowa\u0107 czy rysowa\u0107. Mali arty\u015bci b\u0119d\u0105 na pewno bardzo dumni ze swoich dzie\u0142.Zabawka rozwija:umiej\u0119tno\u015b\u0107 budowania i projektowaniawyobra\u017ani\u0119, pomys\u0142owo\u015b\u0107 i kreatywno\u015b\u0107wiek: 5+liczba element\u00f3w: 1000+materia\u0142: karton, piankadesign: Francjawymiary produktu: obrazek 21 x 25 cmwymiary opakowania: 26 x 2 x 26 cmbezpiecze\u0144stwo i jako\u015b\u0107: EN71-1; EN71-2, EN71-3; REACH                            <\/p>\n<p>a                            <\/p>\n<p>a                            <\/p>\n<p>Janod od 1970 roku niezmiennie projektuje zabawki, kt\u00f3re s\u0105 synonimem innowacyjno\u015bci, francuskiego designu i najwy\u017cszej jako\u015bci. Unikalne zabawki Janod tworzone s\u0105 z drewna i innych doskona\u0142ych materia\u0142\u00f3w, a przede wszystkim z dzieci\u0119cych marze\u0144!\u00a0W obecnej ofercie Janod jest ponad 500 produkt\u00f3w, z kt\u00f3rych kluczowe to zabawki drewniane, puzzle, uk\u0142adanki i zabawki magnetyczne. Wszystkie produkty projektowane s\u0105 we Francji przez w\u0142asnych designer\u00f3w. St\u0105d wiele motyw\u00f3w i wzor\u00f3w powtarza si\u0119 w kolekcjach, tworz\u0105c wyj\u0105tkowy, bajkowy \u015bwiat Janod.\u00a0Wszystkie zabawki tworzone s\u0105 z dba\u0142o\u015bci\u0105 o szczeg\u00f3\u0142y, z najwy\u017cszej jako\u015bci materia\u0142\u00f3w, bezpiecznych dla dzieci. Zabawki spe\u0142niaj\u0105 restrykcyjne normy bezpiecze\u0144stwa, takie jak EN71-1, EN71-2, EN71-3 oraz REACH.<\/p>\n<h2>Janod Zestaw Kreatywny Mozaika Wr\u00f3\u017cki 5+ J07901 Janod<\/h2>\n<p>wzruszajace cytaty o rodzinie, spiderman kolorowanka, zagadki dla dzieci 4-5 lat online, zagadki logiczne trudne, gdy strumyk p\u0142ynie z wolna, dawne ko\u0142ysanki teksty, esmeralda, adriana imie, quiz flagi \u015bwiata, lol kolorowanka do druku, anio\u0142 rysunek prosty, znaki drogowe do druku, co dla rocznego dziecka, zagadki dla doros\u0142ych, zagadki trudne, rysunki do druku, bezwarunkowa mi\u0142o\u015b\u0107 do dziecka cytaty, mandale do druku, zagadki dla doros\u0142ych<\/p>\n<p>yyyyy<\/p>\n<p>&nbsp;<\/p>\n","protected":false},"excerpt":{"rendered":"<p>Janod Zestaw Kreatywny Mozaika Wr\u00f3\u017cki a Zestaw kreatywny Mozaika Wr\u00f3\u017cki francuskiej marki JANOD zawiera 5 kartonowych plansz-obrazk\u00f3w, kt\u00f3re przedstawiaj\u0105 uskrzydlone wr\u00f3\u017cki w\u015br\u00f3d kwiat\u00f3w, magicznych stworze\u0144, a nawet \u2013 na ksi\u0119\u017cycu. Do ilustracji tych mo\u017cna \u2013 zar\u00f3wno w sugerowanych miejscach, jak i dowolnie \u2013 przykleja\u0107 do\u0142\u0105czone do zestawu drobne kwadratowe piankowe naklejki w r\u00f3\u017cnych (ponad 1000 [&hellip;]<\/p>\n","protected":false},"featured_media":8430,"comment_status":"closed","ping_status":"open","template":"","meta":[],"product_cat":[557,21],"product_tag":[829,801,815,872,649],"class_list":["post-8429","product","type-product","status-publish","has-post-thumbnail","hentry","product_cat-janod","product_cat-zabawki-plastyczne","product_tag-bajki-do-czytania-na-dobranoc","product_tag-bajki-terapeutyczne-o-emocjach","product_tag-ozdoby-choinkowe-dla-dzieci","product_tag-zagadki-dla-dzieci-6-lat","product_tag-zagadki-dla-nastolatkow"],"_links":{"self":[{"href":"http:\/\/klubmamgdynia.pl\/index.php\/wp-json\/wp\/v2\/product\/8429","targetHints":{"allow":["GET"]}}],"collection":[{"href":"http:\/\/klubmamgdynia.pl\/index.php\/wp-json\/wp\/v2\/product"}],"about":[{"href":"http:\/\/klubmamgdynia.pl\/index.php\/wp-json\/wp\/v2\/types\/product"}],"replies":[{"embeddable":true,"href":"http:\/\/klubmamgdynia.pl\/index.php\/wp-json\/wp\/v2\/comments?post=8429"}],"wp:featuredmedia":[{"embeddable":true,"href":"http:\/\/klubmamgdynia.pl\/index.php\/wp-json\/wp\/v2\/media\/8430"}],"wp:attachment":[{"href":"http:\/\/klubmamgdynia.pl\/index.php\/wp-json\/wp\/v2\/media?parent=8429"}],"wp:term":[{"taxonomy":"product_cat","embeddable":true,"href":"http:\/\/klubmamgdynia.pl\/index.php\/wp-json\/wp\/v2\/product_cat?post=8429"},{"taxonomy":"product_tag","embeddable":true,"href":"http:\/\/klubmamgdynia.pl\/index.php\/wp-json\/wp\/v2\/product_tag?post=8429"}],"curies":[{"name":"wp","href":"https:\/\/api.w.org\/{rel}","templated":true}]}}