{"id":8431,"date":"2017-09-15T16:47:20","date_gmt":"2017-09-15T14:47:20","guid":{"rendered":"http:\/\/klubmamgdynia.pl\/index.php\/produkt\/nqd-4wd-rock-crawler-2-4ghz-czerwony\/"},"modified":"2026-04-07T12:36:44","modified_gmt":"2026-04-07T10:36:44","slug":"nqd-4wd-rock-crawler-2-4ghz-czerwony","status":"publish","type":"product","link":"http:\/\/klubmamgdynia.pl\/index.php\/produkt\/nqd-4wd-rock-crawler-2-4ghz-czerwony\/","title":{"rendered":"Nqd 4Wd Rock Crawler 2.4Ghz Czerwony"},"content":{"rendered":"<p>Zdalnie starowany pojazd terenowy z nap\u0119dem 4&#215;4 zdolny pokona\u0107 ka\u017cd\u0105 przeszkod\u0105 stoj\u0105c\u0105 na jego drodze.Ka\u017cda o\u015b zasilana jest oddzielnym silnikiem. W po\u0142\u0105czeniu z niezale\u017cnym zawieszeniem spr\u0119\u017cynowym i ko\u0142ami o du\u017cej \u015brednicy otrzymujemy auto, kt\u00f3re bez problemu radzi sobie na ka\u017cdej nawierzchni, jak nier\u00f3wna by nie by\u0142a.Model dzia\u0142a na cz\u0119stotliwo\u015bci 2.4GHz, co oznacza, \u017ce jest on znacznie mniej podatny na zak\u0142\u00f3cenia sygna\u0142u ni\u017c maszyny pracuj\u0105ce na ni\u017cszych cz\u0119stotliwo\u015bciach. Tak szerokie pasmo pozwala na zabaw\u0119 kilkoma samochodami w jednym miejscu, bez obaw o utrat\u0119 kontroli nad pojazdem.Pomimo du\u017cej mocy, auto jest bardzo \u0142atwe do opanowania. Prostota sterowania sprawia, \u017ce model doskonale nadaje si\u0119 dla tych, kt\u00f3rzy dopiero zaczynaj\u0105 swoj\u0105 przygod\u0119 z modelami zdalnie starowanymi.Dane technicznePr\u0119dko\u015b\u0107 maksymalna: do 20 km\/hAkumulator: NiCDD\u0142ugo\u015b\u0107 : 270 mmSzeroko\u015b\u0107 : 160 mmWysoko\u015b\u0107: 130 mmZasi\u0119g: do 50mSkala: 1:18Radio: 2.4GHzNap\u0119d: 4WDMateria\u0142 wykonania: Tworzywo sztuczneSk\u0142ad zestawuSamoch\u00f3dNadajnik zdalnego sterowania i antenaAkumulator 4.8V Ni-Cd 700mAh\u0141adowarkaInstrukcja obs\u0142ugi i opakowanieFilm:<\/p>\n<h2>Nqd 4Wd Rock Crawler 2.4Ghz Czerwony NQD<\/h2>\n<p>prezent dla nastolatk\u00f3w na \u015bwi\u0119ta, wakacyjne kolorowanki, walentynka kolorowanka, zagadki i odpowiedzi, \u0142atwe zagadki, prezenty dla rocznego dziecka, test lew czarownica i stara szafa, cytaty korczaka, kolorowanki do wydruku, miko\u0142ajek &#8211; test z odpowiedziami, bajka terapeutyczna o emocjach, po\u0142\u0105cz kropki do druku \u0142atwe, nadie\u017cda imi\u0119, jak narysowac kota, wiersz o marzannie, piosenka dla mamy tekst, zagadki dla nastolatk\u00f3w, kolorowanki dla ch\u0142opc\u00f3w do druku, nauka literek do druku, zagadki zagadki, nauka zegara do druku pdf<\/p>\n<p>yyyyy<\/p>\n<p>&nbsp;<\/p>\n","protected":false},"excerpt":{"rendered":"<p>Zdalnie starowany pojazd terenowy z nap\u0119dem 4&#215;4 zdolny pokona\u0107 ka\u017cd\u0105 przeszkod\u0105 stoj\u0105c\u0105 na jego drodze.Ka\u017cda o\u015b zasilana jest oddzielnym silnikiem. W po\u0142\u0105czeniu z niezale\u017cnym zawieszeniem spr\u0119\u017cynowym i ko\u0142ami o du\u017cej \u015brednicy otrzymujemy auto, kt\u00f3re bez problemu radzi sobie na ka\u017cdej nawierzchni, jak nier\u00f3wna by nie by\u0142a.Model dzia\u0142a na cz\u0119stotliwo\u015bci 2.4GHz, co oznacza, \u017ce jest on [&hellip;]<\/p>\n","protected":false},"featured_media":8432,"comment_status":"closed","ping_status":"open","template":"","meta":[],"product_cat":[1716,337],"product_tag":[834,853,688,596,682,714],"class_list":["post-8431","product","type-product","status-publish","has-post-thumbnail","hentry","product_cat-nqd","product_cat-zabawki-zdalnie-sterowane","product_tag-bajka-do-czytania-na-dobranoc","product_tag-kolorowanki-do-druku-dla-doroslych","product_tag-kolysanki-tekst","product_tag-pomysly-na-prima-aprilis","product_tag-przyjazn-cytaty","product_tag-zagadki-logiczne"],"_links":{"self":[{"href":"http:\/\/klubmamgdynia.pl\/index.php\/wp-json\/wp\/v2\/product\/8431","targetHints":{"allow":["GET"]}}],"collection":[{"href":"http:\/\/klubmamgdynia.pl\/index.php\/wp-json\/wp\/v2\/product"}],"about":[{"href":"http:\/\/klubmamgdynia.pl\/index.php\/wp-json\/wp\/v2\/types\/product"}],"replies":[{"embeddable":true,"href":"http:\/\/klubmamgdynia.pl\/index.php\/wp-json\/wp\/v2\/comments?post=8431"}],"wp:featuredmedia":[{"embeddable":true,"href":"http:\/\/klubmamgdynia.pl\/index.php\/wp-json\/wp\/v2\/media\/8432"}],"wp:attachment":[{"href":"http:\/\/klubmamgdynia.pl\/index.php\/wp-json\/wp\/v2\/media?parent=8431"}],"wp:term":[{"taxonomy":"product_cat","embeddable":true,"href":"http:\/\/klubmamgdynia.pl\/index.php\/wp-json\/wp\/v2\/product_cat?post=8431"},{"taxonomy":"product_tag","embeddable":true,"href":"http:\/\/klubmamgdynia.pl\/index.php\/wp-json\/wp\/v2\/product_tag?post=8431"}],"curies":[{"name":"wp","href":"https:\/\/api.w.org\/{rel}","templated":true}]}}