{"id":8433,"date":"2017-03-09T23:35:03","date_gmt":"2017-03-09T22:35:03","guid":{"rendered":"http:\/\/klubmamgdynia.pl\/index.php\/produkt\/tiny-love-gimnastyka-dla-bobasa-sloneczny-dzien-tl1206506830r\/"},"modified":"2026-04-05T22:10:50","modified_gmt":"2026-04-05T20:10:50","slug":"tiny-love-gimnastyka-dla-bobasa-sloneczny-dzien-tl1206506830r","status":"publish","type":"product","link":"http:\/\/klubmamgdynia.pl\/index.php\/produkt\/tiny-love-gimnastyka-dla-bobasa-sloneczny-dzien-tl1206506830r\/","title":{"rendered":"Tiny Love Gimnastyka dla bobasa S\u0142oneczny Dzie\u0144 (TL1206506830R)"},"content":{"rendered":"<p>Gimnastyka dla bobasa z pa\u0142\u0105kami &#8211; S\u0142oneczny Dzie\u0144 to rewolucyjne i innowacyjne rozwi\u0105zanie w dziedzinie mat edukacyjnych dla dzieci.Edukacyjna mata Tiny Love zapewni aktywny rozw\u00f3j ruchowy, oraz rado\u015b\u0107 z odkrywania nowych bod\u017ac\u00f3w.Mata zach\u0119ca do unoszenia g\u0142owy, wspomaga kontrolowanie ruch\u00f3w r\u0119ki, koordynacj\u0119 wzrokowo-ruchow\u0105, doskonalenie sprawno\u015bci ruchowej i rozumienie zale\u017cno\u015bci przyczyna &#8211; skutek.Gimnastyka dla bobasa z pa\u0142\u0105kami &#8211; S\u0142oneczny Dzie\u0144 posiada unikalny design, kt\u00f3ry pomaga dostosowa\u0107 si\u0119 do zmieniaj\u0105cych si\u0119 potrzeb i mo\u017cliwo\u015bci dziecka. Mo\u017cesz umie\u015bci\u0107 zabawki w zasi\u0119gu r\u0119ki dziecka, aby stymulowa\u0107 i wspiera\u0107 rozw\u00f3j koordynacji wzrokowo-ruchowej i umiej\u0119tno\u015bci chwytaj\u0105ce, co pomaga rozwija\u0107 zdolno\u015bci poznawcze dziecka.wyj\u0105tkowy, przesuwany \u0142\u0105cznik pa\u0142\u0105k\u00f3w sprawia, \u017ce od tej pory mo\u017cesz dostosowa\u0107 ich u\u0142o\u017cenie do potrzeb rozwojowych swojego dziecka. Tw\u00f3j maluszek b\u0119dzie m\u00f3g\u0142 le\u017ce\u0107 na brzuszku, mie\u0107 zabawki zawsze blisko r\u0105czek, a nawet bawi\u0107 si\u0119 na macie z Tob\u0105!zawiera liczne urocze zabawki, aktywuj\u0105ce rozw\u00f3j Twojej pociechy, bezpieczne lusterko, oraz elementy \u015bwiec\u0105ce i graj\u0105ceprzesuwane pier\u015bcienie dla \u0142atwiejszego przemieszczania zabawek na pa\u0142\u0105kachmat\u0119 mo\u017cna pra\u0107 w pralce &#8211; dzi\u0119ki temu mata b\u0119dzie zawsze czysta i pachn\u0105ca1. Regulowane pa\u0142\u0105ki zapewniaj\u0105 mo\u017cliwo\u015b\u0107 dostosowania ich do potrzeb rozwojowych dziecka.2. Zabawna, szeleszcz\u0105ca karuzelka.3. Szeleszcz\u0105cy element a ku-ku.4. Zabawna, muzyczna zawieszka Je\u017cyk Marie z 3 melodiami.5. \u0141atwy do uchwycenia gryzaczek.6. Mat\u0119 mo\u017cna pra\u0107 w pralce.7. B\u0142yszcz\u0105ce, satynowe wst\u0105\u017cki.8. Lusterko do przed\u0142u\u017cenia czasu na brzuszku.9. Podskakuj\u0105ca zawieszka Wa\u017cka.10. \u0141atwa do uchwycenia grzechotka typu klik-klak.Wskaz\u00f3wki rozwojowe:0+ miesi\u0119cy: STYMULOWANIE ZMYS\u0141\u00d3WJu\u017c od pierwszych dni \u017cycia dziecka, bogaty wyb\u00f3r funkcji maty S\u0142oneczny Dzie\u0144 zapewni Twojemu dziecku stymulacj\u0119 s\u0142uchow\u0105, wzrokow\u0105 i dotykow\u0105. Po prostu powie\u015b jedn\u0105 z zabawek w odpowiedniej odleg\u0142o\u015bci od twarzy dziecka (oko\u0142o 25 cm) i pozw\u00f3l maluchowi na ni\u0105 spogl\u0105da\u0107, us\u0142ysze\u0107 d\u017awi\u0119k wydawany podczas jej poruszania si\u0119 itp. Z czasem dziecko nauczy si\u0119 bada\u0107 mat\u0119 i jej funkcje niezale\u017cnie.0-2+ miesi\u0119cy: ZACIE\u015aNIANIE WI\u0118ZI I KOMUNIKACJAPrzesu\u0144 pa\u0142\u0105ki do pozycji otwartej i ciesz si\u0119 czasem, kt\u00f3ry sp\u0119dzasz razem z dzieckiem, bawi\u0105c si\u0119 razem i zacie\u015bniaj\u0105c wi\u0119\u017a, jednocze\u015bnie zach\u0119caj\u0105c do rozwoju. Poka\u017c dziecku r\u00f3\u017cne aktywno\u015bci maty, rozmawiaj o jej bohaterach za pomoc\u0105 prostych zda\u0144 (\u201eOto je\u017c Marie!\u201d), lub po prostu ciesz si\u0119 cennym kontaktem z dzieckiem.2-4+ miesi\u0119cy: CZAS NA BRZUSZKUNigdy nie jest za wcze\u015bnie, aby przej\u015b\u0107 do pozycji na brzuszek. U\u017cyj 16 r\u00f3\u017cnych aktywno\u015bci maty, aby zach\u0119ci\u0107 dziecko do wyd\u0142u\u017cenia czasu na brzuszku, u\u017cywaj\u0105c r\u00f3\u017cnej stymulacji, kt\u00f3ra odwr\u00f3ci uwag\u0119 dziecka od wysi\u0142ku, jaki musi wykona\u0107 gdy pozostaje w tej pozycji. Na przyk\u0142ad umie\u015b\u0107 dziecko na brzuszku przed lustrkiem i pozw\u00f3l mu bada\u0107 swoje odbicie.3-5+ miesi\u0119cy: \u0106WICZENIE RUCH\u00d3W PRECYZYJNYCHZapoznawanie dziecka z r\u00f3\u017cnymi teksturami i materia\u0142ami pomaga rozwin\u0105\u0107 jego zmys\u0142y i zach\u0119ca do rozwoju umiej\u0119tno\u015bci motorycznych. Satynowe wst\u0105\u017cki, \u0142atwe do uchwycenia zabawki, podskakuj\u0105ca wa\u017cka i inne elementy wzbogacaj\u0105 wra\u017cenia dotykowe dziecka i pomagaj\u0105 \u0107wiczy\u0107 r\u00f3\u017cne rodzaje chwytania.4-6+ miesi\u0119cy: KOJARZENIE &#8211; ROZUMIENIE ZASADY PRZYCZYNA-SKUTEKMuzyczna zabawka Je\u017cyk Marie oferuje dziecku doskona\u0142\u0105 okazj\u0119 do lepszego zrozumienia zale\u017cno\u015bci mi\u0119dzy przyczyn\u0105 i skutkiem. Uderzenie w zabawk\u0119 i jej reakcja d\u017awi\u0119kowa wspiera zrozumienie poznawcze, kt\u00f3re stopniowo pomaga zrozumie\u0107 dziecku, \u017ce posiada kontrol\u0119 i mo\u017ce faktycznie sprawi\u0107, \u017ce co\u015b si\u0119 wydarzy.Poni\u017cej znajdziesz kluczowe elementy rozwoju, kt\u00f3re Twoje dziecko mo\u017ce rozwija\u0107 za pomoc\u0105 tej zabawki:Ruchy ca\u0142ego cia\u0142aDu\u017cy obszar do zabawy pozwala dziecku na rozci\u0105ganie swojego cia\u0142a, eksperymentowanie z ruchem oraz turlaniem si\u0119 podczas gdy aktywizuj\u0105ce zabawki takie jak lusterko oraz zabawka Ptaszek pozwalaj\u0105 wyd\u0142u\u017cy\u0107 czas sp\u0119dzany na brzuszku.Ruchy precyzyjnePodczas le\u017cenia zar\u00f3wno na pleckach jak i brzuszku dziecko \u0107wiczy ruchy precyzyjne i rozwija kontrol\u0119 nad ruchami swych d\u0142oni.KojarzenieGimnastyka dla bobasa z pa\u0142\u0105kmi ro\u015bnie razem z dzieckiem i wspiera rozw\u00f3j poznawczy dziecka. Pozwala zrozumie\u0107 ide\u0119 dzia\u0142ania zwi\u0105zku przyczynowo-skutkowego a wraz z rozwojem dziecka pomaga rozwija\u0107 si\u0119 i uczy\u0107 za pomoc\u0105 bardziej zaawansowanych funkcji maty.Gimnastyka dla bobasa wp\u0142ywa r\u00f3wnie\u017c na Rozw\u00f3j emocjonalny i spo\u0142eczny, pobudza Wyobra\u017ani\u0119 i Kreatywno\u015b\u0107 oraz stymuluje J\u0119zyk i komunikowanie si\u0119 i Zmys\u0142y.Tryby u\u017cytkowania:Le\u017ceniePodczas le\u017cenia na brzuszku dziecko b\u0119dzie cieszy\u0107 si\u0119 zwisaj\u0105cymi nad g\u0142ow\u0105 zawieszkami. Chc\u0105c je z\u0142apa\u0107 dziecko b\u0119dzie rozwija\u0107 umiej\u0119tno\u015bci motoryczne.Czas na brzuszkuAnga\u017cuj\u0105ce lusterko oraz inne funkcje maty pomog\u0105 dziecku wyd\u0142u\u017cy\u0107 czas sp\u0119dzony na brzuszku, kt\u00f3ry przyczyni si\u0119 do rozwoju ruch\u00f3w ca\u0142ego cia\u0142a.Siedzenie i zabawaW pozycji siedz\u0105cej dziecko mo\u017ce kontynuowa\u0107 odkrywanie zabawek maty i cieszy\u0107 si\u0119 ich bardziej zaawansowanycmi funkcjami.Zmiana Tryb\u00f3wWystarczy przesun\u0105\u0107 z\u0142\u0105cze, aby zmieni\u0107 pozycj\u0119 pa\u0142\u0105k\u00f3w i prze\u0142\u0105cza\u0107 si\u0119 mi\u0119dzy dwoma trybami zabawy.Gimnastyka dla bobasa z pa\u0142\u0105kami pozwala rodzicom na regulowanie poziomu stymulacji poprzez regulowanie pa\u0142\u0105k\u00f3w, przesuwanie zabawek i w\u0142\u0105czaniu \u015bwite\u0142 i muzyki.Czy wiesz, \u017ce?Kombinacja \u015bwiat\u0142a i muzyki przyci\u0105ga uwag\u0119 dziecka i zach\u0119ca je do d\u0142u\u017cszego le\u017cenia na brzuszku.<\/p>\n<h2>Tiny Love Gimnastyka dla bobasa S\u0142oneczny Dzie\u0144 (TL1206506830R) Tiny love<\/h2>\n<p>prosta zagadka, kolorowanka \u015bwinka peppa, imie kuba, zagadki dla dzieci 4-5 lat online, pisanie po \u015bladzie do druku pdf, quizy dla dzieci o zwierz\u0119tach, cytat o dziecku, zagadki logiczne, atrakcje wroc\u0142aw i okolice, miko\u0142ajki 2021 warszawa, quizy online, gaja imi\u0119, wierszyki na dobranoc dla dzieci, cytaty o dzieciach i rodzicach, zagadka logiczna dla dzieci, kr\u00f3tkie bajki na dobranoc do czytania, z\u0142ote my\u015bli pedagogiczne, labirynty dla dzieci, koty do druku, cytaty o wychowaniu i nauczaniu, dobranoc zimowo<\/p>\n<p>yyyyy<\/p>\n<p>&nbsp;<\/p>\n","protected":false},"excerpt":{"rendered":"<p>Gimnastyka dla bobasa z pa\u0142\u0105kami &#8211; S\u0142oneczny Dzie\u0144 to rewolucyjne i innowacyjne rozwi\u0105zanie w dziedzinie mat edukacyjnych dla dzieci.Edukacyjna mata Tiny Love zapewni aktywny rozw\u00f3j ruchowy, oraz rado\u015b\u0107 z odkrywania nowych bod\u017ac\u00f3w.Mata zach\u0119ca do unoszenia g\u0142owy, wspomaga kontrolowanie ruch\u00f3w r\u0119ki, koordynacj\u0119 wzrokowo-ruchow\u0105, doskonalenie sprawno\u015bci ruchowej i rozumienie zale\u017cno\u015bci przyczyna &#8211; skutek.Gimnastyka dla bobasa z pa\u0142\u0105kami [&hellip;]<\/p>\n","protected":false},"featured_media":8434,"comment_status":"closed","ping_status":"open","template":"","meta":[],"product_cat":[55,499],"product_tag":[789,730,814,835],"class_list":["post-8433","product","type-product","status-publish","has-post-thumbnail","hentry","product_cat-maty-edukacyjne","product_cat-tiny-love","product_tag-kaczuszka","product_tag-karyna","product_tag-prezenty-dla-nastolatek","product_tag-radosc-dziecka-cytaty"],"_links":{"self":[{"href":"http:\/\/klubmamgdynia.pl\/index.php\/wp-json\/wp\/v2\/product\/8433","targetHints":{"allow":["GET"]}}],"collection":[{"href":"http:\/\/klubmamgdynia.pl\/index.php\/wp-json\/wp\/v2\/product"}],"about":[{"href":"http:\/\/klubmamgdynia.pl\/index.php\/wp-json\/wp\/v2\/types\/product"}],"replies":[{"embeddable":true,"href":"http:\/\/klubmamgdynia.pl\/index.php\/wp-json\/wp\/v2\/comments?post=8433"}],"wp:featuredmedia":[{"embeddable":true,"href":"http:\/\/klubmamgdynia.pl\/index.php\/wp-json\/wp\/v2\/media\/8434"}],"wp:attachment":[{"href":"http:\/\/klubmamgdynia.pl\/index.php\/wp-json\/wp\/v2\/media?parent=8433"}],"wp:term":[{"taxonomy":"product_cat","embeddable":true,"href":"http:\/\/klubmamgdynia.pl\/index.php\/wp-json\/wp\/v2\/product_cat?post=8433"},{"taxonomy":"product_tag","embeddable":true,"href":"http:\/\/klubmamgdynia.pl\/index.php\/wp-json\/wp\/v2\/product_tag?post=8433"}],"curies":[{"name":"wp","href":"https:\/\/api.w.org\/{rel}","templated":true}]}}