{"id":8435,"date":"2012-04-26T17:22:07","date_gmt":"2012-04-26T15:22:07","guid":{"rendered":"http:\/\/klubmamgdynia.pl\/index.php\/produkt\/schleich-zestaw-farmer-z-tasmociagiem-na-siano-42377\/"},"modified":"2026-04-03T15:08:23","modified_gmt":"2026-04-03T13:08:23","slug":"schleich-zestaw-farmer-z-tasmociagiem-na-siano-42377","status":"publish","type":"product","link":"http:\/\/klubmamgdynia.pl\/index.php\/produkt\/schleich-zestaw-farmer-z-tasmociagiem-na-siano-42377\/","title":{"rendered":"Schleich Zestaw Farmer Z Ta\u015bmoci\u0105giem Na Siano (42377)"},"content":{"rendered":"<p>Seria Farm Life prezentuje okazy zwierzak\u00f3w hodowanych w gospodarstwach na ca\u0142ym \u015bwiecie. Figurki wykonane s\u0105 z najwy\u017csz\u0105 dba\u0142o\u015bci\u0105. Cechuj\u0105 si\u0119 bardzo realistycznym wygl\u0105dem i trwa\u0142o\u015bci\u0105. Produkty s\u0105 r\u0119cznie malowane dzi\u0119ki czemu prezentuj\u0105 si\u0119 naprawd\u0119 wyj\u0105tkowo. Dzi\u0119ki szerokiej r\u00f3\u017cnorodno\u015bci figurek Schleicha i licznym akcesoriom dodatkowym, jak: stajnie, zagrody, w\u00f3z z zaprz\u0119giem czy inne akcesoria mali mi\u0142o\u015bnicy przyrody mog\u0105 stworzy\u0107 swoj\u0105 w\u0142asn\u0105 FARM\u0118. Figurki idealnie nadaj\u0105 si\u0119 do kolekcjonowania lub zabawy.Zawarto\u015b\u0107 zestawu:Zestaw Farmer z ta\u015bmoci\u0105giem na sianoSchleich to niemiecka firma specjalizuj\u0105ca si\u0119 w produkcji zabawek. Od lat 80-dziesi\u0105tych zacz\u0119to produkowa\u0107 figurki zwierz\u0105t. Wykonane z bardzo du\u017c\u0105 dok\u0142adno\u015bci\u0105 wyr\u00f3\u017cniaj\u0105 si\u0119 naprawd\u0119 realistycznym wygl\u0105dem. Ka\u017cdy mo\u017ce znale\u017a\u0107 co\u015b dla siebie dzi\u0119ki r\u00f3\u017cnorodnym seriom. Schleich Farm Life, Dinosaurus, Schleich Elfy czy Schleich Wild Life to figurki elf\u00f3w, dinozaur\u00f3w czy dzikich zwierz\u0105t pozwalaj\u0105ce stworzy\u0107 kolekcje r\u00f3\u017cnych gatunk\u00f3w i dziedzin otaczaj\u0105cego nas \u015bwiata.<\/p>\n<h2>Schleich Zestaw Farmer Z Ta\u015bmoci\u0105giem Na Siano (42377) Schleich<\/h2>\n<p>lodowiska w warszawie, oskar imi\u0119, mateusz imi\u0119, imi\u0119 marcel, kolorowanka harry potter, test miko\u0142ajek, darmowe quizy, cytaty o wychowaniu dzieci, tekst kolysanek, ja\u015bmina imie, julian<\/p>\n<p>yyyyy<\/p>\n<p>&nbsp;<\/p>\n","protected":false},"excerpt":{"rendered":"<p>Seria Farm Life prezentuje okazy zwierzak\u00f3w hodowanych w gospodarstwach na ca\u0142ym \u015bwiecie. Figurki wykonane s\u0105 z najwy\u017csz\u0105 dba\u0142o\u015bci\u0105. Cechuj\u0105 si\u0119 bardzo realistycznym wygl\u0105dem i trwa\u0142o\u015bci\u0105. Produkty s\u0105 r\u0119cznie malowane dzi\u0119ki czemu prezentuj\u0105 si\u0119 naprawd\u0119 wyj\u0105tkowo. Dzi\u0119ki szerokiej r\u00f3\u017cnorodno\u015bci figurek Schleicha i licznym akcesoriom dodatkowym, jak: stajnie, zagrody, w\u00f3z z zaprz\u0119giem czy inne akcesoria mali mi\u0142o\u015bnicy [&hellip;]<\/p>\n","protected":false},"featured_media":8436,"comment_status":"closed","ping_status":"open","template":"","meta":[],"product_cat":[95,952],"product_tag":[722,808,646,627,757,577],"class_list":["post-8435","product","type-product","status-publish","has-post-thumbnail","hentry","product_cat-figurki-makiety-i-zestawy","product_cat-schleich","product_tag-cytaty-o-przyjazni","product_tag-imie-mia","product_tag-prezent-na-pierwsze-urodziny","product_tag-quiz-dzieci-z-bullerbyn","product_tag-test-z-lektury-ania-z-zielonego-wzgorza-klasa-6-z-odpowiedziami","product_tag-znaki-drogowe-test"],"_links":{"self":[{"href":"http:\/\/klubmamgdynia.pl\/index.php\/wp-json\/wp\/v2\/product\/8435","targetHints":{"allow":["GET"]}}],"collection":[{"href":"http:\/\/klubmamgdynia.pl\/index.php\/wp-json\/wp\/v2\/product"}],"about":[{"href":"http:\/\/klubmamgdynia.pl\/index.php\/wp-json\/wp\/v2\/types\/product"}],"replies":[{"embeddable":true,"href":"http:\/\/klubmamgdynia.pl\/index.php\/wp-json\/wp\/v2\/comments?post=8435"}],"wp:featuredmedia":[{"embeddable":true,"href":"http:\/\/klubmamgdynia.pl\/index.php\/wp-json\/wp\/v2\/media\/8436"}],"wp:attachment":[{"href":"http:\/\/klubmamgdynia.pl\/index.php\/wp-json\/wp\/v2\/media?parent=8435"}],"wp:term":[{"taxonomy":"product_cat","embeddable":true,"href":"http:\/\/klubmamgdynia.pl\/index.php\/wp-json\/wp\/v2\/product_cat?post=8435"},{"taxonomy":"product_tag","embeddable":true,"href":"http:\/\/klubmamgdynia.pl\/index.php\/wp-json\/wp\/v2\/product_tag?post=8435"}],"curies":[{"name":"wp","href":"https:\/\/api.w.org\/{rel}","templated":true}]}}