{"id":8437,"date":"2013-06-28T04:57:34","date_gmt":"2013-06-28T02:57:34","guid":{"rendered":"http:\/\/klubmamgdynia.pl\/index.php\/produkt\/siku-vw-golf-6-b-c-s1437\/"},"modified":"2026-04-05T20:24:37","modified_gmt":"2026-04-05T18:24:37","slug":"siku-vw-golf-6-b-c-s1437","status":"publish","type":"product","link":"http:\/\/klubmamgdynia.pl\/index.php\/produkt\/siku-vw-golf-6-b-c-s1437\/","title":{"rendered":"Siku VW Golf 6 B\/C S1437"},"content":{"rendered":"<p>Siku 14 &#8211; Stra\u017c po\u017carna wer. polska S1437EAN:  4006874914371<\/p>\n<h2>Siku VW Golf 6 B\/C S1437 Siku<\/h2>\n<p>prezent dla dziecka na roczek, upominek dla nastolatk\u00f3w, miastodzieci, zagadki wielkanocne dla doros\u0142ych, malowanki do druku, jak rozmawia\u0107 z dzie\u0107mi o wojnie, origami dla dzieci, zagadki dla dzieci 4-5 lat, co na roczek, kajko i kokosz szko\u0142a latania test z odpowiedziami, kolorowanki miasto, medrcy swiata, zagadki wielkanocne do druku, jad\u0105 jad\u0105 misie tekst, wierszyki na \u015bmigus dyngus, zagadki z odpowiedziami, literki do druku, lamiglowki slowne, rebusy i krzy\u017c\u00f3wki dla dzieci do druku, atrakcje dla dzieci warszawa i okolice<\/p>\n<p>yyyyy<\/p>\n<p>&nbsp;<\/p>\n","protected":false},"excerpt":{"rendered":"<p>Siku 14 &#8211; Stra\u017c po\u017carna wer. polska S1437EAN: 4006874914371 Siku VW Golf 6 B\/C S1437 Siku prezent dla dziecka na roczek, upominek dla nastolatk\u00f3w, miastodzieci, zagadki wielkanocne dla doros\u0142ych, malowanki do druku, jak rozmawia\u0107 z dzie\u0107mi o wojnie, origami dla dzieci, zagadki dla dzieci 4-5 lat, co na roczek, kajko i kokosz szko\u0142a latania test [&hellip;]<\/p>\n","protected":false},"featured_media":8438,"comment_status":"closed","ping_status":"open","template":"","meta":[],"product_cat":[83,300],"product_tag":[719,665,606],"class_list":["post-8437","product","type-product","status-publish","has-post-thumbnail","hentry","product_cat-auta-i-inne-pojazdy-do-zabawy","product_cat-siku","product_tag-dziecko-cytaty-zlote-mysli","product_tag-proste-zagadki","product_tag-stala-pod-sniegiem"],"_links":{"self":[{"href":"http:\/\/klubmamgdynia.pl\/index.php\/wp-json\/wp\/v2\/product\/8437","targetHints":{"allow":["GET"]}}],"collection":[{"href":"http:\/\/klubmamgdynia.pl\/index.php\/wp-json\/wp\/v2\/product"}],"about":[{"href":"http:\/\/klubmamgdynia.pl\/index.php\/wp-json\/wp\/v2\/types\/product"}],"replies":[{"embeddable":true,"href":"http:\/\/klubmamgdynia.pl\/index.php\/wp-json\/wp\/v2\/comments?post=8437"}],"wp:featuredmedia":[{"embeddable":true,"href":"http:\/\/klubmamgdynia.pl\/index.php\/wp-json\/wp\/v2\/media\/8438"}],"wp:attachment":[{"href":"http:\/\/klubmamgdynia.pl\/index.php\/wp-json\/wp\/v2\/media?parent=8437"}],"wp:term":[{"taxonomy":"product_cat","embeddable":true,"href":"http:\/\/klubmamgdynia.pl\/index.php\/wp-json\/wp\/v2\/product_cat?post=8437"},{"taxonomy":"product_tag","embeddable":true,"href":"http:\/\/klubmamgdynia.pl\/index.php\/wp-json\/wp\/v2\/product_tag?post=8437"}],"curies":[{"name":"wp","href":"https:\/\/api.w.org\/{rel}","templated":true}]}}