{"id":8439,"date":"2021-11-29T02:58:21","date_gmt":"2021-11-29T01:58:21","guid":{"rendered":"http:\/\/klubmamgdynia.pl\/index.php\/produkt\/balsam-do-twarzy-maslo-shea-i-kakao-dla-dzieci-od-3-lat-pototam\/"},"modified":"2026-04-06T08:39:56","modified_gmt":"2026-04-06T06:39:56","slug":"balsam-do-twarzy-maslo-shea-i-kakao-dla-dzieci-od-3-lat-pototam","status":"publish","type":"product","link":"http:\/\/klubmamgdynia.pl\/index.php\/produkt\/balsam-do-twarzy-maslo-shea-i-kakao-dla-dzieci-od-3-lat-pototam\/","title":{"rendered":"Balsam do twarzy mas\u0142o Shea i Kakao dla dzieci od 3 lat Pototam"},"content":{"rendered":"<p>Balsam Mas\u0142o Shea i Kakao przynosi ulg\u0119 i nawil\u017cenie suchej sk\u00f3rze dziecka. Mas\u0142o Shea od\u017cywia g\u0142\u0119boko sk\u00f3r\u0119, \u0142agodzi j\u0105, a tak\u017ce nadaje elastyczno\u015bci. Balsam mas\u0142o Shea i Kakao zosta\u0142 specjalnie stworzony, aby ukoi\u0107 i chroni\u0107 sk\u00f3r\u0119 dziecka. Sk\u0142adniki ochronne 100% naturalne i 100% organiczne chroni\u0105 sk\u00f3r\u0119 przed wiatrem, zimnem i s\u0142o\u0144cem. Mas\u0142o Shea: Bogate w witaminy A, D, E i F, naturalne mas\u0142o ro\u015blinne delikatnie nawil\u017ca i nie zostawia na sk\u00f3rze t\u0142ustego filmu. Jego w\u0142a\u015bciwo\u015bci ochronne chroni\u0105 twarz przed podra\u017cnieniami niezale\u017cnie od pory roku. Latem chroni przed promieniami UV i wysuszeniem. Zim\u0105 regeneruje i od\u017cywia. Mas\u0142o kakaowe: Bogate w kwasy t\u0142uszczowe, a dzi\u0119ki naturalnej zawarto\u015bci minera\u0142\u00f3w i witamin A, B, C i E nawil\u017ca i od\u017cywia intensywnie sk\u00f3r\u0119. Jego w\u0142a\u015bciwo\u015bci koj\u0105ce przynosz\u0105 ulg\u0119 podra\u017cnionej sk\u00f3rze. Dodatkowo ma s\u0142odki zapach i p\u0142ynn\u0105 konsystencj\u0119 Olej z avokado: Wzmacnia i od\u017cywia nask\u00f3rek. Jest znany ze swoich w\u0142a\u015bciwo\u015bci naprawczych, ochronnych i zmi\u0119kczaj\u0105cych. Jest bardzo delikatny i jest idealny dla sk\u00f3ry dzieci. Olej rydzowy (kamelinowy) : Bogaty w Omega -3 i Omega-6 jak r\u00f3wnie\u017c w witaminy A i E ma wyj\u0105tkowe w\u0142a\u015bciwo\u015bci koj\u0105ce i regeneruj\u0105ce. Dzi\u0119ki p\u0142ynnej konsystencji od\u017cywia sk\u00f3r\u0119 dog\u0142\u0119bnie i nie pozostawia t\u0142ustego filmu. Jest doskonale dostosowany do sk\u00f3ry wra\u017cliwej. Balsam mas\u0142o Shea i Kakao mo\u017ce by\u0107 u\u017cywany jako balsam do ust. Ma charakterystyczny zapach kakao, ale r\u00f3wnie\u017c oleju z avokado oraz wosku Carnauba Balsam ten sk\u0142ada si\u0119 z 7 sk\u0142adnik\u00f3w : Organicznego mas\u0142a Shea Organicznych macerat\u00f3w z wanili Organicznego oleju rydzowego Organicznego mas\u0142a kakaowego Organicznego oleju z orzecha Macadamia Organicznego olejku z awokado Organicznego wosku Carnauba 100% sk\u0142adnik\u00f3w pochodzi z upraw ekologicznych . INCI : BUTYROSPERMUM PARKII BUTTER, SESAMUM INDICUM SEED OIL \/ VANILLA PLANIFOLIA FRUIT EXTRACT, CAMELINA SATIVA SEED OIL, THEOBROMA CACAO SEED BUTTER, MACADAMIA TERNIFOLIA SEED OIL, PERSEA GRATISSIMA OIL, COPERNICIA CERIFERA WAX. Spos\u00f3b u\u017cycia: 24 godziny przed pierwszym u\u017cyciem sprawdzi\u0107 czy Wasze dziecko dobrze toleruje Balsam do twarzy Pototam aplikuj\u0105c niewielka jego ilo\u015b\u0107 na nadgarstku. Po k\u0105pieli lub po porannej toalecie nale\u017cy nanie\u015b\u0107 niewielk\u0105 ilo\u015b\u0107 balsamu na palce, a nast\u0119pnie nanie\u015b\u0107 na policzki dziecka, omijaj\u0105c okolice oczku, a\u017c do ca\u0142kowitego wch\u0142oni\u0119cia. Od 3 roku \u017cycia<\/p>\n<h2>Balsam do twarzy mas\u0142o Shea i Kakao dla dzieci od 3 lat Pototam Pototam<\/h2>\n<p>kolorowanka peppa, quiz o akademii pana kleksa, najtrudniejsze zagadki, z\u0142ote my\u015bli kubu\u015b puchatek cytaty, gaja imi\u0119, felix net i nika oraz gang niewidzialnych ludzi test z odpowiedziami, kr\u00f3tkie bajki do czytania na dobranoc, praktyczny prezent dla rocznego dziecka, kolorowanki do druku dla dziewczynek, kartka walentynkowa zrobiona przez dzieci, kolorowanki na andrzejki do wydruku, jak narysowa\u0107 psa krok po kroku, zabawy z pi\u0142k\u0105, laurka dla babci, kolorowanka smok wawelski, kolorowanka lego, zagadki dla przedszkolak\u00f3w, dyplomy szablony pdf, szczotka pasta kubek ciep\u0142a woda tekst, kolorowanki \u015bwi\u0105teczne do wydruku, bajki dla dzieci online<\/p>\n<p>yyyyy<\/p>\n<p>&nbsp;<\/p>\n","protected":false},"excerpt":{"rendered":"<p>Balsam Mas\u0142o Shea i Kakao przynosi ulg\u0119 i nawil\u017cenie suchej sk\u00f3rze dziecka. Mas\u0142o Shea od\u017cywia g\u0142\u0119boko sk\u00f3r\u0119, \u0142agodzi j\u0105, a tak\u017ce nadaje elastyczno\u015bci. Balsam mas\u0142o Shea i Kakao zosta\u0142 specjalnie stworzony, aby ukoi\u0107 i chroni\u0107 sk\u00f3r\u0119 dziecka. Sk\u0142adniki ochronne 100% naturalne i 100% organiczne chroni\u0105 sk\u00f3r\u0119 przed wiatrem, zimnem i s\u0142o\u0144cem. Mas\u0142o Shea: Bogate w [&hellip;]<\/p>\n","protected":false},"featured_media":8440,"comment_status":"closed","ping_status":"open","template":"","meta":[],"product_cat":[474,1717],"product_tag":[859,646,840],"class_list":["post-8439","product","type-product","status-publish","has-post-thumbnail","hentry","product_cat-kosmetyki-dla-dzieci-i-niemowlat","product_cat-pototam","product_tag-dobranoc-pchly-na-noc","product_tag-prezent-na-pierwsze-urodziny","product_tag-stare-bajki"],"_links":{"self":[{"href":"http:\/\/klubmamgdynia.pl\/index.php\/wp-json\/wp\/v2\/product\/8439","targetHints":{"allow":["GET"]}}],"collection":[{"href":"http:\/\/klubmamgdynia.pl\/index.php\/wp-json\/wp\/v2\/product"}],"about":[{"href":"http:\/\/klubmamgdynia.pl\/index.php\/wp-json\/wp\/v2\/types\/product"}],"replies":[{"embeddable":true,"href":"http:\/\/klubmamgdynia.pl\/index.php\/wp-json\/wp\/v2\/comments?post=8439"}],"wp:featuredmedia":[{"embeddable":true,"href":"http:\/\/klubmamgdynia.pl\/index.php\/wp-json\/wp\/v2\/media\/8440"}],"wp:attachment":[{"href":"http:\/\/klubmamgdynia.pl\/index.php\/wp-json\/wp\/v2\/media?parent=8439"}],"wp:term":[{"taxonomy":"product_cat","embeddable":true,"href":"http:\/\/klubmamgdynia.pl\/index.php\/wp-json\/wp\/v2\/product_cat?post=8439"},{"taxonomy":"product_tag","embeddable":true,"href":"http:\/\/klubmamgdynia.pl\/index.php\/wp-json\/wp\/v2\/product_tag?post=8439"}],"curies":[{"name":"wp","href":"https:\/\/api.w.org\/{rel}","templated":true}]}}