{"id":844,"date":"2024-09-12T16:23:36","date_gmt":"2024-09-12T14:23:36","guid":{"rendered":"http:\/\/klubmamgdynia.pl\/?post_type=product&#038;p=844"},"modified":"2026-05-17T22:46:23","modified_gmt":"2026-05-17T20:46:23","slug":"iso-trade-duzy-zestaw-do-malowania-rysowania-walizka","status":"publish","type":"product","link":"http:\/\/klubmamgdynia.pl\/index.php\/produkt\/iso-trade-duzy-zestaw-do-malowania-rysowania-walizka\/","title":{"rendered":"Iso Trade Du\u017cy Zestaw Do Malowania Rysowania Walizka"},"content":{"rendered":"<p>Du\u017cy Zestaw Do Malowania Rysowania Walizka +gratis<\/p>\n<h2>Iso Trade Du\u017cy Zestaw Do Malowania Rysowania Walizka Iso Trade<\/h2>\n<p>m\u0105dre prezenty dla 7 latki, prezent na 1 urodziny dla dziewczynki, zagadki logiczne trudne, daniel imie, kamila, r\u00f3\u017ca imie, zagadki o bo\u017cym narodzeniu, andrzejki dekoracje do druku, wiosenne zagadki, natan imi\u0119, ciekawe zagadki, kornelia, zawiedziona przyja\u017a\u0144 cytaty, imi\u0119 nela, prezent dla 7 letniej dziewczynki, bajka krecik, babcia z dziadkiem to jest to tekst, cytaty dla mamy od c\u00f3rki<\/p>\n<p>yyyyy<\/p>\n<p>&nbsp;<\/p>\n","protected":false},"excerpt":{"rendered":"<p>Du\u017cy Zestaw Do Malowania Rysowania Walizka +gratis Iso Trade Du\u017cy Zestaw Do Malowania Rysowania Walizka Iso Trade m\u0105dre prezenty dla 7 latki, prezent na 1 urodziny dla dziewczynki, zagadki logiczne trudne, daniel imie, kamila, r\u00f3\u017ca imie, zagadki o bo\u017cym narodzeniu, andrzejki dekoracje do druku, wiosenne zagadki, natan imi\u0119, ciekawe zagadki, kornelia, zawiedziona przyja\u017a\u0144 cytaty, imi\u0119 [&hellip;]<\/p>\n","protected":false},"featured_media":845,"comment_status":"closed","ping_status":"open","template":"","meta":[],"product_cat":[296,297],"product_tag":[792,613,718,601],"class_list":["post-844","product","type-product","status-publish","has-post-thumbnail","hentry","product_cat-iso-trade","product_cat-szkolne-artykuly-plastyczne","product_tag-cytaty-o-mamie","product_tag-na-wyspach-bergamutach","product_tag-prezent-na-roczek-dla-chrzesniaka","product_tag-zagadki-co-to-jest"],"_links":{"self":[{"href":"http:\/\/klubmamgdynia.pl\/index.php\/wp-json\/wp\/v2\/product\/844","targetHints":{"allow":["GET"]}}],"collection":[{"href":"http:\/\/klubmamgdynia.pl\/index.php\/wp-json\/wp\/v2\/product"}],"about":[{"href":"http:\/\/klubmamgdynia.pl\/index.php\/wp-json\/wp\/v2\/types\/product"}],"replies":[{"embeddable":true,"href":"http:\/\/klubmamgdynia.pl\/index.php\/wp-json\/wp\/v2\/comments?post=844"}],"wp:featuredmedia":[{"embeddable":true,"href":"http:\/\/klubmamgdynia.pl\/index.php\/wp-json\/wp\/v2\/media\/845"}],"wp:attachment":[{"href":"http:\/\/klubmamgdynia.pl\/index.php\/wp-json\/wp\/v2\/media?parent=844"}],"wp:term":[{"taxonomy":"product_cat","embeddable":true,"href":"http:\/\/klubmamgdynia.pl\/index.php\/wp-json\/wp\/v2\/product_cat?post=844"},{"taxonomy":"product_tag","embeddable":true,"href":"http:\/\/klubmamgdynia.pl\/index.php\/wp-json\/wp\/v2\/product_tag?post=844"}],"curies":[{"name":"wp","href":"https:\/\/api.w.org\/{rel}","templated":true}]}}