{"id":8443,"date":"2011-05-15T16:28:17","date_gmt":"2011-05-15T14:28:17","guid":{"rendered":"http:\/\/klubmamgdynia.pl\/index.php\/produkt\/kik-tablica-magnetyczna-mata-motywacyjna-dla-dzieci-football\/"},"modified":"2026-04-04T14:16:35","modified_gmt":"2026-04-04T12:16:35","slug":"kik-tablica-magnetyczna-mata-motywacyjna-dla-dzieci-football","status":"publish","type":"product","link":"http:\/\/klubmamgdynia.pl\/index.php\/produkt\/kik-tablica-magnetyczna-mata-motywacyjna-dla-dzieci-football\/","title":{"rendered":"Kik Tablica Magnetyczna Mata Motywacyjna Dla Dzieci Football"},"content":{"rendered":"<p>Tablica Magnetyczna, Mata Motywacyjna Dla Dzieci FMagnetyczna tablica motywacyjna dla dzieciJeden z najnowszych, najpopularniejszych oraz najefektywniejszych sposob\u00f3w zach\u0119cania dzieci do domowych obowi\u0105zk\u00f3w. Dzi\u0119ki tej tablicy twoje dziecko nie tylko pokocha swoje obowi\u0105zki, ale r\u00f3wnie\u017c nauczy si\u0119 w szybki i prosty spos\u00f3b dyscypliny oraz odpowiedzialno\u015bci.Tablice motywuj\u0105 dzieci by dobrze si\u0119 zachowywa\u0142y i mog\u0142y przyklei\u0107 zielony kciuk w g\u00f3r\u0119 zamiast czerwonego kciuka w d\u00f3\u0142 lub oboj\u0119tnego znaku zapytania. Tablice zawieraj\u0105 imiona dzieci, dzi\u0119ki czemu mog\u0105 si\u0119 z nimi uto\u017csamia\u0107 &#8211; co wp\u0142ywa mobilizuj\u0105co.Charakterystyka:s\u0142u\u017cy nauce obowi\u0105zk\u00f3w przez dzieckopozwala weryfikowa\u0107 wykonane zadania i zachowanieumo\u017cliwia stosowanie systemu nagr\u00f3d za wykonane obowi\u0105zki (np. za okreslon\u0105 ilo\u015b\u0107 zielonych kciuk\u00f3w w tygodniu)tygodniowy podzia\u0142 obowi\u0105zk\u00f3wpola z gotowymi obowi\u0105zkami, m.in.: myj\u0119 z\u0119by, sprz\u0105tam zabawkimiejsce na wpisanie w\u0142asnych obowi\u0105zk\u00f3wZabawa i rozw\u00f3jTablica magnetyczna to swego rodzaju zabawka og\u00f3lnorozwojowa, kt\u00f3ra zach\u0119ca do wsp\u00f3lnej nauki codziennych czynno\u015bci oraz przestrzegania zasad dobrych manier. Dzi\u0119ki niej dziecko uczy si\u0119 systematyczno\u015bci wykonywanych dzia\u0142a\u0144 oraz kszta\u0142tuje dobre nawyki.Docenianie wysi\u0142ku dziecka w nabywaniu nowych umiej\u0119tno\u015bci jest bardzo wa\u017cne i z pewno\u015bci\u0105 b\u0119dzie motywowa\u0107 do dalszego dzia\u0142ania.W zestawie:Tablica magnetyczna49 kciuk\u00f3w zielonych w g\u00f3r\u011921 oboj\u0119tnych znak\u00f3w zapytania21 czerwonych kciuk\u00f3w w d\u00f3\u014221 magnes\u00f3w z gotowymi zadaniami10 magnes\u00f3w do wpisania zada\u0144Naklejka z imieniem dziecka &#8211; aby otrzyma\u0107 naklejk\u0119 z imieniem dziecka, prosz\u0119 wpisz je w uwagach do zam\u00f3wienia. Brak podania imienia oznacza wys\u0142anie tablicy z pustym bia\u0142ym miejscem, w kt\u00f3re dziecko b\u0119dzie mog\u0142o wpisa\u0107 swoje imi\u0119 markerem.Specyfikacja:Wymiary tablicy magnetycznej: 40 x 30 cmWymiary pola z kciukiem b\u0105d\u017a znakiem: 2,5 x 2,5 cmWymiary magnes\u00f3w z zadaniami: 6 x 3 cmWymiary magnes\u00f3w czystych &#8211; do wpisania zada\u0144: 6 x 3 cm<\/p>\n<h2>Kik Tablica Magnetyczna Mata Motywacyjna Dla Dzieci Football Kik<\/h2>\n<p>kartki na dobranoc dla przyjaci\u00f3\u0142, zagadki o przyborach szkolnych, quizy o flagach, quiz o samochodach, nowe quizy do rozwi\u0105zania<\/p>\n<p>yyyyy<\/p>\n<p>&nbsp;<\/p>\n","protected":false},"excerpt":{"rendered":"<p>Tablica Magnetyczna, Mata Motywacyjna Dla Dzieci FMagnetyczna tablica motywacyjna dla dzieciJeden z najnowszych, najpopularniejszych oraz najefektywniejszych sposob\u00f3w zach\u0119cania dzieci do domowych obowi\u0105zk\u00f3w. Dzi\u0119ki tej tablicy twoje dziecko nie tylko pokocha swoje obowi\u0105zki, ale r\u00f3wnie\u017c nauczy si\u0119 w szybki i prosty spos\u00f3b dyscypliny oraz odpowiedzialno\u015bci.Tablice motywuj\u0105 dzieci by dobrze si\u0119 zachowywa\u0142y i mog\u0142y przyklei\u0107 zielony kciuk [&hellip;]<\/p>\n","protected":false},"featured_media":8444,"comment_status":"closed","ping_status":"open","template":"","meta":[],"product_cat":[165,325],"product_tag":[644,637,665,823],"class_list":["post-8443","product","type-product","status-publish","has-post-thumbnail","hentry","product_cat-kik","product_cat-szkolne-artykuly-papiernicze","product_tag-mia","product_tag-niech-zyja-wakacje-tekst","product_tag-proste-zagadki","product_tag-zagadki-dla-dzieci-7-lat"],"_links":{"self":[{"href":"http:\/\/klubmamgdynia.pl\/index.php\/wp-json\/wp\/v2\/product\/8443","targetHints":{"allow":["GET"]}}],"collection":[{"href":"http:\/\/klubmamgdynia.pl\/index.php\/wp-json\/wp\/v2\/product"}],"about":[{"href":"http:\/\/klubmamgdynia.pl\/index.php\/wp-json\/wp\/v2\/types\/product"}],"replies":[{"embeddable":true,"href":"http:\/\/klubmamgdynia.pl\/index.php\/wp-json\/wp\/v2\/comments?post=8443"}],"wp:featuredmedia":[{"embeddable":true,"href":"http:\/\/klubmamgdynia.pl\/index.php\/wp-json\/wp\/v2\/media\/8444"}],"wp:attachment":[{"href":"http:\/\/klubmamgdynia.pl\/index.php\/wp-json\/wp\/v2\/media?parent=8443"}],"wp:term":[{"taxonomy":"product_cat","embeddable":true,"href":"http:\/\/klubmamgdynia.pl\/index.php\/wp-json\/wp\/v2\/product_cat?post=8443"},{"taxonomy":"product_tag","embeddable":true,"href":"http:\/\/klubmamgdynia.pl\/index.php\/wp-json\/wp\/v2\/product_tag?post=8443"}],"curies":[{"name":"wp","href":"https:\/\/api.w.org\/{rel}","templated":true}]}}