{"id":8445,"date":"2020-02-26T16:28:26","date_gmt":"2020-02-26T15:28:26","guid":{"rendered":"http:\/\/klubmamgdynia.pl\/index.php\/produkt\/gem-smashers-gra-ns\/"},"modified":"2026-04-21T00:44:01","modified_gmt":"2026-04-20T22:44:01","slug":"gem-smashers-gra-ns","status":"publish","type":"product","link":"http:\/\/klubmamgdynia.pl\/index.php\/produkt\/gem-smashers-gra-ns\/","title":{"rendered":"Gem Smashers (GRA NS)"},"content":{"rendered":"<p>W Gem Smashers kontrolujemy jednego z trzech postaci, staraj\u0105c si\u0119 sterowa\u0107 nim w taki spos\u00f3b, by odbijaj\u0105c si\u0119 od element\u00f3w otoczenia, niszczyli kolorowe kryszta\u0142y.<\/p>\n<h2>Gem Smashers (GRA NS) Frame Interactive<\/h2>\n<p>zabawy ruchowe dla dzieci, cytat z ma\u0142ego ksi\u0119cia o przyja\u017ani, co na prezent dla nastolatk\u00f3w, nadia imi\u0119, miko\u0142ajek sprawdzian z lektury z odpowiedziami, prezent pod choink\u0119 dla 7 letniej dziewczynki, kucyki pony kolorowanka, zagadki dla dzieci 10-12 lat, test detektyw pozytywka, dziwne zagadki, kr\u00f3tkie cytaty o mamie, atrakcje dla dzieci we wroc\u0142awiu, ka\u0142u\u017cy\u015bci, swinka peppa obrazek, m\u0105dre bajki dla dzieci do czytania, miasto dzieci pl, zabawka dla rocznej dziewczynki, cyferki do druku, m\u0105dre cytaty dla dzieci, kolorowanka lato<\/p>\n<p>yyyyy<\/p>\n<p>&nbsp;<\/p>\n","protected":false},"excerpt":{"rendered":"<p>W Gem Smashers kontrolujemy jednego z trzech postaci, staraj\u0105c si\u0119 sterowa\u0107 nim w taki spos\u00f3b, by odbijaj\u0105c si\u0119 od element\u00f3w otoczenia, niszczyli kolorowe kryszta\u0142y. Gem Smashers (GRA NS) Frame Interactive zabawy ruchowe dla dzieci, cytat z ma\u0142ego ksi\u0119cia o przyja\u017ani, co na prezent dla nastolatk\u00f3w, nadia imi\u0119, miko\u0142ajek sprawdzian z lektury z odpowiedziami, prezent pod [&hellip;]<\/p>\n","protected":false},"featured_media":8446,"comment_status":"closed","ping_status":"open","template":"","meta":[],"product_cat":[1718,348],"product_tag":[831,676,580],"class_list":["post-8445","product","type-product","status-publish","has-post-thumbnail","hentry","product_cat-frame-interactive","product_cat-gry-nintendo-switch","product_tag-bruno","product_tag-bursztynek","product_tag-janusz"],"_links":{"self":[{"href":"http:\/\/klubmamgdynia.pl\/index.php\/wp-json\/wp\/v2\/product\/8445","targetHints":{"allow":["GET"]}}],"collection":[{"href":"http:\/\/klubmamgdynia.pl\/index.php\/wp-json\/wp\/v2\/product"}],"about":[{"href":"http:\/\/klubmamgdynia.pl\/index.php\/wp-json\/wp\/v2\/types\/product"}],"replies":[{"embeddable":true,"href":"http:\/\/klubmamgdynia.pl\/index.php\/wp-json\/wp\/v2\/comments?post=8445"}],"wp:featuredmedia":[{"embeddable":true,"href":"http:\/\/klubmamgdynia.pl\/index.php\/wp-json\/wp\/v2\/media\/8446"}],"wp:attachment":[{"href":"http:\/\/klubmamgdynia.pl\/index.php\/wp-json\/wp\/v2\/media?parent=8445"}],"wp:term":[{"taxonomy":"product_cat","embeddable":true,"href":"http:\/\/klubmamgdynia.pl\/index.php\/wp-json\/wp\/v2\/product_cat?post=8445"},{"taxonomy":"product_tag","embeddable":true,"href":"http:\/\/klubmamgdynia.pl\/index.php\/wp-json\/wp\/v2\/product_tag?post=8445"}],"curies":[{"name":"wp","href":"https:\/\/api.w.org\/{rel}","templated":true}]}}