{"id":8447,"date":"2017-09-02T19:34:10","date_gmt":"2017-09-02T17:34:10","guid":{"rendered":"http:\/\/klubmamgdynia.pl\/index.php\/produkt\/daffi-yoohoo-roodee\/"},"modified":"2026-04-23T07:44:01","modified_gmt":"2026-04-23T05:44:01","slug":"daffi-yoohoo-roodee","status":"publish","type":"product","link":"http:\/\/klubmamgdynia.pl\/index.php\/produkt\/daffi-yoohoo-roodee\/","title":{"rendered":"Daffi Yoohoo Roodee"},"content":{"rendered":"<p>YooHoo to seria kolorowych maskotek przedstawiaj\u0105cych zagro\u017cone gatunki zwierz\u0105t z ca\u0142ego \u015bwiata. Ka\u017cda z maskotek posiada polskie etykiety z nazw\u0105 gatunku, rejonem wyst\u0119powania, cechami charakterystycznymi oraz zdj\u0119ciem jak dane zwierz\u0105tko wygl\u0105da w rzeczywisto\u015bci. Od wrze\u015bnia 2019 na kanale TVP ABC codziennie emitowana jest bajka ?YooHoo na ratunek?. W bajce bohaterowie serii YooHoo przylatuj\u0105 ze swojej magicznej krainy YooToopia na Ziemi\u0119 i pomagaj\u0105 zwierz\u0119tom w ich problemach. Ogromne wsparcie reklamowe produktu w postaci bajki na kanale TVP ABC wp\u0142ywa pozytywnie na odbi\u00f3r maskotek przez najm\u0142odszych. Dzi\u0119ki du\u017cemu wyborowi wzor\u00f3w, dzieci mog\u0105 kolekcjonowa\u0107 swoich ulubie\u0144c\u00f3w. NAZWA YOOHOO MASKOTKA PODSTAWOWA ROODEE PRODUCENT DAFFI WIEK 3+ EAN 5905422258143 Znajd\u017a podobne wed\u0142ug klucza: DAFFI MASKOTKA (349364)<\/p>\n<h2>Daffi Yoohoo Roodee DAFFI<\/h2>\n<p>zagadki \u015bwi\u0105teczne dla dzieci, \u0142amig\u0142\u00f3wki logiczne, kolorowanki kotki, rzadkie imiona japo\u0144skie, pomys\u0142y na prezent dla nastolatk\u00f3w, listy do \u015bwi\u0119tego miko\u0142aja, miasto dzieci.pl, quiz o hejka tu lenka, labirynty dla dzieci, prezent dla dziewczynki na roczek, rainbow dash kolorowanka, dawne ko\u0142ysanki teksty, karty pracy dla dzieci z ukrainy do druku, zgadywanki dla dzieci, kr\u00f3tkie zagadki dla dzieci, cytaty rodzina<\/p>\n<p>yyyyy<\/p>\n<p>&nbsp;<\/p>\n","protected":false},"excerpt":{"rendered":"<p>YooHoo to seria kolorowych maskotek przedstawiaj\u0105cych zagro\u017cone gatunki zwierz\u0105t z ca\u0142ego \u015bwiata. Ka\u017cda z maskotek posiada polskie etykiety z nazw\u0105 gatunku, rejonem wyst\u0119powania, cechami charakterystycznymi oraz zdj\u0119ciem jak dane zwierz\u0105tko wygl\u0105da w rzeczywisto\u015bci. Od wrze\u015bnia 2019 na kanale TVP ABC codziennie emitowana jest bajka ?YooHoo na ratunek?. W bajce bohaterowie serii YooHoo przylatuj\u0105 ze swojej [&hellip;]<\/p>\n","protected":false},"featured_media":8448,"comment_status":"closed","ping_status":"open","template":"","meta":[],"product_cat":[1719,42],"product_tag":[734,749,639,739,743],"class_list":["post-8447","product","type-product","status-publish","has-post-thumbnail","hentry","product_cat-daffi","product_cat-maskotki","product_tag-milan-imie","product_tag-najlepsze-zarty-na-prima-aprilis","product_tag-nela-imie","product_tag-prima-aprilis-w-szkole","product_tag-quiz-dla-dzieci"],"_links":{"self":[{"href":"http:\/\/klubmamgdynia.pl\/index.php\/wp-json\/wp\/v2\/product\/8447","targetHints":{"allow":["GET"]}}],"collection":[{"href":"http:\/\/klubmamgdynia.pl\/index.php\/wp-json\/wp\/v2\/product"}],"about":[{"href":"http:\/\/klubmamgdynia.pl\/index.php\/wp-json\/wp\/v2\/types\/product"}],"replies":[{"embeddable":true,"href":"http:\/\/klubmamgdynia.pl\/index.php\/wp-json\/wp\/v2\/comments?post=8447"}],"wp:featuredmedia":[{"embeddable":true,"href":"http:\/\/klubmamgdynia.pl\/index.php\/wp-json\/wp\/v2\/media\/8448"}],"wp:attachment":[{"href":"http:\/\/klubmamgdynia.pl\/index.php\/wp-json\/wp\/v2\/media?parent=8447"}],"wp:term":[{"taxonomy":"product_cat","embeddable":true,"href":"http:\/\/klubmamgdynia.pl\/index.php\/wp-json\/wp\/v2\/product_cat?post=8447"},{"taxonomy":"product_tag","embeddable":true,"href":"http:\/\/klubmamgdynia.pl\/index.php\/wp-json\/wp\/v2\/product_tag?post=8447"}],"curies":[{"name":"wp","href":"https:\/\/api.w.org\/{rel}","templated":true}]}}