{"id":8449,"date":"2018-08-16T01:37:15","date_gmt":"2018-08-15T23:37:15","guid":{"rendered":"http:\/\/klubmamgdynia.pl\/index.php\/produkt\/icom-karuzelka-nad-lozko-z-projektorem-gwiazd\/"},"modified":"2026-04-30T14:02:53","modified_gmt":"2026-04-30T12:02:53","slug":"icom-karuzelka-nad-lozko-z-projektorem-gwiazd","status":"publish","type":"product","link":"http:\/\/klubmamgdynia.pl\/index.php\/produkt\/icom-karuzelka-nad-lozko-z-projektorem-gwiazd\/","title":{"rendered":"Icom Karuzelka Nad \u0141\u00f3\u017cko Z Projektorem Gwiazd"},"content":{"rendered":"<p>KARUZELKA NAD \u0141\u00d3\u017bKO Z PROJEKTOREM GWIAZD KARUZELKA NAD \u0141\u00d3\u017bKO Z PROJEKTOREM GWIAZDSzeroko\u015b\u0107: 0Wysoko\u015b\u0107: 0G\u0142\u0119boko\u015b\u0107: 0<\/p>\n<h2>Icom Karuzelka Nad \u0141\u00f3\u017cko Z Projektorem Gwiazd Icom<\/h2>\n<p>quiz flagi, z\u0142ote my\u015bli kubu\u015b puchatek cytaty, wierszyk o choince, kolorowanki do druku pokemon, afryka\u0144skie imiona, zaproszenia urodzinowe do druku, renata to nie imi\u0119<\/p>\n<p>yyyyy<\/p>\n<p>&nbsp;<\/p>\n","protected":false},"excerpt":{"rendered":"<p>KARUZELKA NAD \u0141\u00d3\u017bKO Z PROJEKTOREM GWIAZD KARUZELKA NAD \u0141\u00d3\u017bKO Z PROJEKTOREM GWIAZDSzeroko\u015b\u0107: 0Wysoko\u015b\u0107: 0G\u0142\u0119boko\u015b\u0107: 0 Icom Karuzelka Nad \u0141\u00f3\u017cko Z Projektorem Gwiazd Icom quiz flagi, z\u0142ote my\u015bli kubu\u015b puchatek cytaty, wierszyk o choince, kolorowanki do druku pokemon, afryka\u0144skie imiona, zaproszenia urodzinowe do druku, renata to nie imi\u0119 yyyyy &nbsp;<\/p>\n","protected":false},"featured_media":8450,"comment_status":"closed","ping_status":"open","template":"","meta":[],"product_cat":[102,26],"product_tag":[650,598,797,607],"class_list":["post-8449","product","type-product","status-publish","has-post-thumbnail","hentry","product_cat-icom","product_cat-zabawki-do-wozka-lozeczka-i-fotelika","product_tag-choinka-z-bibuly","product_tag-co-na-roczek-dla-dziewczynki","product_tag-kiekrz","product_tag-zarty-na-prima-aprilis-dla-rodzicow"],"_links":{"self":[{"href":"http:\/\/klubmamgdynia.pl\/index.php\/wp-json\/wp\/v2\/product\/8449","targetHints":{"allow":["GET"]}}],"collection":[{"href":"http:\/\/klubmamgdynia.pl\/index.php\/wp-json\/wp\/v2\/product"}],"about":[{"href":"http:\/\/klubmamgdynia.pl\/index.php\/wp-json\/wp\/v2\/types\/product"}],"replies":[{"embeddable":true,"href":"http:\/\/klubmamgdynia.pl\/index.php\/wp-json\/wp\/v2\/comments?post=8449"}],"wp:featuredmedia":[{"embeddable":true,"href":"http:\/\/klubmamgdynia.pl\/index.php\/wp-json\/wp\/v2\/media\/8450"}],"wp:attachment":[{"href":"http:\/\/klubmamgdynia.pl\/index.php\/wp-json\/wp\/v2\/media?parent=8449"}],"wp:term":[{"taxonomy":"product_cat","embeddable":true,"href":"http:\/\/klubmamgdynia.pl\/index.php\/wp-json\/wp\/v2\/product_cat?post=8449"},{"taxonomy":"product_tag","embeddable":true,"href":"http:\/\/klubmamgdynia.pl\/index.php\/wp-json\/wp\/v2\/product_tag?post=8449"}],"curies":[{"name":"wp","href":"https:\/\/api.w.org\/{rel}","templated":true}]}}