{"id":8451,"date":"2012-11-24T02:39:19","date_gmt":"2012-11-24T01:39:19","guid":{"rendered":"http:\/\/klubmamgdynia.pl\/index.php\/produkt\/jugatoys-walizke-z-narzedziami-akcesoria-29-czesci-27x115x29cm-zabawka\/"},"modified":"2026-05-17T23:01:11","modified_gmt":"2026-05-17T21:01:11","slug":"jugatoys-walizke-z-narzedziami-akcesoria-29-czesci-27x115x29cm-zabawka","status":"publish","type":"product","link":"http:\/\/klubmamgdynia.pl\/index.php\/produkt\/jugatoys-walizke-z-narzedziami-akcesoria-29-czesci-27x115x29cm-zabawka\/","title":{"rendered":"Jugatoys Walizk\u0119 Z Narz\u0119dziami Akcesoria 29 Cz\u0119\u015bci 27X11,5X29Cm &#8211; Zabawka"},"content":{"rendered":"<p>Dzieci zas\u0142uguj\u0105 na to co najlepsze, dlatego przedstawiamy Ci Walizk\u0119 z Narz\u0119dziami Jugatoys Akcesoria 29 Cz\u0119\u015bci (27 x 11,5 x 29 cm), idealny dla tych, kt\u00f3rzy szukaj\u0105 produkt\u00f3w wysokiej jako\u015bci dla dzieci! Zdob\u0105d\u017a Jugatoys w najlepszych cenach!Kolor: TurkusowyZalecany Wiek: 3 latZawiera: AkcesoriaAkt\u00f3wkaWymiary ok.: 27 x 11,5 x 29 cmLiczba sztuk: 29 Cz\u0119\u015bciRodzaj: Walizk\u0119 z Narz\u0119dziami&#8230;<\/p>\n<h2>Jugatoys Walizk\u0119 Z Narz\u0119dziami Akcesoria 29 Cz\u0119\u015bci 27X11,5X29Cm &#8211; Zabawka <\/h2>\n<p>smerfy kolorowanka, prezent dla nastoletniego ch\u0142opca, jak narysowa\u0107 oko, wiosenna kolorowanka<\/p>\n<p>yyyyy<\/p>\n<p>&nbsp;<\/p>\n","protected":false},"excerpt":{"rendered":"<p>Dzieci zas\u0142uguj\u0105 na to co najlepsze, dlatego przedstawiamy Ci Walizk\u0119 z Narz\u0119dziami Jugatoys Akcesoria 29 Cz\u0119\u015bci (27 x 11,5 x 29 cm), idealny dla tych, kt\u00f3rzy szukaj\u0105 produkt\u00f3w wysokiej jako\u015bci dla dzieci! Zdob\u0105d\u017a Jugatoys w najlepszych cenach!Kolor: TurkusowyZalecany Wiek: 3 latZawiera: AkcesoriaAkt\u00f3wkaWymiary ok.: 27 x 11,5 x 29 cmLiczba sztuk: 29 Cz\u0119\u015bciRodzaj: Walizk\u0119 z Narz\u0119dziami&#8230; [&hellip;]<\/p>\n","protected":false},"featured_media":8452,"comment_status":"closed","ping_status":"open","template":"","meta":[],"product_cat":[53],"product_tag":[668,864,584,675],"class_list":["post-8451","product","type-product","status-publish","has-post-thumbnail","hentry","product_cat-kaciki-zabaw","product_tag-atrakcje-dla-dzieci-wroclaw","product_tag-basen-warszawa","product_tag-liwia","product_tag-test-z-lektury-kajko-i-kokosz-szkola-latania"],"_links":{"self":[{"href":"http:\/\/klubmamgdynia.pl\/index.php\/wp-json\/wp\/v2\/product\/8451","targetHints":{"allow":["GET"]}}],"collection":[{"href":"http:\/\/klubmamgdynia.pl\/index.php\/wp-json\/wp\/v2\/product"}],"about":[{"href":"http:\/\/klubmamgdynia.pl\/index.php\/wp-json\/wp\/v2\/types\/product"}],"replies":[{"embeddable":true,"href":"http:\/\/klubmamgdynia.pl\/index.php\/wp-json\/wp\/v2\/comments?post=8451"}],"wp:featuredmedia":[{"embeddable":true,"href":"http:\/\/klubmamgdynia.pl\/index.php\/wp-json\/wp\/v2\/media\/8452"}],"wp:attachment":[{"href":"http:\/\/klubmamgdynia.pl\/index.php\/wp-json\/wp\/v2\/media?parent=8451"}],"wp:term":[{"taxonomy":"product_cat","embeddable":true,"href":"http:\/\/klubmamgdynia.pl\/index.php\/wp-json\/wp\/v2\/product_cat?post=8451"},{"taxonomy":"product_tag","embeddable":true,"href":"http:\/\/klubmamgdynia.pl\/index.php\/wp-json\/wp\/v2\/product_tag?post=8451"}],"curies":[{"name":"wp","href":"https:\/\/api.w.org\/{rel}","templated":true}]}}