{"id":8453,"date":"2011-11-24T15:14:45","date_gmt":"2011-11-24T14:14:45","guid":{"rendered":"http:\/\/klubmamgdynia.pl\/index.php\/produkt\/mochtoys-ciezarowka-smieciarka-mochtoys\/"},"modified":"2026-05-17T23:36:25","modified_gmt":"2026-05-17T21:36:25","slug":"mochtoys-ciezarowka-smieciarka-mochtoys","status":"publish","type":"product","link":"http:\/\/klubmamgdynia.pl\/index.php\/produkt\/mochtoys-ciezarowka-smieciarka-mochtoys\/","title":{"rendered":"Mochtoys Ci\u0119\u017car\u00f3wka \u015amieciarka Mochtoys"},"content":{"rendered":"<h2>Mochtoys Ci\u0119\u017car\u00f3wka \u015amieciarka Mochtoys Mochtoys<\/h2>\n<p>test z opowie\u015bci z narnii lew czarownica i stara szafa, prima aprilis pomys\u0142y, bursztynek, ninjago kolorowanka, bajka o \u017cabie, janusz, zagadki dla 8 latka, kolorowanka lego friends, test z lektury kajko i kokosz szko\u0142a latania, bajka o emocjach, gdzie strumyk p\u0142ynie z wolna, karty pracy do druku litery<\/p>\n<p>yyyyy<\/p>\n<p>&nbsp;<\/p>\n","protected":false},"excerpt":{"rendered":"<p>Mochtoys Ci\u0119\u017car\u00f3wka \u015amieciarka Mochtoys Mochtoys test z opowie\u015bci z narnii lew czarownica i stara szafa, prima aprilis pomys\u0142y, bursztynek, ninjago kolorowanka, bajka o \u017cabie, janusz, zagadki dla 8 latka, kolorowanka lego friends, test z lektury kajko i kokosz szko\u0142a latania, bajka o emocjach, gdzie strumyk p\u0142ynie z wolna, karty pracy do druku litery yyyyy &nbsp;<\/p>\n","protected":false},"featured_media":8454,"comment_status":"closed","ping_status":"open","template":"","meta":[],"product_cat":[83,319],"product_tag":[671,865,747,613,739,591],"class_list":["post-8453","product","type-product","status-publish","has-post-thumbnail","hentry","product_cat-auta-i-inne-pojazdy-do-zabawy","product_cat-mochtoys","product_tag-cicha-noc-po-angielsku-tekst","product_tag-cytaty-o-dzieciach","product_tag-malowanki-do-druku","product_tag-na-wyspach-bergamutach","product_tag-prima-aprilis-w-szkole","product_tag-quiz-o-minecraft"],"_links":{"self":[{"href":"http:\/\/klubmamgdynia.pl\/index.php\/wp-json\/wp\/v2\/product\/8453","targetHints":{"allow":["GET"]}}],"collection":[{"href":"http:\/\/klubmamgdynia.pl\/index.php\/wp-json\/wp\/v2\/product"}],"about":[{"href":"http:\/\/klubmamgdynia.pl\/index.php\/wp-json\/wp\/v2\/types\/product"}],"replies":[{"embeddable":true,"href":"http:\/\/klubmamgdynia.pl\/index.php\/wp-json\/wp\/v2\/comments?post=8453"}],"wp:featuredmedia":[{"embeddable":true,"href":"http:\/\/klubmamgdynia.pl\/index.php\/wp-json\/wp\/v2\/media\/8454"}],"wp:attachment":[{"href":"http:\/\/klubmamgdynia.pl\/index.php\/wp-json\/wp\/v2\/media?parent=8453"}],"wp:term":[{"taxonomy":"product_cat","embeddable":true,"href":"http:\/\/klubmamgdynia.pl\/index.php\/wp-json\/wp\/v2\/product_cat?post=8453"},{"taxonomy":"product_tag","embeddable":true,"href":"http:\/\/klubmamgdynia.pl\/index.php\/wp-json\/wp\/v2\/product_tag?post=8453"}],"curies":[{"name":"wp","href":"https:\/\/api.w.org\/{rel}","templated":true}]}}