{"id":8455,"date":"2025-05-15T14:21:13","date_gmt":"2025-05-15T12:21:13","guid":{"rendered":"http:\/\/klubmamgdynia.pl\/?post_type=product&#038;p=8455"},"modified":"2026-04-23T11:54:17","modified_gmt":"2026-04-23T09:54:17","slug":"collecta-zwierzeta-dzikie-krokodyl-nilowy-88725","status":"publish","type":"product","link":"http:\/\/klubmamgdynia.pl\/index.php\/produkt\/collecta-zwierzeta-dzikie-krokodyl-nilowy-88725\/","title":{"rendered":"Collecta Zwierz\u0119ta dzikie Krokodyl Nilowy (88725)"},"content":{"rendered":"<p>KROKODYL NILOWY to figurka kolekcjonerska firmy Collecta. Produkty tej firmy cechuje wysoka jako\u015b\u0107 wykonania oraz wiernie oddany kszta\u0142t oraz kolor zwierz\u0119cia. Dla dzieci w wieku od 3 latKod paskowy: 4892900887258Rok wydania: 2018Kod wydawcy: 39516Oprawa: FoliaPKWiU: 58.11.1Format: 19.0&#215;10.0cmG\u0142\u0119boko\u015b\u0107 (mm): 40Waga: 0.098Dzia\u0142\/Kategorie: Zabawki \/ Figurki \/ Kolekcjonerskie \/ Zwierz\u0119ta \/ DzikieJ\u0119zyki: polskiWiek: 3-4 lata, 5-7 lat, 8-11 lat, 12-14 latP\u0142e\u0107: ch\u0142opiec, dziewczynkaGrupa towarowa: Zabawki<\/p>\n<h2>Collecta Zwierz\u0119ta dzikie Krokodyl Nilowy (88725) Collecta<\/h2>\n<p>wroc\u0142aw i okolice atrakcje, aniela imie, cytat matka, znaczenie imienia gabriel, karty pracy dla dzieci z ukrainy do druku<\/p>\n<p>yyyyy<\/p>\n<p>&nbsp;<\/p>\n","protected":false},"excerpt":{"rendered":"<p>KROKODYL NILOWY to figurka kolekcjonerska firmy Collecta. Produkty tej firmy cechuje wysoka jako\u015b\u0107 wykonania oraz wiernie oddany kszta\u0142t oraz kolor zwierz\u0119cia. Dla dzieci w wieku od 3 latKod paskowy: 4892900887258Rok wydania: 2018Kod wydawcy: 39516Oprawa: FoliaPKWiU: 58.11.1Format: 19.0&#215;10.0cmG\u0142\u0119boko\u015b\u0107 (mm): 40Waga: 0.098Dzia\u0142\/Kategorie: Zabawki \/ Figurki \/ Kolekcjonerskie \/ Zwierz\u0119ta \/ DzikieJ\u0119zyki: polskiWiek: 3-4 lata, 5-7 lat, 8-11 [&hellip;]<\/p>\n","protected":false},"featured_media":8456,"comment_status":"closed","ping_status":"open","template":"","meta":[],"product_cat":[490,95],"product_tag":[630,589,872,805],"class_list":["post-8455","product","type-product","status-publish","has-post-thumbnail","hentry","product_cat-collecta","product_cat-figurki-makiety-i-zestawy","product_tag-podchwytliwe-zagadki-z-odpowiedziami","product_tag-prezent-dla-rocznego-dziecka","product_tag-zagadki-dla-dzieci-6-lat","product_tag-znaczenie-imienia-alan"],"_links":{"self":[{"href":"http:\/\/klubmamgdynia.pl\/index.php\/wp-json\/wp\/v2\/product\/8455","targetHints":{"allow":["GET"]}}],"collection":[{"href":"http:\/\/klubmamgdynia.pl\/index.php\/wp-json\/wp\/v2\/product"}],"about":[{"href":"http:\/\/klubmamgdynia.pl\/index.php\/wp-json\/wp\/v2\/types\/product"}],"replies":[{"embeddable":true,"href":"http:\/\/klubmamgdynia.pl\/index.php\/wp-json\/wp\/v2\/comments?post=8455"}],"wp:featuredmedia":[{"embeddable":true,"href":"http:\/\/klubmamgdynia.pl\/index.php\/wp-json\/wp\/v2\/media\/8456"}],"wp:attachment":[{"href":"http:\/\/klubmamgdynia.pl\/index.php\/wp-json\/wp\/v2\/media?parent=8455"}],"wp:term":[{"taxonomy":"product_cat","embeddable":true,"href":"http:\/\/klubmamgdynia.pl\/index.php\/wp-json\/wp\/v2\/product_cat?post=8455"},{"taxonomy":"product_tag","embeddable":true,"href":"http:\/\/klubmamgdynia.pl\/index.php\/wp-json\/wp\/v2\/product_tag?post=8455"}],"curies":[{"name":"wp","href":"https:\/\/api.w.org\/{rel}","templated":true}]}}