{"id":8457,"date":"2024-12-07T15:07:19","date_gmt":"2024-12-07T14:07:19","guid":{"rendered":"http:\/\/klubmamgdynia.pl\/?post_type=product&#038;p=8457"},"modified":"2026-04-07T19:11:12","modified_gmt":"2026-04-07T17:11:12","slug":"falomir-deska-parcheesi-wersja-hiszpanska","status":"publish","type":"product","link":"http:\/\/klubmamgdynia.pl\/index.php\/produkt\/falomir-deska-parcheesi-wersja-hiszpanska\/","title":{"rendered":"Falomir Deska Parcheesi (wersja hiszpa\u0144ska)"},"content":{"rendered":"<p>Dzieci zas\u0142uguj\u0105 na to co najlepsze, dlatego przedstawiamy Ci Deska Parcheesi Falomir (ES), idealny dla tych, kt\u00f3rzy szukaj\u0105 produkt\u00f3w wysokiej jako\u015bci dla dzieci! Zdob\u0105d\u017a Falomir w najlepszych cenach!Ilo\u015b\u0107 Graczy: Tunika 2Zalecany Wiek: + 6 latJ\u0119zyk: ESJ\u0119zyk packaging: ESPrzewodnik z Instrukcjami: ESZasilana bateriami: Nie&#8230;<\/p>\n<h2>Falomir Deska Parcheesi (wersja hiszpa\u0144ska) <\/h2>\n<p>plac zabaw pozna\u0144, kolorowanki dla dziewczyn, bajeczki na dobranoc, rzadkie imiona dla dziewczynek, magiczne drzewo czerwone krzes\u0142o test, halszka, najrzadsze imiona w polsce, prezent dla 1 latka, walentynka dla c\u00f3rki, piosenka dla mamy tekst, tekst kolysanek, zagadki przyrodnicze, kr\u00f3tkie zagadki dla doros\u0142ych, szlaczki, minecraft kolorowanki, stare piosenki, trudne zagadki z odpowiedziami, quiz konie, bajeczki na dobranoc, quizy \u015bwi\u0105teczne bo\u017ce narodzenie, wielkanocne zagadki dla dzieci<\/p>\n<p>yyyyy<\/p>\n<p>&nbsp;<\/p>\n","protected":false},"excerpt":{"rendered":"<p>Dzieci zas\u0142uguj\u0105 na to co najlepsze, dlatego przedstawiamy Ci Deska Parcheesi Falomir (ES), idealny dla tych, kt\u00f3rzy szukaj\u0105 produkt\u00f3w wysokiej jako\u015bci dla dzieci! Zdob\u0105d\u017a Falomir w najlepszych cenach!Ilo\u015b\u0107 Graczy: Tunika 2Zalecany Wiek: + 6 latJ\u0119zyk: ESJ\u0119zyk packaging: ESPrzewodnik z Instrukcjami: ESZasilana bateriami: Nie&#8230; Falomir Deska Parcheesi (wersja hiszpa\u0144ska) plac zabaw pozna\u0144, kolorowanki dla dziewczyn, bajeczki [&hellip;]<\/p>\n","protected":false},"featured_media":8458,"comment_status":"closed","ping_status":"open","template":"","meta":[],"product_cat":[130],"product_tag":[865,644,835,830,840],"class_list":["post-8457","product","type-product","status-publish","has-post-thumbnail","hentry","product_cat-gry-dzieciece","product_tag-cytaty-o-dzieciach","product_tag-mia","product_tag-radosc-dziecka-cytaty","product_tag-rodzina-cytaty","product_tag-stare-bajki"],"_links":{"self":[{"href":"http:\/\/klubmamgdynia.pl\/index.php\/wp-json\/wp\/v2\/product\/8457","targetHints":{"allow":["GET"]}}],"collection":[{"href":"http:\/\/klubmamgdynia.pl\/index.php\/wp-json\/wp\/v2\/product"}],"about":[{"href":"http:\/\/klubmamgdynia.pl\/index.php\/wp-json\/wp\/v2\/types\/product"}],"replies":[{"embeddable":true,"href":"http:\/\/klubmamgdynia.pl\/index.php\/wp-json\/wp\/v2\/comments?post=8457"}],"wp:featuredmedia":[{"embeddable":true,"href":"http:\/\/klubmamgdynia.pl\/index.php\/wp-json\/wp\/v2\/media\/8458"}],"wp:attachment":[{"href":"http:\/\/klubmamgdynia.pl\/index.php\/wp-json\/wp\/v2\/media?parent=8457"}],"wp:term":[{"taxonomy":"product_cat","embeddable":true,"href":"http:\/\/klubmamgdynia.pl\/index.php\/wp-json\/wp\/v2\/product_cat?post=8457"},{"taxonomy":"product_tag","embeddable":true,"href":"http:\/\/klubmamgdynia.pl\/index.php\/wp-json\/wp\/v2\/product_tag?post=8457"}],"curies":[{"name":"wp","href":"https:\/\/api.w.org\/{rel}","templated":true}]}}