{"id":8459,"date":"2017-11-07T15:32:00","date_gmt":"2017-11-07T14:32:00","guid":{"rendered":"http:\/\/klubmamgdynia.pl\/index.php\/produkt\/winning-moves-top-trumps-match-star-wars\/"},"modified":"2026-04-08T23:41:26","modified_gmt":"2026-04-08T21:41:26","slug":"winning-moves-top-trumps-match-star-wars","status":"publish","type":"product","link":"http:\/\/klubmamgdynia.pl\/index.php\/produkt\/winning-moves-top-trumps-match-star-wars\/","title":{"rendered":"Winning Moves Top Trumps Match: Star Wars"},"content":{"rendered":"<p>Wybierasz ciemn\u0105 czy jasn\u0105 stron\u0119 mocy? Wszystkie ulubione postacie najm\u0142odszych fan\u00f3w Star Wars znalaz\u0142y si\u0119 na pionowej planszy TOP TRUMPS MATCH! Wylosuj bohatera i spr\u00f3buj u\u0142o\u017cy\u0107 jednakowy rz\u0105d w linii pionowej, poziomej lub na ukos. Uwaga na spadaj\u0105ce kostki! Przeciwnicy nie \u015bpi\u0105. Niech moc b\u0119dzie z Tob\u0105!Zasady gryCelem gry jest u\u0142o\u017cenie 5 jednakowych kostek w rz\u0119dzie pionowym, poziomym lub na ukos. Przed rozpocz\u0119ciem rozgrywki rozdaj ka\u017cdemu graczowi po dwie karty z postaciami. Karty drugiego gracza powinny pozosta\u0107 nieznane! Rozgrywk\u0119 rozpoczyna m\u0142odszy gracz, wypychaj\u0105c kostk\u0119 w lewym g\u00f3rnym rogu planszy. Drugi gracz, u\u017cywaj\u0105c kostki, kt\u00f3ra wypad\u0142a na jego stron\u0119, wypycha kolejn\u0105. Gracz, kt\u00f3ry u\u0142o\u017cy jednolity rz\u0105d pionowy, poziomy lub uko\u015bny &#8211; wykrzykuje MATCH i wygrywa. Uwaga! Zwyci\u0119stwo mo\u017ce zosta\u0107 przej\u0119te, je\u015bli przeciwnik dysponuje kart\u0105 z u\u0142o\u017con\u0105 postaci\u0105.Star Wars dla najm\u0142odszychSzukasz prezentu dla czterolatka z motywem Star Wars? Wybierz gr\u0119 planszow\u0105, kt\u00f3ra nie tylko zajmie Twojego przedszkolaka, ale pomo\u017ce rozwin\u0105\u0107 nowe umiej\u0119tno\u015bci! Wertykalna gra planszowa dzi\u0119ki prostym zasadom i dynamicznej rozgrywce przypadnie do gustu wszystkim fanom Star Wars. Graj z maluchami ju\u017c od 4 roku \u017cycia!Zawarto\u015b\u0107zamykana, plastikowa plansza25 kostek15 kartSpecyfikacjaliczba graczy: 2wiek: 4+czas gry: 15 minutj\u0119zyk wydania: polskiUwaga! Nieodpowiednie dla dzieci w wieku poni\u017cej 3 lat.<\/p>\n<h2>Winning Moves Top Trumps Match: Star Wars Winning Moves<\/h2>\n<p>dyplomy dla przedszkolak\u00f3w do wydrukowania, walentynka kolorowanka, znajd\u017a r\u00f3\u017cnice, plac zabaw warszawa, andrea, co dla rocznego dziecka, zagadki dla 7 latk\u00f3w, warszawa dla dzieci, mia imie, plecak torba i walizka, prezent dla 1 latka, darmowe kolorowanki kolorowanki dla dziewczynek, test magiczne drzewo czerwone krzes\u0142o<\/p>\n<p>yyyyy<\/p>\n<p>&nbsp;<\/p>\n","protected":false},"excerpt":{"rendered":"<p>Wybierasz ciemn\u0105 czy jasn\u0105 stron\u0119 mocy? Wszystkie ulubione postacie najm\u0142odszych fan\u00f3w Star Wars znalaz\u0142y si\u0119 na pionowej planszy TOP TRUMPS MATCH! Wylosuj bohatera i spr\u00f3buj u\u0142o\u017cy\u0107 jednakowy rz\u0105d w linii pionowej, poziomej lub na ukos. Uwaga na spadaj\u0105ce kostki! Przeciwnicy nie \u015bpi\u0105. Niech moc b\u0119dzie z Tob\u0105!Zasady gryCelem gry jest u\u0142o\u017cenie 5 jednakowych kostek w [&hellip;]<\/p>\n","protected":false},"featured_media":8460,"comment_status":"closed","ping_status":"open","template":"","meta":[],"product_cat":[130,226],"product_tag":[729,590,627,708,635],"class_list":["post-8459","product","type-product","status-publish","has-post-thumbnail","hentry","product_cat-gry-dzieciece","product_cat-winning-moves","product_tag-madre-bajki-dla-dzieci-do-czytania","product_tag-plac-zabaw-warszawa","product_tag-quiz-dzieci-z-bullerbyn","product_tag-zabawy-ruchowe-dla-dzieci","product_tag-znaki-drogowe-do-druku"],"_links":{"self":[{"href":"http:\/\/klubmamgdynia.pl\/index.php\/wp-json\/wp\/v2\/product\/8459","targetHints":{"allow":["GET"]}}],"collection":[{"href":"http:\/\/klubmamgdynia.pl\/index.php\/wp-json\/wp\/v2\/product"}],"about":[{"href":"http:\/\/klubmamgdynia.pl\/index.php\/wp-json\/wp\/v2\/types\/product"}],"replies":[{"embeddable":true,"href":"http:\/\/klubmamgdynia.pl\/index.php\/wp-json\/wp\/v2\/comments?post=8459"}],"wp:featuredmedia":[{"embeddable":true,"href":"http:\/\/klubmamgdynia.pl\/index.php\/wp-json\/wp\/v2\/media\/8460"}],"wp:attachment":[{"href":"http:\/\/klubmamgdynia.pl\/index.php\/wp-json\/wp\/v2\/media?parent=8459"}],"wp:term":[{"taxonomy":"product_cat","embeddable":true,"href":"http:\/\/klubmamgdynia.pl\/index.php\/wp-json\/wp\/v2\/product_cat?post=8459"},{"taxonomy":"product_tag","embeddable":true,"href":"http:\/\/klubmamgdynia.pl\/index.php\/wp-json\/wp\/v2\/product_tag?post=8459"}],"curies":[{"name":"wp","href":"https:\/\/api.w.org\/{rel}","templated":true}]}}