{"id":846,"date":"2022-04-07T04:03:29","date_gmt":"2022-04-07T02:03:29","guid":{"rendered":"http:\/\/klubmamgdynia.pl\/index.php\/produkt\/adar-zestaw-kuchenny-zabawka\/"},"modified":"2026-04-06T03:06:47","modified_gmt":"2026-04-06T01:06:47","slug":"adar-zestaw-kuchenny-zabawka","status":"publish","type":"product","link":"http:\/\/klubmamgdynia.pl\/index.php\/produkt\/adar-zestaw-kuchenny-zabawka\/","title":{"rendered":"Adar Zestaw Kuchenny &#8211; Zabawka"},"content":{"rendered":"<p>Zestaw naczy\u0144 kuchennych;Wymiary opakowania : 37x21x10,5cm,Zestaw kuchenny, kt\u00f3ry zawiera: garnki , 2 patelnie, zestaw \u0142y\u017cek , pokrywki .Produkt nie potrzebuje baterii.Zabawka przeznaczona dla dzieci powy\u017cej 3 roku \u017cycia&#8230;.<\/p>\n<h2>Adar Zestaw Kuchenny &#8211; Zabawka Adar<\/h2>\n<p>kolorowanka robot, bajki dla dzieci na dobranoc do czytania, nauka pisania literek do wydruku pdf, iwo imi\u0119, bo\u017ce narodzenie (film), jakie prezenty na roczek, kolorowanka traktor, ozdoby na choink\u0119 dla dzieci z papieru, jeziora blisko warszawy, co kupi\u0107 na roczek, kolorowanki na dzie\u0144 niepodleg\u0142o\u015bci do wydruku, lucjan imi\u0119, zagadki wielkanocne dla dzieci, milena, magiczne drzewo czerwone krzes\u0142o test, zagadki dla dzieci 5 lat, z\u0142ote my\u015bli pedagogiczne, zagadki z odpowiedziami \u015bmieszne, cytaty o rodzinie i dzieciach, z\u0142ote my\u015bli cytaty o szkole i nauce, zagadki matematyczne z odpowiedziami<\/p>\n<p>yyyyy<\/p>\n<p>&nbsp;<\/p>\n","protected":false},"excerpt":{"rendered":"<p>Zestaw naczy\u0144 kuchennych;Wymiary opakowania : 37x21x10,5cm,Zestaw kuchenny, kt\u00f3ry zawiera: garnki , 2 patelnie, zestaw \u0142y\u017cek , pokrywki .Produkt nie potrzebuje baterii.Zabawka przeznaczona dla dzieci powy\u017cej 3 roku \u017cycia&#8230;. Adar Zestaw Kuchenny &#8211; Zabawka Adar kolorowanka robot, bajki dla dzieci na dobranoc do czytania, nauka pisania literek do wydruku pdf, iwo imi\u0119, bo\u017ce narodzenie (film), jakie [&hellip;]<\/p>\n","protected":false},"featured_media":847,"comment_status":"closed","ping_status":"open","template":"","meta":[],"product_cat":[175,53],"product_tag":[871,828,585,577],"class_list":["post-846","product","type-product","status-publish","has-post-thumbnail","hentry","product_cat-adar","product_cat-kaciki-zabaw","product_tag-bajka-o-smoku-wawelskim","product_tag-filmy-wigilijne-dla-dzieci","product_tag-kolorowanki-dla-chlopcow","product_tag-znaki-drogowe-test"],"_links":{"self":[{"href":"http:\/\/klubmamgdynia.pl\/index.php\/wp-json\/wp\/v2\/product\/846","targetHints":{"allow":["GET"]}}],"collection":[{"href":"http:\/\/klubmamgdynia.pl\/index.php\/wp-json\/wp\/v2\/product"}],"about":[{"href":"http:\/\/klubmamgdynia.pl\/index.php\/wp-json\/wp\/v2\/types\/product"}],"replies":[{"embeddable":true,"href":"http:\/\/klubmamgdynia.pl\/index.php\/wp-json\/wp\/v2\/comments?post=846"}],"wp:featuredmedia":[{"embeddable":true,"href":"http:\/\/klubmamgdynia.pl\/index.php\/wp-json\/wp\/v2\/media\/847"}],"wp:attachment":[{"href":"http:\/\/klubmamgdynia.pl\/index.php\/wp-json\/wp\/v2\/media?parent=846"}],"wp:term":[{"taxonomy":"product_cat","embeddable":true,"href":"http:\/\/klubmamgdynia.pl\/index.php\/wp-json\/wp\/v2\/product_cat?post=846"},{"taxonomy":"product_tag","embeddable":true,"href":"http:\/\/klubmamgdynia.pl\/index.php\/wp-json\/wp\/v2\/product_tag?post=846"}],"curies":[{"name":"wp","href":"https:\/\/api.w.org\/{rel}","templated":true}]}}