{"id":8461,"date":"2011-12-22T13:36:07","date_gmt":"2011-12-22T12:36:07","guid":{"rendered":"http:\/\/klubmamgdynia.pl\/index.php\/produkt\/spin-master-pojazd-funkcyjny-psi-patrol-chase\/"},"modified":"2026-05-01T02:02:08","modified_gmt":"2026-05-01T00:02:08","slug":"spin-master-pojazd-funkcyjny-psi-patrol-chase","status":"publish","type":"product","link":"http:\/\/klubmamgdynia.pl\/index.php\/produkt\/spin-master-pojazd-funkcyjny-psi-patrol-chase\/","title":{"rendered":"Spin Master Pojazd Funkcyjny Psi Patrol Chase"},"content":{"rendered":"<p>Ruszaj na ratunek z Marshallem z Psiego Patrolu i jego pojazdem Rise and Rescue! W\u00f3z stra\u017cacki Marshalla ma autentyczne grafiki i detale, schowek na akcesoria i escytuj\u0105c\u0105 transfromacj\u0119. Kiedy nadejdzie czas, umie\u015b\u0107 figurk\u0119 Marshalla w fotelu kierowcy i ruszaj na na ekscytujac\u0105 misj\u0119 ratunkow\u0105! Po przybyciu naci\u015bnij pojazd, aby przej\u015b\u0107 w tryb ratunkowy pojazd unosi si\u0119, ujawniaj\u0105 si\u0119 wyrzutnie pocisk\u00f3w i dron ratunkowy. Jednocze\u015bnie Marshall zyskuje doskona\u0142y punkt obserwacyjny na czas akcji! Wystrzel pociski wodne, aby usun\u0105\u0107 przeszkody. W przypadku misji ratowniczych w trudno dost\u0119pnych miejsach, otw\u00f3rz schowek z ty\u0142u pojazdu i wy\u015blij drona ratunkowego Chasea oraz kosz ratunkowy, aby przetransportowa\u0107 Chickalett\u0119 (figurka w zestawie) w bezpieczne miejsce! Gdy Chickaletta zostanie uratowana, zaczep kosz z przodu pojazdu, aby zapewni\u0107 jej bezpiecze\u0144stwo w drodze powrotnej do domu. U\u017cyj wyobra\u017ani, aby przywo\u0142a\u0107 do \u017cycia swoje pe\u0142ne akcji misje ratunkowe. Aby zabawa by\u0142a jeszcze lepsza, poszukaj pojazdu Chasea Rise and Rescue (sprzedawany oddzielnie). Zabawki Rise and Rescue s\u0105 wspania\u0142ymi prezentami dla dzieci od lat 3. Po\u0142\u0105cz si\u0142y ze swoimi ulubionym szczeniakiem z Psiego Patrolu, Marshallem i uratuj sytuacj\u0119 dzi\u0119ki pojazdowi Rise and Rescue!<\/p>\n<h2>Spin Master Pojazd Funkcyjny Psi Patrol Chase Spin Master<\/h2>\n<p>gwiazda do wydruku, do druku dla dzieci, chase kolorowanka, bajka o piesku do czytania, karty pracy do druku za darmo, oryginalny prezent na roczek dla dziewczynki, szablony zimowe do wydruku, kolorowanka \u015bwinka peppa, maska kota<\/p>\n<p>yyyyy<\/p>\n<p>&nbsp;<\/p>\n","protected":false},"excerpt":{"rendered":"<p>Ruszaj na ratunek z Marshallem z Psiego Patrolu i jego pojazdem Rise and Rescue! W\u00f3z stra\u017cacki Marshalla ma autentyczne grafiki i detale, schowek na akcesoria i escytuj\u0105c\u0105 transfromacj\u0119. Kiedy nadejdzie czas, umie\u015b\u0107 figurk\u0119 Marshalla w fotelu kierowcy i ruszaj na na ekscytujac\u0105 misj\u0119 ratunkow\u0105! Po przybyciu naci\u015bnij pojazd, aby przej\u015b\u0107 w tryb ratunkowy pojazd unosi [&hellip;]<\/p>\n","protected":false},"featured_media":8462,"comment_status":"closed","ping_status":"open","template":"","meta":[],"product_cat":[83,94],"product_tag":[859,720,596,741,715],"class_list":["post-8461","product","type-product","status-publish","has-post-thumbnail","hentry","product_cat-auta-i-inne-pojazdy-do-zabawy","product_cat-spin-master","product_tag-dobranoc-pchly-na-noc","product_tag-malowanki","product_tag-pomysly-na-prima-aprilis","product_tag-wlochy","product_tag-zosia-samosia"],"_links":{"self":[{"href":"http:\/\/klubmamgdynia.pl\/index.php\/wp-json\/wp\/v2\/product\/8461","targetHints":{"allow":["GET"]}}],"collection":[{"href":"http:\/\/klubmamgdynia.pl\/index.php\/wp-json\/wp\/v2\/product"}],"about":[{"href":"http:\/\/klubmamgdynia.pl\/index.php\/wp-json\/wp\/v2\/types\/product"}],"replies":[{"embeddable":true,"href":"http:\/\/klubmamgdynia.pl\/index.php\/wp-json\/wp\/v2\/comments?post=8461"}],"wp:featuredmedia":[{"embeddable":true,"href":"http:\/\/klubmamgdynia.pl\/index.php\/wp-json\/wp\/v2\/media\/8462"}],"wp:attachment":[{"href":"http:\/\/klubmamgdynia.pl\/index.php\/wp-json\/wp\/v2\/media?parent=8461"}],"wp:term":[{"taxonomy":"product_cat","embeddable":true,"href":"http:\/\/klubmamgdynia.pl\/index.php\/wp-json\/wp\/v2\/product_cat?post=8461"},{"taxonomy":"product_tag","embeddable":true,"href":"http:\/\/klubmamgdynia.pl\/index.php\/wp-json\/wp\/v2\/product_tag?post=8461"}],"curies":[{"name":"wp","href":"https:\/\/api.w.org\/{rel}","templated":true}]}}