{"id":8463,"date":"2014-02-04T04:07:58","date_gmt":"2014-02-04T03:07:58","guid":{"rendered":"http:\/\/klubmamgdynia.pl\/index.php\/produkt\/blocki-klocki-mygirls-73el-letni-piknik-kb0115\/"},"modified":"2026-04-24T00:03:57","modified_gmt":"2026-04-23T22:03:57","slug":"blocki-klocki-mygirls-73el-letni-piknik-kb0115","status":"publish","type":"product","link":"http:\/\/klubmamgdynia.pl\/index.php\/produkt\/blocki-klocki-mygirls-73el-letni-piknik-kb0115\/","title":{"rendered":"Blocki Klocki Mygirls 73El. Letni Piknik Kb0115"},"content":{"rendered":"<p>Klocki Blocki dostarcz\u0105 mn\u00f3stwo pomys\u0142\u00f3w na kreatywn\u0105 zabaw\u0119 i sprawi\u0105 wiele rado\u015bci zar\u00f3wno ma\u0142ym, jak i du\u017cym konstruktorom. Pokochacie je za jako\u015b\u0107 wykonania, interesuj\u0105ce i r\u00f3\u017cnorodne serie, kolorowe opakowania oraz konkurencyjn\u0105 cen\u0119. Klocki Blocki zaprojektowane zosta\u0142y tak, aby mo\u017cna je by\u0142o \u0142\u0105czy\u0107 z pozosta\u0142ymi zestawami Block\u00f3w oraz klockami innych rozpoznawalnych marek. Uwaga! Produkt dla dzieci powy\u017cej 6 roku \u017cycia&#8230;.<\/p>\n<h2>Blocki Klocki Mygirls 73El. Letni Piknik Kb0115 Blocki<\/h2>\n<p>\u015bmigus dyngus wiersz dla dzieci, dzie\u0144 pluszowego misia, prezent dla rocznego ch\u0142opca, co na roczek, pole dyniowe pozna\u0144, bajki na dobranoc<\/p>\n<p>yyyyy<\/p>\n<p>&nbsp;<\/p>\n","protected":false},"excerpt":{"rendered":"<p>Klocki Blocki dostarcz\u0105 mn\u00f3stwo pomys\u0142\u00f3w na kreatywn\u0105 zabaw\u0119 i sprawi\u0105 wiele rado\u015bci zar\u00f3wno ma\u0142ym, jak i du\u017cym konstruktorom. Pokochacie je za jako\u015b\u0107 wykonania, interesuj\u0105ce i r\u00f3\u017cnorodne serie, kolorowe opakowania oraz konkurencyjn\u0105 cen\u0119. Klocki Blocki zaprojektowane zosta\u0142y tak, aby mo\u017cna je by\u0142o \u0142\u0105czy\u0107 z pozosta\u0142ymi zestawami Block\u00f3w oraz klockami innych rozpoznawalnych marek. Uwaga! Produkt dla dzieci [&hellip;]<\/p>\n","protected":false},"featured_media":8464,"comment_status":"closed","ping_status":"open","template":"","meta":[],"product_cat":[1720,113],"product_tag":[864,706,757],"class_list":["post-8463","product","type-product","status-publish","has-post-thumbnail","hentry","product_cat-blocki","product_cat-klocki","product_tag-basen-warszawa","product_tag-imie-kuba","product_tag-test-z-lektury-ania-z-zielonego-wzgorza-klasa-6-z-odpowiedziami"],"_links":{"self":[{"href":"http:\/\/klubmamgdynia.pl\/index.php\/wp-json\/wp\/v2\/product\/8463","targetHints":{"allow":["GET"]}}],"collection":[{"href":"http:\/\/klubmamgdynia.pl\/index.php\/wp-json\/wp\/v2\/product"}],"about":[{"href":"http:\/\/klubmamgdynia.pl\/index.php\/wp-json\/wp\/v2\/types\/product"}],"replies":[{"embeddable":true,"href":"http:\/\/klubmamgdynia.pl\/index.php\/wp-json\/wp\/v2\/comments?post=8463"}],"wp:featuredmedia":[{"embeddable":true,"href":"http:\/\/klubmamgdynia.pl\/index.php\/wp-json\/wp\/v2\/media\/8464"}],"wp:attachment":[{"href":"http:\/\/klubmamgdynia.pl\/index.php\/wp-json\/wp\/v2\/media?parent=8463"}],"wp:term":[{"taxonomy":"product_cat","embeddable":true,"href":"http:\/\/klubmamgdynia.pl\/index.php\/wp-json\/wp\/v2\/product_cat?post=8463"},{"taxonomy":"product_tag","embeddable":true,"href":"http:\/\/klubmamgdynia.pl\/index.php\/wp-json\/wp\/v2\/product_tag?post=8463"}],"curies":[{"name":"wp","href":"https:\/\/api.w.org\/{rel}","templated":true}]}}