{"id":8469,"date":"2023-07-28T04:47:56","date_gmt":"2023-07-28T02:47:56","guid":{"rendered":"http:\/\/klubmamgdynia.pl\/?post_type=product&#038;p=8469"},"modified":"2026-04-18T21:30:14","modified_gmt":"2026-04-18T19:30:14","slug":"mochtoys-pilki-pileczki-do-basenu-100-szt","status":"publish","type":"product","link":"http:\/\/klubmamgdynia.pl\/index.php\/produkt\/mochtoys-pilki-pileczki-do-basenu-100-szt\/","title":{"rendered":"Mochtoys PI\u0141KI PI\u0141ECZKI DO BASENU 100 SZT."},"content":{"rendered":"<p>Wysokiej jako\u015bci kolorowe plastikowe kulki do k\u0105cika lub basenu dla dzieci. Dzieci uwielbiaj\u0105 pi\u0142ki i baw si\u0119 z nimi!Dane techniczne:Ilo\u015b\u0107 sztuk w opakowaniu &#8211; 100\u015arednica jednej kuli &#8211; 6 cmOdpowiedni dla dzieci od 1 roku.Wymiary 1 zapakowanego towaru &#8211; 25 x 25 x 50 cm, waga brutto 0,4 kgZawarto\u015b\u0107 opakowania:1x plastikowe kulki<\/p>\n<h2>Mochtoys PI\u0141KI PI\u0141ECZKI DO BASENU 100 SZT. Mochtoys<\/h2>\n<p>quiz spos\u00f3b na alcybiadesa, na wyspach bergamutach tekst, dyplomy szablony pdf, tr\u00f3jmiasto atrakcje dla dzieci, menu na urodziny dziecka, kwiatek kwiaty do druku szablony, prezent dla nastolatk\u00f3w, \u017cyczenia na lany poniedzia\u0142ek wielkanocny, kawa\u0142y na prima aprilis dla rodzic\u00f3w, pies kolorowanka, wr\u00f3zby andrzejkowe dla dzieci, bajki do czytania dla niemowl\u0105t, znaczenie imiona kinga, kolorowanki do druku zwierz\u0119ta, test z lektury magiczne drzewo czerwone krzes\u0142o, kolorowe ciasto<\/p>\n<p>yyyyy<\/p>\n<p>&nbsp;<\/p>\n","protected":false},"excerpt":{"rendered":"<p>Wysokiej jako\u015bci kolorowe plastikowe kulki do k\u0105cika lub basenu dla dzieci. Dzieci uwielbiaj\u0105 pi\u0142ki i baw si\u0119 z nimi!Dane techniczne:Ilo\u015b\u0107 sztuk w opakowaniu &#8211; 100\u015arednica jednej kuli &#8211; 6 cmOdpowiedni dla dzieci od 1 roku.Wymiary 1 zapakowanego towaru &#8211; 25 x 25 x 50 cm, waga brutto 0,4 kgZawarto\u015b\u0107 opakowania:1x plastikowe kulki Mochtoys PI\u0141KI PI\u0141ECZKI [&hellip;]<\/p>\n","protected":false},"featured_media":8470,"comment_status":"closed","ping_status":"open","template":"","meta":[],"product_cat":[319,293],"product_tag":[825,676,722,612,632],"class_list":["post-8469","product","type-product","status-publish","has-post-thumbnail","hentry","product_cat-mochtoys","product_cat-pilki-dla-dzieci","product_tag-bajka-na-dobranoc-do-czytania","product_tag-bursztynek","product_tag-cytaty-o-przyjazni","product_tag-kolorowanki-do-druku","product_tag-warszawa-atrakcje-dla-mlodziezy"],"_links":{"self":[{"href":"http:\/\/klubmamgdynia.pl\/index.php\/wp-json\/wp\/v2\/product\/8469","targetHints":{"allow":["GET"]}}],"collection":[{"href":"http:\/\/klubmamgdynia.pl\/index.php\/wp-json\/wp\/v2\/product"}],"about":[{"href":"http:\/\/klubmamgdynia.pl\/index.php\/wp-json\/wp\/v2\/types\/product"}],"replies":[{"embeddable":true,"href":"http:\/\/klubmamgdynia.pl\/index.php\/wp-json\/wp\/v2\/comments?post=8469"}],"wp:featuredmedia":[{"embeddable":true,"href":"http:\/\/klubmamgdynia.pl\/index.php\/wp-json\/wp\/v2\/media\/8470"}],"wp:attachment":[{"href":"http:\/\/klubmamgdynia.pl\/index.php\/wp-json\/wp\/v2\/media?parent=8469"}],"wp:term":[{"taxonomy":"product_cat","embeddable":true,"href":"http:\/\/klubmamgdynia.pl\/index.php\/wp-json\/wp\/v2\/product_cat?post=8469"},{"taxonomy":"product_tag","embeddable":true,"href":"http:\/\/klubmamgdynia.pl\/index.php\/wp-json\/wp\/v2\/product_tag?post=8469"}],"curies":[{"name":"wp","href":"https:\/\/api.w.org\/{rel}","templated":true}]}}