{"id":8475,"date":"2021-08-07T11:53:56","date_gmt":"2021-08-07T09:53:56","guid":{"rendered":"http:\/\/klubmamgdynia.pl\/index.php\/produkt\/lean-toys-autobus-pietrowy-z-dzwiekiem-132-otwierane-drzwi-czerwony\/"},"modified":"2026-04-30T17:46:31","modified_gmt":"2026-04-30T15:46:31","slug":"lean-toys-autobus-pietrowy-z-dzwiekiem-132-otwierane-drzwi-czerwony","status":"publish","type":"product","link":"http:\/\/klubmamgdynia.pl\/index.php\/produkt\/lean-toys-autobus-pietrowy-z-dzwiekiem-132-otwierane-drzwi-czerwony\/","title":{"rendered":"Lean Toys Autobus Pi\u0119trowy z D\u017awi\u0119kiem 1:32 Otwierane Drzwi Czerwony"},"content":{"rendered":"<p>Autobus Pi\u0119trowy D\u017awi\u0119k 1:32 Otwierane Drzwi 7323<\/p>\n<h2>Lean Toys Autobus Pi\u0119trowy z D\u017awi\u0119kiem 1:32 Otwierane Drzwi Czerwony Lean Toys<\/h2>\n<p>rzadkie imiona japo\u0144skie, cytaty dla przyjaciela, aron imi\u0119, kolorowanki \u015bwi\u0105teczne do druku pdf<\/p>\n<p>yyyyy<\/p>\n<p>&nbsp;<\/p>\n","protected":false},"excerpt":{"rendered":"<p>Autobus Pi\u0119trowy D\u017awi\u0119k 1:32 Otwierane Drzwi 7323 Lean Toys Autobus Pi\u0119trowy z D\u017awi\u0119kiem 1:32 Otwierane Drzwi Czerwony Lean Toys rzadkie imiona japo\u0144skie, cytaty dla przyjaciela, aron imi\u0119, kolorowanki \u015bwi\u0105teczne do druku pdf yyyyy &nbsp;<\/p>\n","protected":false},"featured_media":8476,"comment_status":"closed","ping_status":"open","template":"","meta":[],"product_cat":[83,73],"product_tag":[603,657,866,643],"class_list":["post-8475","product","type-product","status-publish","has-post-thumbnail","hentry","product_cat-auta-i-inne-pojazdy-do-zabawy","product_cat-lean-toys","product_tag-bajki-do-czytania","product_tag-lol-kolorowanka","product_tag-opis-do-zdjecia-dziecka-na-fb","product_tag-prezent-dla-17-latki"],"_links":{"self":[{"href":"http:\/\/klubmamgdynia.pl\/index.php\/wp-json\/wp\/v2\/product\/8475","targetHints":{"allow":["GET"]}}],"collection":[{"href":"http:\/\/klubmamgdynia.pl\/index.php\/wp-json\/wp\/v2\/product"}],"about":[{"href":"http:\/\/klubmamgdynia.pl\/index.php\/wp-json\/wp\/v2\/types\/product"}],"replies":[{"embeddable":true,"href":"http:\/\/klubmamgdynia.pl\/index.php\/wp-json\/wp\/v2\/comments?post=8475"}],"wp:featuredmedia":[{"embeddable":true,"href":"http:\/\/klubmamgdynia.pl\/index.php\/wp-json\/wp\/v2\/media\/8476"}],"wp:attachment":[{"href":"http:\/\/klubmamgdynia.pl\/index.php\/wp-json\/wp\/v2\/media?parent=8475"}],"wp:term":[{"taxonomy":"product_cat","embeddable":true,"href":"http:\/\/klubmamgdynia.pl\/index.php\/wp-json\/wp\/v2\/product_cat?post=8475"},{"taxonomy":"product_tag","embeddable":true,"href":"http:\/\/klubmamgdynia.pl\/index.php\/wp-json\/wp\/v2\/product_tag?post=8475"}],"curies":[{"name":"wp","href":"https:\/\/api.w.org\/{rel}","templated":true}]}}