{"id":8481,"date":"2013-11-20T04:31:28","date_gmt":"2013-11-20T03:31:28","guid":{"rendered":"http:\/\/klubmamgdynia.pl\/index.php\/produkt\/pralka-amica-twac610dl\/"},"modified":"2026-04-30T14:08:25","modified_gmt":"2026-04-30T12:08:25","slug":"pralka-amica-twac610dl","status":"publish","type":"product","link":"http:\/\/klubmamgdynia.pl\/index.php\/produkt\/pralka-amica-twac610dl\/","title":{"rendered":"Pralka Amica TWAC610DL"},"content":{"rendered":"<h2>Pralka Amica TWAC610DL Amica<\/h2>\n<p>znaczenie imienia pola, dzie\u0144 nauczyciela cytaty, zagadki s\u0142owne, zagadki dla nastolatk\u00f3w, maski do druku kolorowe, maska misia do druku, kolorowanka anio\u0142ek, \u015bwi\u0119ty przemys\u0142aw, kalendarz adwentowy diy z rolek, ju\u017c blisko kol\u0119da tekst, test z narnii, bursztynek bursztynek, wroc\u0142aw atrakcje dla dzieci, najlepsze \u017carty na prima aprilis, quiz konie<\/p>\n<p>yyyyy<\/p>\n<p>&nbsp;<\/p>\n","protected":false},"excerpt":{"rendered":"<p>Pralka Amica TWAC610DL Amica znaczenie imienia pola, dzie\u0144 nauczyciela cytaty, zagadki s\u0142owne, zagadki dla nastolatk\u00f3w, maski do druku kolorowe, maska misia do druku, kolorowanka anio\u0142ek, \u015bwi\u0119ty przemys\u0142aw, kalendarz adwentowy diy z rolek, ju\u017c blisko kol\u0119da tekst, test z narnii, bursztynek bursztynek, wroc\u0142aw atrakcje dla dzieci, najlepsze \u017carty na prima aprilis, quiz konie yyyyy &nbsp;<\/p>\n","protected":false},"featured_media":8482,"comment_status":"closed","ping_status":"open","template":"","meta":[],"product_cat":[1721,1665],"product_tag":[670,851,652],"class_list":["post-8481","product","type-product","status-publish","has-post-thumbnail","hentry","product_cat-amica","product_cat-pralki","product_tag-irma","product_tag-jak-narysowac-kota","product_tag-otto"],"_links":{"self":[{"href":"http:\/\/klubmamgdynia.pl\/index.php\/wp-json\/wp\/v2\/product\/8481","targetHints":{"allow":["GET"]}}],"collection":[{"href":"http:\/\/klubmamgdynia.pl\/index.php\/wp-json\/wp\/v2\/product"}],"about":[{"href":"http:\/\/klubmamgdynia.pl\/index.php\/wp-json\/wp\/v2\/types\/product"}],"replies":[{"embeddable":true,"href":"http:\/\/klubmamgdynia.pl\/index.php\/wp-json\/wp\/v2\/comments?post=8481"}],"wp:featuredmedia":[{"embeddable":true,"href":"http:\/\/klubmamgdynia.pl\/index.php\/wp-json\/wp\/v2\/media\/8482"}],"wp:attachment":[{"href":"http:\/\/klubmamgdynia.pl\/index.php\/wp-json\/wp\/v2\/media?parent=8481"}],"wp:term":[{"taxonomy":"product_cat","embeddable":true,"href":"http:\/\/klubmamgdynia.pl\/index.php\/wp-json\/wp\/v2\/product_cat?post=8481"},{"taxonomy":"product_tag","embeddable":true,"href":"http:\/\/klubmamgdynia.pl\/index.php\/wp-json\/wp\/v2\/product_tag?post=8481"}],"curies":[{"name":"wp","href":"https:\/\/api.w.org\/{rel}","templated":true}]}}