{"id":8483,"date":"2018-11-11T21:03:26","date_gmt":"2018-11-11T20:03:26","guid":{"rendered":"http:\/\/klubmamgdynia.pl\/index.php\/produkt\/suszarka-do-grzybow-warzyw-i-owocow-mpm-msg-01\/"},"modified":"2026-04-29T18:10:17","modified_gmt":"2026-04-29T16:10:17","slug":"suszarka-do-grzybow-warzyw-i-owocow-mpm-msg-01","status":"publish","type":"product","link":"http:\/\/klubmamgdynia.pl\/index.php\/produkt\/suszarka-do-grzybow-warzyw-i-owocow-mpm-msg-01\/","title":{"rendered":"Suszarka do grzyb\u00f3w, warzyw i owoc\u00f3w MPM MSG-01"},"content":{"rendered":"<p>Suszarka spo\u017cywcza MSG-01Suszarka spo\u017cywcza MSG-01 to najlepszy spos\u00f3b na zachowanie cennych sk\u0142adnik\u00f3w od\u017cywczych zawartych w warzywach, owocach i zio\u0142ach. Zamie\u0144 gotowe, sklepowe produkty na pe\u0142ne zdrowia przek\u0105ski.                            <\/p>\n<p>Najszybsze suszenieSuszarka spo\u017cywcza MSG-01 wyposa\u017cona jest w pi\u0119\u0107 sit z mo\u017cliwo\u015bci\u0105 regulacji ich wysoko\u015bci. Pokr\u00f3j grzyby lub inne produkty w kawa\u0142ki o takiej wielko\u015bci, aby swobodnie zmie\u015bci\u0142y si\u0119 pomi\u0119dzy sitami. Nadmuch uruchamiany jest za pomoc\u0105 przycisku w g\u00f3rnej pokrywie.\u00a0Urz\u0105dzenie pracuje cicho i skutecznie, produkty suszone s\u0105 w warunkach zbli\u017conych do naturalnych: s\u0142onecznych i wietrznych. Spokojnie mo\u017cesz pozostawi\u0107 pracuj\u0105ce urz\u0105dzenie na noc &#8211; jest ca\u0142kowicie bezpieczne.                            <\/p>\n<p>Zdrowe przek\u0105skiW suszarce mo\u017cesz suszy\u0107 nie tylko grzyby. Wykorzystaj \u015bwie\u017ce owoce i warzywa, zio\u0142a, kwiaty i ciesz si\u0119 z ich naturalnych w\u0142asno\u015bci. Suszone zio\u0142a mog\u0105 pos\u0142u\u017cy\u0107 jako podstawa zdrowej, aromatycznej herbaty czy zamiennik sklepowych kostek warzywnych. Suszone owoce i warzywa to \u015bwietna alternatywa na zdrow\u0105 i s\u0142odk\u0105 przek\u0105sk\u0119 dla dzieci. Chipsy przygotowane w domowym zaciszu s\u0105 pozbawione konserwant\u00f3w i niezdrowych substancji s\u0142odz\u0105cych. Dodaj\u0105 energii i przede wszystkim dostarczaj\u0105 cennych mikroelement\u00f3w oraz witamin.<\/p>\n<h2>Suszarka do grzyb\u00f3w, warzyw i owoc\u00f3w MPM MSG-01 MPM<\/h2>\n<p>zagadki dla 8 latka, po\u0142\u0105cz kropki do wydruku pdf, zagadki o zimie, na roczek dla ch\u0142opca, szlaczki do druku, ko\u0142ysanki tekst, szablony do wyklejania plastelin\u0105, pomys\u0142y na pakowanie prezent\u00f3w, quiz o usa, sentencje o przyja\u017ani, quizy geograficzne, prezenty urodzinowe dla nastolatk\u00f3w, laura, jaki prezent na roczek dla dziewczynki, kr\u00f3tkie bajki na dobranoc do czytania, z\u0142ote my\u015bli pedagogiczne, przyja\u017a\u0144, wiersze o wio\u015bnie jana brzechwy<\/p>\n<p>yyyyy<\/p>\n<p>&nbsp;<\/p>\n","protected":false},"excerpt":{"rendered":"<p>Suszarka spo\u017cywcza MSG-01Suszarka spo\u017cywcza MSG-01 to najlepszy spos\u00f3b na zachowanie cennych sk\u0142adnik\u00f3w od\u017cywczych zawartych w warzywach, owocach i zio\u0142ach. Zamie\u0144 gotowe, sklepowe produkty na pe\u0142ne zdrowia przek\u0105ski. Najszybsze suszenieSuszarka spo\u017cywcza MSG-01 wyposa\u017cona jest w pi\u0119\u0107 sit z mo\u017cliwo\u015bci\u0105 regulacji ich wysoko\u015bci. Pokr\u00f3j grzyby lub inne produkty w kawa\u0142ki o takiej wielko\u015bci, aby swobodnie zmie\u015bci\u0142y si\u0119 [&hellip;]<\/p>\n","protected":false},"featured_media":8484,"comment_status":"closed","ping_status":"open","template":"","meta":[],"product_cat":[1676,1722],"product_tag":[700,750,768,783],"class_list":["post-8483","product","type-product","status-publish","has-post-thumbnail","hentry","product_cat-mpm","product_cat-suszarki-do-warzyw-i-owocow","product_tag-bajki-do-czytania-dla-dzieci","product_tag-imie-kostek","product_tag-krotkie-zagadki-logiczne","product_tag-prezenty-na-roczek-dla-chlopca"],"_links":{"self":[{"href":"http:\/\/klubmamgdynia.pl\/index.php\/wp-json\/wp\/v2\/product\/8483","targetHints":{"allow":["GET"]}}],"collection":[{"href":"http:\/\/klubmamgdynia.pl\/index.php\/wp-json\/wp\/v2\/product"}],"about":[{"href":"http:\/\/klubmamgdynia.pl\/index.php\/wp-json\/wp\/v2\/types\/product"}],"replies":[{"embeddable":true,"href":"http:\/\/klubmamgdynia.pl\/index.php\/wp-json\/wp\/v2\/comments?post=8483"}],"wp:featuredmedia":[{"embeddable":true,"href":"http:\/\/klubmamgdynia.pl\/index.php\/wp-json\/wp\/v2\/media\/8484"}],"wp:attachment":[{"href":"http:\/\/klubmamgdynia.pl\/index.php\/wp-json\/wp\/v2\/media?parent=8483"}],"wp:term":[{"taxonomy":"product_cat","embeddable":true,"href":"http:\/\/klubmamgdynia.pl\/index.php\/wp-json\/wp\/v2\/product_cat?post=8483"},{"taxonomy":"product_tag","embeddable":true,"href":"http:\/\/klubmamgdynia.pl\/index.php\/wp-json\/wp\/v2\/product_tag?post=8483"}],"curies":[{"name":"wp","href":"https:\/\/api.w.org\/{rel}","templated":true}]}}