{"id":8485,"date":"2019-06-01T09:41:00","date_gmt":"2019-06-01T07:41:00","guid":{"rendered":"http:\/\/klubmamgdynia.pl\/index.php\/produkt\/generator-pary-tefal-express-power-sv8062\/"},"modified":"2026-04-08T13:05:14","modified_gmt":"2026-04-08T11:05:14","slug":"generator-pary-tefal-express-power-sv8062","status":"publish","type":"product","link":"http:\/\/klubmamgdynia.pl\/index.php\/produkt\/generator-pary-tefal-express-power-sv8062\/","title":{"rendered":"Generator pary Tefal Express Power SV8062"},"content":{"rendered":"<p>Poznaj nowy spos\u00f3b prasowania                            <\/p>\n<p>Prasuj pe\u0142n\u0105 par\u0105<br \/>\nTo mo\u017cliwe z generatorem, kt\u00f3ry wytwarza strumie\u0144 pary do 130 g\/min (do 3 razy wi\u0119cej ni\u017c tradycyjne \u017celazko) i pod ci\u015bnieniem 6,8 bara. Dodatkowy wyrzut pary o mocy do 450 g\/min sprawia, \u017ce wszystko staje si\u0119 proste, nawet najmocniejsze zagniecenia.                            <\/p>\n<p>Usuwanie kamienia<br \/>\nPomo\u017ce w tym wyjmowalna szufladka Calc Collector, w kt\u00f3rej gromadzi si\u0119 kamie\u0144. Dzi\u0119ki niej \u0142atwo usuniesz kamienny osad, a urz\u0105dzenie pos\u0142u\u017cy Ci przez d\u0142ugie lata, zachowuj\u0105c silny wyrzut pary.                            <\/p>\n<p>Bez ryzyka przypalenia<br \/>\nPrasuj bez konieczno\u015bci regulacji. Urz\u0105dzenie zapewnia idealn\u0105 kombinacj\u0119 temperatury i wyrzutu pary, zapewniaj\u0105c bezpieczne prasowanie ka\u017cdego rodzaju tkaniny.                             <\/p>\n<p>Idealny \u015blizg po tkaninie<br \/>\nPow\u0142oka stopy Durilium AirGlide sprawi, \u017ce \u017celazko z \u0142atwo\u015bci\u0105 \u015blizga si\u0119 po tkaninie. Prowadzenie \u017celazka jest \u0142atwe i przyjemne, wydobycie pary optymalne, a Ty masz pewno\u015b\u0107, \u017ce prasowanie p\u00f3jdzie g\u0142adko.                            <\/p>\n<p>Bezpiecze\u0144stwo przede wszystkim<br \/>\nBlokada LOCK SYSTEM zapewnia bezpiecze\u0144stwo i wygod\u0119 w trakcie przenoszenia oraz przechowywania \u017celazka, a wyjmowalny zbiornik na wod\u0119 pozwoli uzupe\u0142ni\u0107 poziom wody w trakcie prasowania.                            <\/p>\n<p>1.\u00a0<br \/>\n3x silniejszy wyrzut pary<br \/>\n\u00a0 \u00a0 \u00a0w por\u00f3wnaniu do tradycyjnego \u017celazka<br \/>\n2.\u00a0Do 2x szybsze prasowanie<br \/>\n\u00a0 \u00a0 \u00a0w por\u00f3wnaniu do tradycyjnego \u017celazka<br \/>\n3.\u00a0Prasowanie zar\u00f3wno w pionie jak i poziomie<br \/>\n4.\u00a0Mniejsza waga \u017celazka<br \/>\n\u00a0 \u00a0 \u00a0Pojemnik z wod\u0105 umieszczony w bazie urz\u0105dzenia<br \/>\n5.\u00a0Do 2h prasowania<br \/>\n\u00a0 \u00a0 \u00a0bez uzupe\u0142niania pojemnika na wod\u0119                            <\/p>\n<p>Uznana i potwierdzona niezawodno\u015b\u0107                            <\/p>\n<p>TEFAL zobowi\u0105zuje si\u0119 utrzymywa\u0107 wszystkie cz\u0119\u015bci zapasowe<br \/>\ndo prawie wszystkich produkt\u00f3w \u015brednio przez 10 lat po zakupie.<\/p>\n<h2>Generator pary Tefal Express Power SV8062 Tefal<\/h2>\n<p>kolorowanki do druku konie, g\u0142upie zagadki, wroc\u0142aw dla dzieci, spongebob kolorowanka, miastodzieci, podchwytliwe zagadki z odpowiedziami, dyplomy do wydrukowania a4, zagadki logiczne matematyczne dla dzieci, pomys\u0142 na prima aprilis, z\u0142ote my\u015bli kr\u00f3tkie, zabawy tematyczne przyk\u0142ady, zagadki na logiczne my\u015blenie<\/p>\n<p>yyyyy<\/p>\n<p>&nbsp;<\/p>\n","protected":false},"excerpt":{"rendered":"<p>Poznaj nowy spos\u00f3b prasowania Prasuj pe\u0142n\u0105 par\u0105 To mo\u017cliwe z generatorem, kt\u00f3ry wytwarza strumie\u0144 pary do 130 g\/min (do 3 razy wi\u0119cej ni\u017c tradycyjne \u017celazko) i pod ci\u015bnieniem 6,8 bara. Dodatkowy wyrzut pary o mocy do 450 g\/min sprawia, \u017ce wszystko staje si\u0119 proste, nawet najmocniejsze zagniecenia. Usuwanie kamienia Pomo\u017ce w tym wyjmowalna szufladka Calc [&hellip;]<\/p>\n","protected":false},"featured_media":8486,"comment_status":"closed","ping_status":"open","template":"","meta":[],"product_cat":[1320,1340],"product_tag":[716,639,732],"class_list":["post-8485","product","type-product","status-publish","has-post-thumbnail","hentry","product_cat-stacje-parowe","product_cat-tefal","product_tag-filmy-animowane-o-swietach","product_tag-nela-imie","product_tag-prezent-dla-rocznego-chlopca"],"_links":{"self":[{"href":"http:\/\/klubmamgdynia.pl\/index.php\/wp-json\/wp\/v2\/product\/8485","targetHints":{"allow":["GET"]}}],"collection":[{"href":"http:\/\/klubmamgdynia.pl\/index.php\/wp-json\/wp\/v2\/product"}],"about":[{"href":"http:\/\/klubmamgdynia.pl\/index.php\/wp-json\/wp\/v2\/types\/product"}],"replies":[{"embeddable":true,"href":"http:\/\/klubmamgdynia.pl\/index.php\/wp-json\/wp\/v2\/comments?post=8485"}],"wp:featuredmedia":[{"embeddable":true,"href":"http:\/\/klubmamgdynia.pl\/index.php\/wp-json\/wp\/v2\/media\/8486"}],"wp:attachment":[{"href":"http:\/\/klubmamgdynia.pl\/index.php\/wp-json\/wp\/v2\/media?parent=8485"}],"wp:term":[{"taxonomy":"product_cat","embeddable":true,"href":"http:\/\/klubmamgdynia.pl\/index.php\/wp-json\/wp\/v2\/product_cat?post=8485"},{"taxonomy":"product_tag","embeddable":true,"href":"http:\/\/klubmamgdynia.pl\/index.php\/wp-json\/wp\/v2\/product_tag?post=8485"}],"curies":[{"name":"wp","href":"https:\/\/api.w.org\/{rel}","templated":true}]}}