{"id":8487,"date":"2012-05-09T21:20:19","date_gmt":"2012-05-09T19:20:19","guid":{"rendered":"http:\/\/klubmamgdynia.pl\/index.php\/produkt\/mochtoys-garaz-5-poziomow-12012\/"},"modified":"2026-05-17T23:30:40","modified_gmt":"2026-05-17T21:30:40","slug":"mochtoys-garaz-5-poziomow-12012","status":"publish","type":"product","link":"http:\/\/klubmamgdynia.pl\/index.php\/produkt\/mochtoys-garaz-5-poziomow-12012\/","title":{"rendered":"Mochtoys Gara\u017c 5 poziom\u00f3w 12012"},"content":{"rendered":"<p>Mochtoys 12012 Gara\u017c 5-poziomowyPi\u0119cio-poziomowy parking z wind\u0105.Przeznaczony dla dzieci od 3 roku \u017cycia.<\/p>\n<h2>Mochtoys Gara\u017c 5 poziom\u00f3w 12012 Mochtoys<\/h2>\n<p>prezent dla ch\u0142opca na roczek, testy z lektury miko\u0142ajek, bajki dla dzieci online, bardzo trudne zagadki, quizy i zagadki wielkanocne, paloma, gry z pi\u0142k\u0105, jak narysowa\u0107, maski superbohater\u00f3w do wydrukowania, najrzadsze imiona w polsce, ma\u0142y ksi\u0105\u017ce cytaty o przyja\u017ani, \u015bwinka peppa kolorowanka do druku, prezent dla 13 latki na \u015bwi\u0119ta, prezent na roczek, zagadki na inteligencj\u0119, quiz o tajemniczym ogrodzie<\/p>\n<p>yyyyy<\/p>\n<p>&nbsp;<\/p>\n","protected":false},"excerpt":{"rendered":"<p>Mochtoys 12012 Gara\u017c 5-poziomowyPi\u0119cio-poziomowy parking z wind\u0105.Przeznaczony dla dzieci od 3 roku \u017cycia. Mochtoys Gara\u017c 5 poziom\u00f3w 12012 Mochtoys prezent dla ch\u0142opca na roczek, testy z lektury miko\u0142ajek, bajki dla dzieci online, bardzo trudne zagadki, quizy i zagadki wielkanocne, paloma, gry z pi\u0142k\u0105, jak narysowa\u0107, maski superbohater\u00f3w do wydrukowania, najrzadsze imiona w polsce, ma\u0142y ksi\u0105\u017ce [&hellip;]<\/p>\n","protected":false},"featured_media":8488,"comment_status":"closed","ping_status":"open","template":"","meta":[],"product_cat":[319,141],"product_tag":[754,851,585,858,857,849,712],"class_list":["post-8487","product","type-product","status-publish","has-post-thumbnail","hentry","product_cat-mochtoys","product_cat-parkingi-garaze-i-tory-wyscigowe","product_tag-dyplomy-do-wydrukowania-a4","product_tag-jak-narysowac-kota","product_tag-kolorowanki-dla-chlopcow","product_tag-podchwytliwe-zagadki","product_tag-zagadki-dla-dzieci-7-8-lat","product_tag-zagadki-matematyczne-dla-dzieci","product_tag-zagadki-o-zwierzetach"],"_links":{"self":[{"href":"http:\/\/klubmamgdynia.pl\/index.php\/wp-json\/wp\/v2\/product\/8487","targetHints":{"allow":["GET"]}}],"collection":[{"href":"http:\/\/klubmamgdynia.pl\/index.php\/wp-json\/wp\/v2\/product"}],"about":[{"href":"http:\/\/klubmamgdynia.pl\/index.php\/wp-json\/wp\/v2\/types\/product"}],"replies":[{"embeddable":true,"href":"http:\/\/klubmamgdynia.pl\/index.php\/wp-json\/wp\/v2\/comments?post=8487"}],"wp:featuredmedia":[{"embeddable":true,"href":"http:\/\/klubmamgdynia.pl\/index.php\/wp-json\/wp\/v2\/media\/8488"}],"wp:attachment":[{"href":"http:\/\/klubmamgdynia.pl\/index.php\/wp-json\/wp\/v2\/media?parent=8487"}],"wp:term":[{"taxonomy":"product_cat","embeddable":true,"href":"http:\/\/klubmamgdynia.pl\/index.php\/wp-json\/wp\/v2\/product_cat?post=8487"},{"taxonomy":"product_tag","embeddable":true,"href":"http:\/\/klubmamgdynia.pl\/index.php\/wp-json\/wp\/v2\/product_tag?post=8487"}],"curies":[{"name":"wp","href":"https:\/\/api.w.org\/{rel}","templated":true}]}}