{"id":8489,"date":"2016-06-23T08:31:33","date_gmt":"2016-06-23T06:31:33","guid":{"rendered":"http:\/\/klubmamgdynia.pl\/index.php\/produkt\/granna-koontz-rozbujany-pingwin-00166\/"},"modified":"2026-04-03T17:32:38","modified_gmt":"2026-04-03T15:32:38","slug":"granna-koontz-rozbujany-pingwin-00166","status":"publish","type":"product","link":"http:\/\/klubmamgdynia.pl\/index.php\/produkt\/granna-koontz-rozbujany-pingwin-00166\/","title":{"rendered":"Granna Koontz Rozbujany Pingwin 00166"},"content":{"rendered":"<p>Podczas chodzenia nie zwracamy uwagi na utrzymywanie r\u00f3wnowagi. Ale gdy pr\u00f3bujemy d\u0142ugo sta\u0107 na jednej nodze, to wtedy to zadanie wcale nie jest takie proste. Przyjrzyj si\u0119 dok\u0142adnie swojemu pingwinowi-zabawce. Czy umiesz utrzyma\u0107 go w pionie? Odkryj, dlaczego pingwin si\u0119 nie przewraca. Prawdziwa wiedza to znajomo\u015b\u0107 przyczyn. Koontz to iskrz\u0105ce pomys\u0142ami spotkanie nauki i \u017cycia codziennego. Projektujemy innowacyjne zabawki, by nie\u015b\u0107 rado\u015b\u0107 dzieciom i zachwyca\u0107 rodzic\u00f3w. Odkrywaj \u015bwiat nauki z Koontz! Uwaga: do gry do\u0142\u0105czono broszur\u0119 zawieraj\u0105c\u0105 instrukcj\u0119 monta\u017cu i propozycje zabaw.wiek: 5+<\/p>\n<h2>Granna Koontz Rozbujany Pingwin 00166 Granna<\/h2>\n<p>maska do druku, dalia imi\u0119, test ch\u0142opcy z placu broni klasa 5, iwo imi\u0119, zagadki o zawodach, warsztaty dla dzieci warszawa, kryspinow, lato lato lato czeka tekst, zagadki o bo\u017cym narodzeniu, imi\u0119 r\u00f3\u017ca, mira imi\u0119, karty pracy polsko ukrai\u0144skie, aneta, zagadki co to jest, jak narysowac kota, zagadki dla przedszkolak\u00f3w<\/p>\n<p>yyyyy<\/p>\n<p>&nbsp;<\/p>\n","protected":false},"excerpt":{"rendered":"<p>Podczas chodzenia nie zwracamy uwagi na utrzymywanie r\u00f3wnowagi. Ale gdy pr\u00f3bujemy d\u0142ugo sta\u0107 na jednej nodze, to wtedy to zadanie wcale nie jest takie proste. Przyjrzyj si\u0119 dok\u0142adnie swojemu pingwinowi-zabawce. Czy umiesz utrzyma\u0107 go w pionie? Odkryj, dlaczego pingwin si\u0119 nie przewraca. Prawdziwa wiedza to znajomo\u015b\u0107 przyczyn. Koontz to iskrz\u0105ce pomys\u0142ami spotkanie nauki i \u017cycia [&hellip;]<\/p>\n","protected":false},"featured_media":8490,"comment_status":"closed","ping_status":"open","template":"","meta":[],"product_cat":[430,537],"product_tag":[833,705,675,595,581,715],"class_list":["post-8489","product","type-product","status-publish","has-post-thumbnail","hentry","product_cat-granna","product_cat-pozostale-zabawki-edukacyjne","product_tag-bajki-dla-dzieci-do-czytania","product_tag-prezent-na-roczek-dla-chlopca","product_tag-test-z-lektury-kajko-i-kokosz-szkola-latania","product_tag-zagadki-dla-6-latka","product_tag-zagadki-dla-8-latka","product_tag-zosia-samosia"],"_links":{"self":[{"href":"http:\/\/klubmamgdynia.pl\/index.php\/wp-json\/wp\/v2\/product\/8489","targetHints":{"allow":["GET"]}}],"collection":[{"href":"http:\/\/klubmamgdynia.pl\/index.php\/wp-json\/wp\/v2\/product"}],"about":[{"href":"http:\/\/klubmamgdynia.pl\/index.php\/wp-json\/wp\/v2\/types\/product"}],"replies":[{"embeddable":true,"href":"http:\/\/klubmamgdynia.pl\/index.php\/wp-json\/wp\/v2\/comments?post=8489"}],"wp:featuredmedia":[{"embeddable":true,"href":"http:\/\/klubmamgdynia.pl\/index.php\/wp-json\/wp\/v2\/media\/8490"}],"wp:attachment":[{"href":"http:\/\/klubmamgdynia.pl\/index.php\/wp-json\/wp\/v2\/media?parent=8489"}],"wp:term":[{"taxonomy":"product_cat","embeddable":true,"href":"http:\/\/klubmamgdynia.pl\/index.php\/wp-json\/wp\/v2\/product_cat?post=8489"},{"taxonomy":"product_tag","embeddable":true,"href":"http:\/\/klubmamgdynia.pl\/index.php\/wp-json\/wp\/v2\/product_tag?post=8489"}],"curies":[{"name":"wp","href":"https:\/\/api.w.org\/{rel}","templated":true}]}}