{"id":8491,"date":"2012-09-27T05:46:12","date_gmt":"2012-09-27T03:46:12","guid":{"rendered":"http:\/\/klubmamgdynia.pl\/index.php\/produkt\/lucznik-tk-2019\/"},"modified":"2026-04-23T07:52:04","modified_gmt":"2026-04-23T05:52:04","slug":"lucznik-tk-2019","status":"publish","type":"product","link":"http:\/\/klubmamgdynia.pl\/index.php\/produkt\/lucznik-tk-2019\/","title":{"rendered":"\u0141UCZNIK TK-2019"},"content":{"rendered":"<p>\u0141UCZNIK TK-2019                            <\/p>\n<p>Kompaktowy i miniaturowy czajnik turystyczny firmy \u0141ucznik o mocy 650 W i pojemno\u015bci 0.5 litra. Czajnik TK 2019 jest niezwykle praktyczny podczas wyjazdu na camping, biwak czy pielgrzymk\u0119. Sprz\u0119t jest tak niewielki, \u017ce jego podstawa mie\u015bci si\u0119 w d\u0142oni i co najwa\u017cniejsze podstawa jest wbudowana, co u\u0142atwi transport. W zestawie opr\u00f3cz czajnika TK 2019 znajduj\u0105 si\u0119 2 plastikowe kubki, odporne na temperatur\u0119.<\/p>\n<h2>\u0141UCZNIK TK-2019 \u0141ucznik<\/h2>\n<p>liwia imi\u0119, atrakcje dla dzieci krak\u00f3w, kolorowanka kotki do druku, miko\u0142ajek quiz, co oznacza jordan, wiosenne zagadki<\/p>\n<p>yyyyy<\/p>\n<p>&nbsp;<\/p>\n","protected":false},"excerpt":{"rendered":"<p>\u0141UCZNIK TK-2019 Kompaktowy i miniaturowy czajnik turystyczny firmy \u0141ucznik o mocy 650 W i pojemno\u015bci 0.5 litra. Czajnik TK 2019 jest niezwykle praktyczny podczas wyjazdu na camping, biwak czy pielgrzymk\u0119. Sprz\u0119t jest tak niewielki, \u017ce jego podstawa mie\u015bci si\u0119 w d\u0142oni i co najwa\u017cniejsze podstawa jest wbudowana, co u\u0142atwi transport. W zestawie opr\u00f3cz czajnika TK [&hellip;]<\/p>\n","protected":false},"featured_media":8492,"comment_status":"closed","ping_status":"open","template":"","meta":[],"product_cat":[1278,1723],"product_tag":[687,806,587,788],"class_list":["post-8491","product","type-product","status-publish","has-post-thumbnail","hentry","product_cat-czajniki-elektryczne","product_cat-lucznik","product_tag-podchwytliwe-zagadki-matematyczne","product_tag-prezent-dla-dziecka-na-roczek","product_tag-skalne-miasto","product_tag-zagadki-krotkie"],"_links":{"self":[{"href":"http:\/\/klubmamgdynia.pl\/index.php\/wp-json\/wp\/v2\/product\/8491","targetHints":{"allow":["GET"]}}],"collection":[{"href":"http:\/\/klubmamgdynia.pl\/index.php\/wp-json\/wp\/v2\/product"}],"about":[{"href":"http:\/\/klubmamgdynia.pl\/index.php\/wp-json\/wp\/v2\/types\/product"}],"replies":[{"embeddable":true,"href":"http:\/\/klubmamgdynia.pl\/index.php\/wp-json\/wp\/v2\/comments?post=8491"}],"wp:featuredmedia":[{"embeddable":true,"href":"http:\/\/klubmamgdynia.pl\/index.php\/wp-json\/wp\/v2\/media\/8492"}],"wp:attachment":[{"href":"http:\/\/klubmamgdynia.pl\/index.php\/wp-json\/wp\/v2\/media?parent=8491"}],"wp:term":[{"taxonomy":"product_cat","embeddable":true,"href":"http:\/\/klubmamgdynia.pl\/index.php\/wp-json\/wp\/v2\/product_cat?post=8491"},{"taxonomy":"product_tag","embeddable":true,"href":"http:\/\/klubmamgdynia.pl\/index.php\/wp-json\/wp\/v2\/product_tag?post=8491"}],"curies":[{"name":"wp","href":"https:\/\/api.w.org\/{rel}","templated":true}]}}