{"id":8493,"date":"2013-03-18T01:54:17","date_gmt":"2013-03-18T00:54:17","guid":{"rendered":"http:\/\/klubmamgdynia.pl\/index.php\/produkt\/mochtoys-duza-pomaranczowa-wywrotka\/"},"modified":"2026-04-29T10:00:22","modified_gmt":"2026-04-29T08:00:22","slug":"mochtoys-duza-pomaranczowa-wywrotka","status":"publish","type":"product","link":"http:\/\/klubmamgdynia.pl\/index.php\/produkt\/mochtoys-duza-pomaranczowa-wywrotka\/","title":{"rendered":"Mochtoys Du\u017ca Pomara\u0144czowa Wywrotka"},"content":{"rendered":"<p>Mochtoys 11128 Du\u017ca wywrotka pomara\u0144czowaWywrotka z pomara\u0144czow\u0105 kabina kierowcy i naczep\u0105.Przeznaczona dla dzieci od 1 roku \u017cycia.<\/p>\n<h2>Mochtoys Du\u017ca Pomara\u0144czowa Wywrotka Mochtoys<\/h2>\n<p>prezent dla ch\u0142opca 7 lat, zaproszenie na urodziny do druku, co kupic na roczek, szlaczki dla dzieci, mi\u0142o\u015b\u0107 matki do dziecka cytaty, asiunia &#8211; test z lektury pdf, elzbieta imie, zagadki wielkanocne dla dzieci, trudne zagadki z odpowiedziami<\/p>\n<p>yyyyy<\/p>\n<p>&nbsp;<\/p>\n","protected":false},"excerpt":{"rendered":"<p>Mochtoys 11128 Du\u017ca wywrotka pomara\u0144czowaWywrotka z pomara\u0144czow\u0105 kabina kierowcy i naczep\u0105.Przeznaczona dla dzieci od 1 roku \u017cycia. Mochtoys Du\u017ca Pomara\u0144czowa Wywrotka Mochtoys prezent dla ch\u0142opca 7 lat, zaproszenie na urodziny do druku, co kupic na roczek, szlaczki dla dzieci, mi\u0142o\u015b\u0107 matki do dziecka cytaty, asiunia &#8211; test z lektury pdf, elzbieta imie, zagadki wielkanocne dla [&hellip;]<\/p>\n","protected":false},"featured_media":8494,"comment_status":"closed","ping_status":"open","template":"","meta":[],"product_cat":[83,319],"product_tag":[691,789,599,647,849],"class_list":["post-8493","product","type-product","status-publish","has-post-thumbnail","hentry","product_cat-auta-i-inne-pojazdy-do-zabawy","product_cat-mochtoys","product_tag-gabriel","product_tag-kaczuszka","product_tag-prezent-dla-nastolatkow-2021","product_tag-warszawa-z-dzieckiem","product_tag-zagadki-matematyczne-dla-dzieci"],"_links":{"self":[{"href":"http:\/\/klubmamgdynia.pl\/index.php\/wp-json\/wp\/v2\/product\/8493","targetHints":{"allow":["GET"]}}],"collection":[{"href":"http:\/\/klubmamgdynia.pl\/index.php\/wp-json\/wp\/v2\/product"}],"about":[{"href":"http:\/\/klubmamgdynia.pl\/index.php\/wp-json\/wp\/v2\/types\/product"}],"replies":[{"embeddable":true,"href":"http:\/\/klubmamgdynia.pl\/index.php\/wp-json\/wp\/v2\/comments?post=8493"}],"wp:featuredmedia":[{"embeddable":true,"href":"http:\/\/klubmamgdynia.pl\/index.php\/wp-json\/wp\/v2\/media\/8494"}],"wp:attachment":[{"href":"http:\/\/klubmamgdynia.pl\/index.php\/wp-json\/wp\/v2\/media?parent=8493"}],"wp:term":[{"taxonomy":"product_cat","embeddable":true,"href":"http:\/\/klubmamgdynia.pl\/index.php\/wp-json\/wp\/v2\/product_cat?post=8493"},{"taxonomy":"product_tag","embeddable":true,"href":"http:\/\/klubmamgdynia.pl\/index.php\/wp-json\/wp\/v2\/product_tag?post=8493"}],"curies":[{"name":"wp","href":"https:\/\/api.w.org\/{rel}","templated":true}]}}