{"id":8495,"date":"2025-03-03T23:15:46","date_gmt":"2025-03-03T22:15:46","guid":{"rendered":"http:\/\/klubmamgdynia.pl\/?post_type=product&#038;p=8495"},"modified":"2026-04-12T12:22:28","modified_gmt":"2026-04-12T10:22:28","slug":"siku-ciezarowka-z-platforma-koparka-s1847","status":"publish","type":"product","link":"http:\/\/klubmamgdynia.pl\/index.php\/produkt\/siku-ciezarowka-z-platforma-koparka-s1847\/","title":{"rendered":"Siku Ci\u0119\u017car\u00f3wka Z Platform\u0105 Koparka S1847"},"content":{"rendered":"<p>Siku to niemiecka firma znana na ca\u0142ym \u015bwiecie z produkcji \u015bwietnej jako\u015bci metalowych modeli pojazd\u00f3w w r\u00f3\u017cnych skalach. W ofercie mo\u017cna znale\u017a\u0107 nie tylko malutkie maszyny w skali 1:87, ale r\u00f3wnie\u017c ca\u0142kiem du\u017ce zabawki w skali 1:32. Pojazdy niejednokrotnie posiadaj\u0105 ruchome cz\u0119\u015bci, pozwalaj\u0105ce na bardzo realistyczn\u0105 zabaw\u0119. Dziecko znajdzie tu autka z otwieranymi drzwiami, d\u017awigi z obracanymi wysi\u0119gnikami, czy koparki z ruchomymi ramionami. Du\u017ca cz\u0119\u015b\u0107 pojazd\u00f3w wyposa\u017cona zosta\u0142a w hak, pozwalaj\u0105cy na pod\u0142\u0105czenie r\u00f3\u017cnych akcesori\u00f3w, typu przyczepy, czy maszyny rolnicze, r\u00f3wnie\u017c znajduj\u0105ce si\u0119 w ofercie producenta. Modele Siku \u015bwietnie sprawdz\u0105 si\u0119 jako klasyczne zabawki, lub elementy kolekcji dla pasjonat\u00f3w motoryzacji.Model ci\u0119\u017car\u00f3wki wykonany z metalowych i plastikowych cz\u0119\u015bci w skali 1:87 z zachowaniem szczeg\u00f3\u0142\u00f3w pojazdu rzeczywistego, wyposa\u017cony w rozk\u0142adan\u0105 lawet\u0119 dostosowan\u0105 do przewozu koparki. Stabilna konstrukcja i gumowe ko\u0142a zapewniaj\u0105 swobodny i bezpieczny przew\u00f3z do\u0142\u0105czonej do zestawu koparki g\u0105sienicowej, wyposa\u017conej w ruchome elementy umo\u017cliwiaj\u0105ce nabieranie i przewo\u017cenie drobnych przedmiot\u00f3w.<\/p>\n<h2>Siku Ci\u0119\u017car\u00f3wka Z Platform\u0105 Koparka S1847 Siku<\/h2>\n<p>quiz dla dzieci, sentencje o dzieciach, domki z rolek po papierze toaletowym, adriana imi\u0119, kolorowanki uk\u0142ad s\u0142oneczny, ma\u0142y ksi\u0105\u017c\u0119 cytaty o mi\u0142o\u015bci, tupu tup po \u015bniegu tekst, kolorowanka do wydruku, cytat dla mamy, zagadka matematyczna, malowanki, zagadki wielkanocne dla doros\u0142ych, p\u0142atki \u015bniegu szablon<\/p>\n<p>yyyyy<\/p>\n<p>&nbsp;<\/p>\n","protected":false},"excerpt":{"rendered":"<p>Siku to niemiecka firma znana na ca\u0142ym \u015bwiecie z produkcji \u015bwietnej jako\u015bci metalowych modeli pojazd\u00f3w w r\u00f3\u017cnych skalach. W ofercie mo\u017cna znale\u017a\u0107 nie tylko malutkie maszyny w skali 1:87, ale r\u00f3wnie\u017c ca\u0142kiem du\u017ce zabawki w skali 1:32. Pojazdy niejednokrotnie posiadaj\u0105 ruchome cz\u0119\u015bci, pozwalaj\u0105ce na bardzo realistyczn\u0105 zabaw\u0119. Dziecko znajdzie tu autka z otwieranymi drzwiami, d\u017awigi [&hellip;]<\/p>\n","protected":false},"featured_media":8496,"comment_status":"closed","ping_status":"open","template":"","meta":[],"product_cat":[83,300],"product_tag":[864,650,702,819,706,773],"class_list":["post-8495","product","type-product","status-publish","has-post-thumbnail","hentry","product_cat-auta-i-inne-pojazdy-do-zabawy","product_cat-siku","product_tag-basen-warszawa","product_tag-choinka-z-bibuly","product_tag-co-kupic-na-roczek-dla-dziewczynki","product_tag-co-kupic-nastolatce-na-swieta","product_tag-imie-kuba","product_tag-test-z-lektury-opowiesci-z-narnii-lew-czarownica-i-stara-szafa"],"_links":{"self":[{"href":"http:\/\/klubmamgdynia.pl\/index.php\/wp-json\/wp\/v2\/product\/8495","targetHints":{"allow":["GET"]}}],"collection":[{"href":"http:\/\/klubmamgdynia.pl\/index.php\/wp-json\/wp\/v2\/product"}],"about":[{"href":"http:\/\/klubmamgdynia.pl\/index.php\/wp-json\/wp\/v2\/types\/product"}],"replies":[{"embeddable":true,"href":"http:\/\/klubmamgdynia.pl\/index.php\/wp-json\/wp\/v2\/comments?post=8495"}],"wp:featuredmedia":[{"embeddable":true,"href":"http:\/\/klubmamgdynia.pl\/index.php\/wp-json\/wp\/v2\/media\/8496"}],"wp:attachment":[{"href":"http:\/\/klubmamgdynia.pl\/index.php\/wp-json\/wp\/v2\/media?parent=8495"}],"wp:term":[{"taxonomy":"product_cat","embeddable":true,"href":"http:\/\/klubmamgdynia.pl\/index.php\/wp-json\/wp\/v2\/product_cat?post=8495"},{"taxonomy":"product_tag","embeddable":true,"href":"http:\/\/klubmamgdynia.pl\/index.php\/wp-json\/wp\/v2\/product_tag?post=8495"}],"curies":[{"name":"wp","href":"https:\/\/api.w.org\/{rel}","templated":true}]}}