{"id":8499,"date":"2011-01-08T04:29:58","date_gmt":"2011-01-08T03:29:58","guid":{"rendered":"http:\/\/klubmamgdynia.pl\/index.php\/produkt\/dakar-desert-rally-gra-xbox-series-x\/"},"modified":"2026-04-30T22:53:35","modified_gmt":"2026-04-30T20:53:35","slug":"dakar-desert-rally-gra-xbox-series-x","status":"publish","type":"product","link":"http:\/\/klubmamgdynia.pl\/index.php\/produkt\/dakar-desert-rally-gra-xbox-series-x\/","title":{"rendered":"Dakar Desert Rally (Gra Xbox Series X)"},"content":{"rendered":"<p>Dakar Desert Rally to gra wy\u015bcigowa o tematyce rajdowej. Produkcj\u0119 opracowa\u0142o studio Saber Porto, dawniej znane jako Bigmoon Entertainment.<\/p>\n<p>Zgodnie z tytu\u0142em, gra pozwala wzi\u0105\u0107 udzia\u0142 w s\u0142ynnym rajdzie terenowym Dakar organizowanym przez Amaury Sport Organisation. Autorzy uzyskali wszystkie potrzebne licencje, dzi\u0119ki czemu w produkcji znajdziemy znane z prawdziwych zawod\u00f3w lokacje, auta, kierowc\u00f3w i dru\u017cyny.\u00a0                            <\/p>\n<p>Dakar Desert Rally to gra wy\u015bcigowa odtwarzaj\u0105ca s\u0142ynny rajd. Zabawa toczy si\u0119 w otwartym \u015bwiecie ze zmiennymi warunkami pogodowymi i r\u00f3\u017cnorodnymi lokacjami, a istotnym elementem rozgrywki jest psucie si\u0119 aut oraz ich naprawa.                            <\/p>\n<p>Dakar Desert Rally odtwarza edycje 2020 i 2021 rajdu. Gracze mog\u0105 bawi\u0107 si\u0119 na ponad 30. starannie odtworzonych etapach w ramach wielkiego otwartego \u015bwiata.<\/p>\n<p>Gra symuluje zmieniaj\u0105ce si\u0119 pory roku i warunki pogodowe, co wp\u0142ywa na rozgrywk\u0119. Gracze musz\u0105 radzi\u0107 sobie z m.in. burzami piaskowymi, ulewami i opadami \u015bniegu. Inaczej auta zachowuj\u0105 si\u0119 na piaskach pustyni, a inaczej jad\u0105c przez g\u0142\u0119bokie b\u0142oto.<\/p>\n<p>Podczas rywalizacje kluczow\u0105 rol\u0119 odgrywa psucie si\u0119 sprz\u0119tu. Gra automatycznie przydziela ograniczone liczby punkt\u00f3w naprawy, ale mo\u017cemy je zwi\u0119ksza\u0107 holuj\u0105c zepsute auta rywali i pomagaj\u0105c im wydosta\u0107 si\u0119 z niebezpiecznych sytuacji. Kierowcy sterowani przez sztuczn\u0105 inteligencj\u0119 r\u00f3wnie\u017c potrafi\u0105 nas poratowa\u0107 w razie potrzeby.<\/p>\n<p><\/p>\n<h2>Dakar Desert Rally (Gra Xbox Series X) Saber Interactive<\/h2>\n<p>wycinanki puzzle do druku, kolorowanka ksi\u0119\u017cniczka, szopka do druku, co na roczek dla ch\u0142opca<\/p>\n<p>yyyyy<\/p>\n<p>&nbsp;<\/p>\n","protected":false},"excerpt":{"rendered":"<p>Dakar Desert Rally to gra wy\u015bcigowa o tematyce rajdowej. Produkcj\u0119 opracowa\u0142o studio Saber Porto, dawniej znane jako Bigmoon Entertainment. Zgodnie z tytu\u0142em, gra pozwala wzi\u0105\u0107 udzia\u0142 w s\u0142ynnym rajdzie terenowym Dakar organizowanym przez Amaury Sport Organisation. Autorzy uzyskali wszystkie potrzebne licencje, dzi\u0119ki czemu w produkcji znajdziemy znane z prawdziwych zawod\u00f3w lokacje, auta, kierowc\u00f3w i dru\u017cyny.\u00a0 [&hellip;]<\/p>\n","protected":false},"featured_media":8500,"comment_status":"closed","ping_status":"open","template":"","meta":[],"product_cat":[377,1725],"product_tag":[728,854,798,621],"class_list":["post-8499","product","type-product","status-publish","has-post-thumbnail","hentry","product_cat-gry-xbox-series-x","product_cat-saber-interactive","product_tag-bezwarunkowa-milosc-do-dziecka-cytaty","product_tag-cytaty-rodzina","product_tag-prezenty-dla-nastolatki","product_tag-prezenty-roczek"],"_links":{"self":[{"href":"http:\/\/klubmamgdynia.pl\/index.php\/wp-json\/wp\/v2\/product\/8499","targetHints":{"allow":["GET"]}}],"collection":[{"href":"http:\/\/klubmamgdynia.pl\/index.php\/wp-json\/wp\/v2\/product"}],"about":[{"href":"http:\/\/klubmamgdynia.pl\/index.php\/wp-json\/wp\/v2\/types\/product"}],"replies":[{"embeddable":true,"href":"http:\/\/klubmamgdynia.pl\/index.php\/wp-json\/wp\/v2\/comments?post=8499"}],"wp:featuredmedia":[{"embeddable":true,"href":"http:\/\/klubmamgdynia.pl\/index.php\/wp-json\/wp\/v2\/media\/8500"}],"wp:attachment":[{"href":"http:\/\/klubmamgdynia.pl\/index.php\/wp-json\/wp\/v2\/media?parent=8499"}],"wp:term":[{"taxonomy":"product_cat","embeddable":true,"href":"http:\/\/klubmamgdynia.pl\/index.php\/wp-json\/wp\/v2\/product_cat?post=8499"},{"taxonomy":"product_tag","embeddable":true,"href":"http:\/\/klubmamgdynia.pl\/index.php\/wp-json\/wp\/v2\/product_tag?post=8499"}],"curies":[{"name":"wp","href":"https:\/\/api.w.org\/{rel}","templated":true}]}}