{"id":8501,"date":"2020-04-01T14:25:41","date_gmt":"2020-04-01T12:25:41","guid":{"rendered":"http:\/\/klubmamgdynia.pl\/index.php\/produkt\/swede-klocki-konstrukcyjne-slomki-rurki-patyczki-300el\/"},"modified":"2026-04-06T02:51:32","modified_gmt":"2026-04-06T00:51:32","slug":"swede-klocki-konstrukcyjne-slomki-rurki-patyczki-300el","status":"publish","type":"product","link":"http:\/\/klubmamgdynia.pl\/index.php\/produkt\/swede-klocki-konstrukcyjne-slomki-rurki-patyczki-300el\/","title":{"rendered":"Swede Klocki Konstrukcyjne S\u0142omki Rurki Patyczki 300El"},"content":{"rendered":"<p>Zabawka dla dzieci od 3 lat. Podane wymiary s\u0105 wymiarami opakowania. Zabawka zapakowana w przezroczyste pude\u0142ko.<\/p>\n<h2>Swede Klocki Konstrukcyjne S\u0142omki Rurki Patyczki 300El Swede<\/h2>\n<p>lato, pola znaczenie imienia, mira imie, quizy dla dzieci 8 lat, zagadki dla dzieci 7-8 lat, smok wawelski kolorowanka, zaproszenie na urodziny, pola imie, wzory zaprosze\u0144 zaproszenie na urodziny szablon do druku, opowie\u015bci z narni lew czarownica i stara szafa test, bajka krecik, imi\u0119 nela, atrakcje dla dzieci warszawa i okolice, imi\u0119 pola, opisy do zdj\u0119\u0107 z dzieckiem, kolorowanka sky, zagadki z odpowiedziami<\/p>\n<p>yyyyy<\/p>\n<p>&nbsp;<\/p>\n","protected":false},"excerpt":{"rendered":"<p>Zabawka dla dzieci od 3 lat. Podane wymiary s\u0105 wymiarami opakowania. Zabawka zapakowana w przezroczyste pude\u0142ko. Swede Klocki Konstrukcyjne S\u0142omki Rurki Patyczki 300El Swede lato, pola znaczenie imienia, mira imie, quizy dla dzieci 8 lat, zagadki dla dzieci 7-8 lat, smok wawelski kolorowanka, zaproszenie na urodziny, pola imie, wzory zaprosze\u0144 zaproszenie na urodziny szablon do [&hellip;]<\/p>\n","protected":false},"featured_media":8502,"comment_status":"closed","ping_status":"open","template":"","meta":[],"product_cat":[113,171],"product_tag":[828,639,647,679],"class_list":["post-8501","product","type-product","status-publish","has-post-thumbnail","hentry","product_cat-klocki","product_cat-swede","product_tag-filmy-wigilijne-dla-dzieci","product_tag-nela-imie","product_tag-warszawa-z-dzieckiem","product_tag-zabawki-na-roczek-dla-dziewczynki"],"_links":{"self":[{"href":"http:\/\/klubmamgdynia.pl\/index.php\/wp-json\/wp\/v2\/product\/8501","targetHints":{"allow":["GET"]}}],"collection":[{"href":"http:\/\/klubmamgdynia.pl\/index.php\/wp-json\/wp\/v2\/product"}],"about":[{"href":"http:\/\/klubmamgdynia.pl\/index.php\/wp-json\/wp\/v2\/types\/product"}],"replies":[{"embeddable":true,"href":"http:\/\/klubmamgdynia.pl\/index.php\/wp-json\/wp\/v2\/comments?post=8501"}],"wp:featuredmedia":[{"embeddable":true,"href":"http:\/\/klubmamgdynia.pl\/index.php\/wp-json\/wp\/v2\/media\/8502"}],"wp:attachment":[{"href":"http:\/\/klubmamgdynia.pl\/index.php\/wp-json\/wp\/v2\/media?parent=8501"}],"wp:term":[{"taxonomy":"product_cat","embeddable":true,"href":"http:\/\/klubmamgdynia.pl\/index.php\/wp-json\/wp\/v2\/product_cat?post=8501"},{"taxonomy":"product_tag","embeddable":true,"href":"http:\/\/klubmamgdynia.pl\/index.php\/wp-json\/wp\/v2\/product_tag?post=8501"}],"curies":[{"name":"wp","href":"https:\/\/api.w.org\/{rel}","templated":true}]}}