{"id":8507,"date":"2019-02-03T14:41:52","date_gmt":"2019-02-03T13:41:52","guid":{"rendered":"http:\/\/klubmamgdynia.pl\/index.php\/produkt\/mam-trainer-night-220-ml-seal-in-green-r-125ml-250ml\/"},"modified":"2026-04-30T01:31:35","modified_gmt":"2026-04-29T23:31:35","slug":"mam-trainer-night-220-ml-seal-in-green-r-125ml-250ml","status":"publish","type":"product","link":"http:\/\/klubmamgdynia.pl\/index.php\/produkt\/mam-trainer-night-220-ml-seal-in-green-r-125ml-250ml\/","title":{"rendered":"Mam Trainer+ Night 220 Ml Seal In Green &#8211; R. 125Ml-250Ml"},"content":{"rendered":"<p>MAM Trainer+ Night &#8211; dla \u0142atwego przej\u015bcia z karmienia piersi\u0105 lub butelk\u0105 do kubka. MAM Trainer+ Night zosta\u0142 opracowany, aby u\u0142atwi\u0107 Tobie i Twojemu dziecku przej\u015bcie z karmienia piersi\u0105 lub butelk\u0105 do kubka. Dwie mo\u017cliwe kombinacje wprowadzaj\u0105 dziecko do samodzielnego picia. W pierwszym etapie korpus butelki jest \u0142\u0105czony ze smoczkiem. Dzi\u0119ki szczelinowemu otworowi nie kapie z niego woda. Dzi\u0119ki temu dziecko mo\u017ce samodzielnie kontrolowa\u0107 przep\u0142yw napoju. Specjalny kszta\u0142t smoczka i jego listwy konstrukcyjne od wewn\u0105trz, kt\u00f3re zapobiegaj\u0105 zapadaniu si\u0119 smoczka podczas picia, zapewniaj\u0105 przyjemne doznania podczas picia.Po zako\u0144czeniu pierwszych samodzielnych pr\u00f3b picia korpus butelki \u0142\u0105czony jest z wylewk\u0105 do picia MAM . Nie posiada zaworu, ale dzi\u0119ki swojemu specjalnemu kszta\u0142towi jest szczelny. Twoje dziecko mo\u017ce samo regulowa\u0107 strumie\u0144 picia, co u\u0142atwia przej\u015bcie do kubka. Zar\u00f3wno smoczek jak i wylewka wykonane s\u0105 ze specjalnego silikonu MAM SkinSoft, kt\u00f3ry jest szczeg\u00f3lnie mi\u0119kki i przyjemny w dotyku, daj\u0105c dziecku komfortowe, znajome uczucie. Dzi\u0119ki szerokim otworom opr\u00f3\u017cniaj\u0105cym kubek mo\u017cna go nape\u0142ni\u0107 i wyczy\u015bci\u0107, a zakr\u0119tka umo\u017cliwia higieniczny transport. Uchwyty butelek s\u0105 ergonomiczne, bardzo ma\u0142e i antypo\u015blizgowe &#8211; idealne dla ma\u0142ych r\u0105czek dziecka. Dodatkowo, uchwyty \u015bwiec\u0105 w ciemno\u015bci, dzi\u0119ki czemu s\u0105 \u0142atwe do odnalezienia przez dzieci i rodzic\u00f3w, co zapewnia spokojniejsze noce. MAM Trainer+ spe\u0142nia wymagania normy EN 14350 i jest oczywi\u015bcie wolny od BPA, BPS i metal l. Mo\u017cna go my\u0107 w zmywarce i jest odpowiedni dla niemowl\u0105t od 4+ miesi\u0119cy. Szczeg\u00f3\u0142y produktu: Odpowiednie dla dzieci od 4 miesi\u0105ca \u017cycia Kubek do nauki o pojemno\u015bci 220 ml Na przej\u015bcie z karmienia piersi\u0105 z butelki do kubka \u015awiec\u0105ce w ciemno\u015bci uchwyty Zestaw zawieraj\u0105cy korpus butelki, niekapi\u0105cy smoczek, wylewk\u0119 do picia Szeroki otw\u00f3r u\u0142atwiaj\u0105cy nape\u0142nianie i czyszczenie Kolor: Zielony<\/p>\n<h2>Mam Trainer+ Night 220 Ml Seal In Green &#8211; R. 125Ml-250Ml MAM<\/h2>\n<p>borys imi\u0119, film o \u015bwi\u0119tach dla dzieci, na roczek dla dziewczynki, fabian, z\u0142ote my\u015bli cytaty o szkole i nauce, kolorowanki pieski, kolorowanki lato, kolorowanka flamingi, \u015bmieszne zagadki z odpowiedziami, sa\u0142atki dla dzieci, quiz flagi \u015bwiata, zabawy halloweenowe dla dzieci, zak\u0142adka do ksi\u0105\u017cki szablon do druku, pokemon kolorowanki do druku, wzory zaprosze\u0144 zaproszenie na urodziny do druku pdf, irma, test miko\u0142ajek 25 pyta\u0144, plan lekcji do druku<\/p>\n<p>yyyyy<\/p>\n<p>&nbsp;<\/p>\n","protected":false},"excerpt":{"rendered":"<p>MAM Trainer+ Night &#8211; dla \u0142atwego przej\u015bcia z karmienia piersi\u0105 lub butelk\u0105 do kubka. MAM Trainer+ Night zosta\u0142 opracowany, aby u\u0142atwi\u0107 Tobie i Twojemu dziecku przej\u015bcie z karmienia piersi\u0105 lub butelk\u0105 do kubka. Dwie mo\u017cliwe kombinacje wprowadzaj\u0105 dziecko do samodzielnego picia. W pierwszym etapie korpus butelki jest \u0142\u0105czony ze smoczkiem. Dzi\u0119ki szczelinowemu otworowi nie kapie [&hellip;]<\/p>\n","protected":false},"featured_media":8508,"comment_status":"closed","ping_status":"open","template":"","meta":[],"product_cat":[195,233],"product_tag":[864,870,809],"class_list":["post-8507","product","type-product","status-publish","has-post-thumbnail","hentry","product_cat-butelki","product_cat-mam","product_tag-basen-warszawa","product_tag-prezent-dla-chlopca-na-roczek","product_tag-zagadki"],"_links":{"self":[{"href":"http:\/\/klubmamgdynia.pl\/index.php\/wp-json\/wp\/v2\/product\/8507","targetHints":{"allow":["GET"]}}],"collection":[{"href":"http:\/\/klubmamgdynia.pl\/index.php\/wp-json\/wp\/v2\/product"}],"about":[{"href":"http:\/\/klubmamgdynia.pl\/index.php\/wp-json\/wp\/v2\/types\/product"}],"replies":[{"embeddable":true,"href":"http:\/\/klubmamgdynia.pl\/index.php\/wp-json\/wp\/v2\/comments?post=8507"}],"wp:featuredmedia":[{"embeddable":true,"href":"http:\/\/klubmamgdynia.pl\/index.php\/wp-json\/wp\/v2\/media\/8508"}],"wp:attachment":[{"href":"http:\/\/klubmamgdynia.pl\/index.php\/wp-json\/wp\/v2\/media?parent=8507"}],"wp:term":[{"taxonomy":"product_cat","embeddable":true,"href":"http:\/\/klubmamgdynia.pl\/index.php\/wp-json\/wp\/v2\/product_cat?post=8507"},{"taxonomy":"product_tag","embeddable":true,"href":"http:\/\/klubmamgdynia.pl\/index.php\/wp-json\/wp\/v2\/product_tag?post=8507"}],"curies":[{"name":"wp","href":"https:\/\/api.w.org\/{rel}","templated":true}]}}