{"id":8509,"date":"2017-01-20T23:13:16","date_gmt":"2017-01-20T22:13:16","guid":{"rendered":"http:\/\/klubmamgdynia.pl\/index.php\/produkt\/gra-planszowa-nasza-ksiegarnia-to-jest-napad\/"},"modified":"2026-05-17T23:06:09","modified_gmt":"2026-05-17T21:06:09","slug":"gra-planszowa-nasza-ksiegarnia-to-jest-napad","status":"publish","type":"product","link":"http:\/\/klubmamgdynia.pl\/index.php\/produkt\/gra-planszowa-nasza-ksiegarnia-to-jest-napad\/","title":{"rendered":"Gra planszowa Nasza Ksi\u0119garnia To Jest Napad!"},"content":{"rendered":"<p>Elliot wyszed\u0142 z wi\u0119zienia i pracuje na stacji benzynowej nale\u017c\u0105cej do jego ojczyma. Ty jako pocz\u0105tkuj\u0105cy bandyta decydujesz si\u0119 okra\u015b\u0107 to miejsce&#8230; i nie ma co owija\u0107 w bawe\u0142n\u0119, nie wypadasz najlepiej. Na szcz\u0119\u015bcie Elliot decyduje si\u0119 nauczy\u0107 Ci\u0119 podstaw tego zawodu, pod warunkiem, \u017ce udowodnisz swoj\u0105 warto\u015b\u0107. Wybieraj miejsca w\u0142ama\u0144, uwa\u017cnie dobieraj ekwipunek i rozwijaj swe umiej\u0119tno\u015bci, aby sta\u0107 si\u0119 najwi\u0119kszym gangsterem USA. Komiks paragrafowy to niezwyk\u0142a okazja, aby czytelnik, a zarazem gracz, sta\u0142 si\u0119 bohaterem niezwyk\u0142ej przygody i stworzy\u0142 swoj\u0105 w\u0142asn\u0105 fabu\u0142\u0119. Wybiera posta\u0107, w kt\u00f3r\u0105 chce si\u0119 wcieli\u0107, i poruszaj\u0105c si\u0119 pomi\u0119dzy ponumerowanymi kadrami, decyduje o jej losach. Dlaczego komiksy paragrafowe s\u0105 tak wci\u0105gaj\u0105ce, pe\u0142ne emocji i bez reszty anga\u017cuj\u0105 gracza? Poniewa\u017c istnieje wiele sposob\u00f3w na zako\u0144czenie rozgrywki, a czasem r\u00f3wnie\u017c wiele zako\u0144cze\u0144 komiksu. Wszystko zale\u017cy wybor\u00f3w, jakich dokonuje gracz, co sprawia, \u017ce komiksy paragrafowe mo\u017cna czyta\u0107 wiele razy, z rosn\u0105c\u0105 ciekawo\u015bci\u0105. Starannie przemy\u015blana mechanika gry, \u015bwietna kreska rysownik\u00f3w na d\u0142ugo zatrzymaj\u0105 gracza w \u015bwiecie walecznych rycerzy, wilko\u0142ak\u00f3w i wampir\u00f3w, londy\u0144skich detektyw\u00f3w i nieustraszonej \u0142owczyni nagr\u00f3d.<\/p>\n<h2>Gra planszowa Nasza Ksi\u0119garnia To Jest Napad! Nasza Ksi\u0119garnia<\/h2>\n<p>minecraft quiz, laurka dla mamy rysunek, Keyword, cytat o mamie, ziemia wyspa zielona tekst, karaluchy pod poduchy, adriana imi\u0119, test z lektury miko\u0142ajek do druku, kr\u00f3tkie zagadki dla dzieci, pewna \u017caba by\u0142a s\u0142aba, pomys\u0142 na prezent dla nastolatka, uk\u0142ad s\u0142oneczny kolorowanka<\/p>\n<p>yyyyy<\/p>\n<p>&nbsp;<\/p>\n","protected":false},"excerpt":{"rendered":"<p>Elliot wyszed\u0142 z wi\u0119zienia i pracuje na stacji benzynowej nale\u017c\u0105cej do jego ojczyma. Ty jako pocz\u0105tkuj\u0105cy bandyta decydujesz si\u0119 okra\u015b\u0107 to miejsce&#8230; i nie ma co owija\u0107 w bawe\u0142n\u0119, nie wypadasz najlepiej. Na szcz\u0119\u015bcie Elliot decyduje si\u0119 nauczy\u0107 Ci\u0119 podstaw tego zawodu, pod warunkiem, \u017ce udowodnisz swoj\u0105 warto\u015b\u0107. Wybieraj miejsca w\u0142ama\u0144, uwa\u017cnie dobieraj ekwipunek i [&hellip;]<\/p>\n","protected":false},"featured_media":8510,"comment_status":"closed","ping_status":"open","template":"","meta":[],"product_cat":[235,374],"product_tag":[761,853,775,581],"class_list":["post-8509","product","type-product","status-publish","has-post-thumbnail","hentry","product_cat-gry-planszowe","product_cat-nasza-ksiegarnia","product_tag-choinko-piekna-jak-las-tekst","product_tag-kolorowanki-do-druku-dla-doroslych","product_tag-kolorowanki-do-druku-pokemon","product_tag-zagadki-dla-8-latka"],"_links":{"self":[{"href":"http:\/\/klubmamgdynia.pl\/index.php\/wp-json\/wp\/v2\/product\/8509","targetHints":{"allow":["GET"]}}],"collection":[{"href":"http:\/\/klubmamgdynia.pl\/index.php\/wp-json\/wp\/v2\/product"}],"about":[{"href":"http:\/\/klubmamgdynia.pl\/index.php\/wp-json\/wp\/v2\/types\/product"}],"replies":[{"embeddable":true,"href":"http:\/\/klubmamgdynia.pl\/index.php\/wp-json\/wp\/v2\/comments?post=8509"}],"wp:featuredmedia":[{"embeddable":true,"href":"http:\/\/klubmamgdynia.pl\/index.php\/wp-json\/wp\/v2\/media\/8510"}],"wp:attachment":[{"href":"http:\/\/klubmamgdynia.pl\/index.php\/wp-json\/wp\/v2\/media?parent=8509"}],"wp:term":[{"taxonomy":"product_cat","embeddable":true,"href":"http:\/\/klubmamgdynia.pl\/index.php\/wp-json\/wp\/v2\/product_cat?post=8509"},{"taxonomy":"product_tag","embeddable":true,"href":"http:\/\/klubmamgdynia.pl\/index.php\/wp-json\/wp\/v2\/product_tag?post=8509"}],"curies":[{"name":"wp","href":"https:\/\/api.w.org\/{rel}","templated":true}]}}